{"id":37147,"date":"2026-05-05T08:56:25","date_gmt":"2026-05-05T08:56:25","guid":{"rendered":"https:\/\/accrosport.tn\/?post_type=product&#038;p=37147"},"modified":"2026-05-11T15:56:07","modified_gmt":"2026-05-11T15:56:07","slug":"basket-joma-c-heos-homme-2503-bleu-marine","status":"publish","type":"product","link":"https:\/\/accrosport.tn\/index.php\/product\/basket-joma-c-heos-homme-2503-bleu-marine\/","title":{"rendered":"Basket JOMA C.heos homme 2503 bleu marine"},"content":{"rendered":"<p>Chaussures casual pour hommes. La variation des Platea \u00e0 tige basse compl\u00e8te cette ligne tendance. Son design inspir\u00e9 des mod\u00e8les de basket-ball apporte une touche de style suppl\u00e9mentaire aux tenues quotidiennes.<\/p>\n","protected":false},"excerpt":{"rendered":"<p>Chaussures casual pour hommes. La variation des Platea \u00e0 tige basse compl\u00e8te cette ligne tendance. Son design inspir\u00e9 des mod\u00e8les de basket-ball apporte une touche de style suppl\u00e9mentaire aux tenues quotidiennes.<\/p>\n","protected":false},"featured_media":37164,"template":"","meta":[],"product_brand":[],"product_cat":[78,61,33,113],"product_tag":[],"class_list":{"0":"post-37147","1":"product","2":"type-product","3":"status-publish","4":"has-post-thumbnail","6":"product_cat-casual","7":"product_cat-chaussures-homme","8":"product_cat-homme","9":"product_cat-sport","10":"pa_taille-645","11":"pa_taille-646","12":"pa_taille-649","13":"pa_taille-650","14":"pa_taille-651","15":"pa_taille-653","16":"pa_taille-656","18":"first","19":"outofstock","20":"sale","21":"purchasable","22":"product-type-variable"},"_links":{"self":[{"href":"https:\/\/accrosport.tn\/index.php\/wp-json\/wp\/v2\/product\/37147","targetHints":{"allow":["GET"]}}],"collection":[{"href":"https:\/\/accrosport.tn\/index.php\/wp-json\/wp\/v2\/product"}],"about":[{"href":"https:\/\/accrosport.tn\/index.php\/wp-json\/wp\/v2\/types\/product"}],"wp:featuredmedia":[{"embeddable":true,"href":"https:\/\/accrosport.tn\/index.php\/wp-json\/wp\/v2\/media\/37164"}],"wp:attachment":[{"href":"https:\/\/accrosport.tn\/index.php\/wp-json\/wp\/v2\/media?parent=37147"}],"wp:term":[{"taxonomy":"product_brand","embeddable":true,"href":"https:\/\/accrosport.tn\/index.php\/wp-json\/wp\/v2\/product_brand?post=37147"},{"taxonomy":"product_cat","embeddable":true,"href":"https:\/\/accrosport.tn\/index.php\/wp-json\/wp\/v2\/product_cat?post=37147"},{"taxonomy":"product_tag","embeddable":true,"href":"https:\/\/accrosport.tn\/index.php\/wp-json\/wp\/v2\/product_tag?post=37147"}],"curies":[{"name":"wp","href":"https:\/\/api.w.org\/{rel}","templated":true}]}}