{"id":37109,"date":"2026-05-05T08:22:24","date_gmt":"2026-05-05T08:22:24","guid":{"rendered":"https:\/\/accrosport.tn\/?post_type=product&#038;p=37109"},"modified":"2026-05-11T15:56:07","modified_gmt":"2026-05-11T15:56:07","slug":"chaussures-running-elite-men-2503-homme-bleu-marine","status":"publish","type":"product","link":"https:\/\/accrosport.tn\/index.php\/product\/chaussures-running-elite-men-2503-homme-bleu-marine\/","title":{"rendered":"Chaussures running Elite Men 2503 homme bleu marine"},"content":{"rendered":"<p>Tige en mesh l\u00e9ger et respirant. Le syst\u00e8me de ventilation VTS permet d&rsquo;\u00e9vacuer la transpiration et de garder le pied frais \u00e0 l&rsquo;int\u00e9rieur des baskets.<\/p>\n<p>Semelle interm\u00e9diaire en phylon d&rsquo;une seule pi\u00e8ce, riche en confort, flexibilit\u00e9 et amorti.<\/p>\n<p>Semelle en caoutchouc r\u00e9sistant \u00e0 l&rsquo;abrasion sur l&rsquo;asphalte.<\/p>\n","protected":false},"excerpt":{"rendered":"<p>Chaussures de course pour homme. Les \u00c9lite font partie de notre gamme de running d\u00e9contract\u00e9. Polyvalence, confort et respirabilit\u00e9 dans une seule paire de chaussures.<\/p>\n","protected":false},"featured_media":37116,"template":"","meta":[],"product_brand":[],"product_cat":[61,33,77,114,113],"product_tag":[],"class_list":{"0":"post-37109","1":"product","2":"type-product","3":"status-publish","4":"has-post-thumbnail","6":"product_cat-chaussures-homme","7":"product_cat-homme","8":"product_cat-running","9":"product_cat-running-sport","10":"product_cat-sport","11":"pa_taille-645","12":"pa_taille-646","13":"pa_taille-649","14":"pa_taille-650","15":"pa_taille-651","16":"pa_taille-653","18":"first","19":"outofstock","20":"sale","21":"purchasable","22":"product-type-variable"},"_links":{"self":[{"href":"https:\/\/accrosport.tn\/index.php\/wp-json\/wp\/v2\/product\/37109","targetHints":{"allow":["GET"]}}],"collection":[{"href":"https:\/\/accrosport.tn\/index.php\/wp-json\/wp\/v2\/product"}],"about":[{"href":"https:\/\/accrosport.tn\/index.php\/wp-json\/wp\/v2\/types\/product"}],"wp:featuredmedia":[{"embeddable":true,"href":"https:\/\/accrosport.tn\/index.php\/wp-json\/wp\/v2\/media\/37116"}],"wp:attachment":[{"href":"https:\/\/accrosport.tn\/index.php\/wp-json\/wp\/v2\/media?parent=37109"}],"wp:term":[{"taxonomy":"product_brand","embeddable":true,"href":"https:\/\/accrosport.tn\/index.php\/wp-json\/wp\/v2\/product_brand?post=37109"},{"taxonomy":"product_cat","embeddable":true,"href":"https:\/\/accrosport.tn\/index.php\/wp-json\/wp\/v2\/product_cat?post=37109"},{"taxonomy":"product_tag","embeddable":true,"href":"https:\/\/accrosport.tn\/index.php\/wp-json\/wp\/v2\/product_tag?post=37109"}],"curies":[{"name":"wp","href":"https:\/\/api.w.org\/{rel}","templated":true}]}}