{"id":37094,"date":"2026-05-05T08:14:00","date_gmt":"2026-05-05T08:14:00","guid":{"rendered":"https:\/\/accrosport.tn\/?post_type=product&#038;p=37094"},"modified":"2026-05-05T08:21:10","modified_gmt":"2026-05-05T08:21:10","slug":"chaussures-casual-cipres-men-2523-homme-vert","status":"publish","type":"product","link":"https:\/\/accrosport.tn\/index.php\/product\/chaussures-casual-cipres-men-2523-homme-vert\/","title":{"rendered":"Chaussures casual Cipres Men 2523 homme vert"},"content":{"rendered":"<p>Tige principalement en mesh respirant et l\u00e9ger. L&rsquo;incorporation du syst\u00e8me de ventilation VTS permet l&rsquo;\u00e9vacuation de la transpiration. Le syst\u00e8me de r\u00e9glage thermoscell\u00e9 JOMA SPORTECH offre le maintien n\u00e9cessaire pour que la chaussure s&rsquo;adapte confortablement au pied.<\/p>\n<p>Semelle int\u00e9rieure MEMORY FOAM en mousse et base en EVA thermoform\u00e9e pour s&rsquo;adapter compl\u00e8tement \u00e0 la foul\u00e9e et la rendre plus douce. Elle pr\u00e9sente des perforations VTS pour la rendre plus respirante.<\/p>\n<p>Semelle interm\u00e9diaire r\u00e9active et amortissante, \u00e9labor\u00e9e avec REACTIVE BALL. Ce mat\u00e9riau absorbe les chocs et, associ\u00e9 \u00e0 la plaque REACTIVE STEP, redonne un bon \u00e9lan.<\/p>\n<p>Semelle SLIP RESISTANT. La finition antid\u00e9rapante r\u00e9duit le risque de glissade pour marcher en toute s\u00e9curit\u00e9 et contr\u00f4ler la foul\u00e9e.<\/p>\n","protected":false},"excerpt":{"rendered":"<p>Chaussures de sport pour homme. Tirez le meilleur parti de vos chaussures de marche gr\u00e2ce \u00e0 l&rsquo;incorporation de la plaque REACTIVE STEP, qui active chaque pas. Elles aident \u00e0 obtenir plus d&rsquo;\u00e9lan et \u00e0 augmenter le rythme de la marche.<\/p>\n","protected":false},"featured_media":37102,"template":"","meta":[],"product_brand":[],"product_cat":[78,61,33,114,113],"product_tag":[],"class_list":{"0":"post-37094","1":"product","2":"type-product","3":"status-publish","4":"has-post-thumbnail","6":"product_cat-casual","7":"product_cat-chaussures-homme","8":"product_cat-homme","9":"product_cat-running-sport","10":"product_cat-sport","11":"pa_taille-645","12":"pa_taille-646","13":"pa_taille-650","14":"pa_taille-651","15":"pa_taille-653","17":"first","18":"outofstock","19":"sale","20":"purchasable","21":"product-type-variable"},"_links":{"self":[{"href":"https:\/\/accrosport.tn\/index.php\/wp-json\/wp\/v2\/product\/37094","targetHints":{"allow":["GET"]}}],"collection":[{"href":"https:\/\/accrosport.tn\/index.php\/wp-json\/wp\/v2\/product"}],"about":[{"href":"https:\/\/accrosport.tn\/index.php\/wp-json\/wp\/v2\/types\/product"}],"wp:featuredmedia":[{"embeddable":true,"href":"https:\/\/accrosport.tn\/index.php\/wp-json\/wp\/v2\/media\/37102"}],"wp:attachment":[{"href":"https:\/\/accrosport.tn\/index.php\/wp-json\/wp\/v2\/media?parent=37094"}],"wp:term":[{"taxonomy":"product_brand","embeddable":true,"href":"https:\/\/accrosport.tn\/index.php\/wp-json\/wp\/v2\/product_brand?post=37094"},{"taxonomy":"product_cat","embeddable":true,"href":"https:\/\/accrosport.tn\/index.php\/wp-json\/wp\/v2\/product_cat?post=37094"},{"taxonomy":"product_tag","embeddable":true,"href":"https:\/\/accrosport.tn\/index.php\/wp-json\/wp\/v2\/product_tag?post=37094"}],"curies":[{"name":"wp","href":"https:\/\/api.w.org\/{rel}","templated":true}]}}