{"id":36795,"date":"2025-12-23T10:28:33","date_gmt":"2025-12-23T10:28:33","guid":{"rendered":"https:\/\/accrosport.tn\/?post_type=product&#038;p=36795"},"modified":"2026-04-30T00:11:00","modified_gmt":"2026-04-30T00:11:00","slug":"anorack-pro","status":"publish","type":"product","link":"https:\/\/accrosport.tn\/index.php\/product\/anorack-pro\/","title":{"rendered":"ANORACK PRO"},"content":{"rendered":"","protected":false},"excerpt":{"rendered":"<p>Ce produit est destin\u00e9 aux clubs sportifs, aux \u00e9coles, aux organisateurs d&rsquo;\u00e9v\u00e9nements sportifs, aux coll\u00e8ges, aux universit\u00e9s et \u00e0 tous les types de sports. Sa disponibilit\u00e9 est soumise \u00e0 la disponibilit\u00e9 des stocks. En cas d&rsquo;indisponibilit\u00e9, un mod\u00e8le similaire vous sera propos\u00e9.<\/p>\n<p>Ce produit est destin\u00e9 aux entreprises, clubs, \u00e9coles, associations, groupes, agences de publicit\u00e9, organisateurs d&rsquo;\u00e9v\u00e9nements, etc.<\/p>\n","protected":false},"featured_media":36799,"template":"","meta":[],"product_brand":[],"product_cat":[33,60],"product_tag":[],"class_list":{"0":"post-36795","1":"product","2":"type-product","3":"status-publish","4":"has-post-thumbnail","6":"product_cat-homme","7":"product_cat-parkas-homme","8":"pa_couleur-navy-blue","9":"pa_couleur-noir","10":"pa_taille-l","11":"pa_taille-m","12":"pa_taille-s","13":"pa_taille-xl","14":"pa_taille-xxl","16":"first","17":"outofstock","18":"sale","19":"purchasable","20":"product-type-variable"},"_links":{"self":[{"href":"https:\/\/accrosport.tn\/index.php\/wp-json\/wp\/v2\/product\/36795","targetHints":{"allow":["GET"]}}],"collection":[{"href":"https:\/\/accrosport.tn\/index.php\/wp-json\/wp\/v2\/product"}],"about":[{"href":"https:\/\/accrosport.tn\/index.php\/wp-json\/wp\/v2\/types\/product"}],"wp:featuredmedia":[{"embeddable":true,"href":"https:\/\/accrosport.tn\/index.php\/wp-json\/wp\/v2\/media\/36799"}],"wp:attachment":[{"href":"https:\/\/accrosport.tn\/index.php\/wp-json\/wp\/v2\/media?parent=36795"}],"wp:term":[{"taxonomy":"product_brand","embeddable":true,"href":"https:\/\/accrosport.tn\/index.php\/wp-json\/wp\/v2\/product_brand?post=36795"},{"taxonomy":"product_cat","embeddable":true,"href":"https:\/\/accrosport.tn\/index.php\/wp-json\/wp\/v2\/product_cat?post=36795"},{"taxonomy":"product_tag","embeddable":true,"href":"https:\/\/accrosport.tn\/index.php\/wp-json\/wp\/v2\/product_tag?post=36795"}],"curies":[{"name":"wp","href":"https:\/\/api.w.org\/{rel}","templated":true}]}}