{"id":36782,"date":"2025-12-23T08:45:38","date_gmt":"2025-12-23T08:45:38","guid":{"rendered":"https:\/\/accrosport.tn\/?post_type=product&#038;p=36782"},"modified":"2025-12-23T08:55:46","modified_gmt":"2025-12-23T08:55:46","slug":"anorak-homme-urban-iv-bleu-marine","status":"publish","type":"product","link":"https:\/\/accrosport.tn\/index.php\/product\/anorak-homme-urban-iv-bleu-marine\/","title":{"rendered":"Anorak homme Urban IV bleu marine"},"content":{"rendered":"<p>Anorak de 3\/4 de longueur avec fermeture \u00e9clair et liser\u00e9s aux poignets pour un ajustement optimal. Col haut, capuche amovible, poches lat\u00e9rales \u00e0 fermeture \u00e9clair et poche int\u00e9rieure suppl\u00e9mentaire. Logo brod\u00e9.<\/p>\n<div class=\"col-12 col-lg-4 p-0\">\n<h2>Caract\u00e9ristiques<\/h2>\n<ul class=\"features list\">\n<li>Longueur 3\/4<\/li>\n<li>Fermeture zip<\/li>\n<li>Poignets en jersey c\u00f4tel\u00e9<\/li>\n<li>Capuche amovible<\/li>\n<li>Poches lat\u00e9rales<\/li>\n<li>Poche int\u00e9rieure<\/li>\n<li>Tissu chaud et matelass\u00e9<\/li>\n<li>Coupe-vent<\/li>\n<li>Imperm\u00e9able<\/li>\n<li>Type de coupe : r\u00e9guli\u00e8re<\/li>\n<li>100% Nylon<\/li>\n<\/ul>\n<\/div>\n","protected":false},"excerpt":{"rendered":"<p>Veste 3\/4 capuche amovible homme\/gar\u00e7on. S&rsquo;adapte au corps de mani\u00e8re optimale et prot\u00e8ge compl\u00e8tement du froid pour pr\u00e9server la chaleur corporelle.<\/p>\n","protected":false},"featured_media":36786,"template":"","meta":[],"product_brand":[],"product_cat":[33,60],"product_tag":[],"class_list":{"0":"post-36782","1":"product","2":"type-product","3":"status-publish","4":"has-post-thumbnail","6":"product_cat-homme","7":"product_cat-parkas-homme","8":"pa_taille-xxl","10":"first","11":"outofstock","12":"sale","13":"purchasable","14":"product-type-variable"},"_links":{"self":[{"href":"https:\/\/accrosport.tn\/index.php\/wp-json\/wp\/v2\/product\/36782","targetHints":{"allow":["GET"]}}],"collection":[{"href":"https:\/\/accrosport.tn\/index.php\/wp-json\/wp\/v2\/product"}],"about":[{"href":"https:\/\/accrosport.tn\/index.php\/wp-json\/wp\/v2\/types\/product"}],"wp:featuredmedia":[{"embeddable":true,"href":"https:\/\/accrosport.tn\/index.php\/wp-json\/wp\/v2\/media\/36786"}],"wp:attachment":[{"href":"https:\/\/accrosport.tn\/index.php\/wp-json\/wp\/v2\/media?parent=36782"}],"wp:term":[{"taxonomy":"product_brand","embeddable":true,"href":"https:\/\/accrosport.tn\/index.php\/wp-json\/wp\/v2\/product_brand?post=36782"},{"taxonomy":"product_cat","embeddable":true,"href":"https:\/\/accrosport.tn\/index.php\/wp-json\/wp\/v2\/product_cat?post=36782"},{"taxonomy":"product_tag","embeddable":true,"href":"https:\/\/accrosport.tn\/index.php\/wp-json\/wp\/v2\/product_tag?post=36782"}],"curies":[{"name":"wp","href":"https:\/\/api.w.org\/{rel}","templated":true}]}}