{"id":36698,"date":"2025-12-18T09:55:30","date_gmt":"2025-12-18T09:55:30","guid":{"rendered":"https:\/\/accrosport.tn\/?post_type=product&#038;p=36698"},"modified":"2025-12-29T08:10:34","modified_gmt":"2025-12-29T08:10:34","slug":"veste-homme-joma-anorak-everest","status":"publish","type":"product","link":"https:\/\/accrosport.tn\/index.php\/product\/veste-homme-joma-anorak-everest\/","title":{"rendered":"Veste Homme JOMA ANORAK EVEREST"},"content":{"rendered":"<p>Anorak \u00e0 fermeture \u00e9clair, capuche amovible, poches sur les c\u00f4t\u00e9s \u00e0 boutons et protecteur de fermeture \u00e9clair. Tissu imperm\u00e9able, isolement thermique. Doublure int\u00e9rieure polaire id\u00e9ale pour contr\u00f4ler le froid et le vent lors des randonn\u00e9es. Par ailleurs il a un double poignet int\u00e9rieur pour un meilleur ajustement.<\/p>\n","protected":false},"excerpt":{"rendered":"<p>Anorak \u00e0 fermeture \u00e9clair, capuche amovible, poches sur les c\u00f4t\u00e9s \u00e0 boutons et protecteur de fermeture \u00e9clair. Tissu imperm\u00e9able, isolement thermique.<\/p>\n","protected":false},"featured_media":36725,"template":"","meta":[],"product_brand":[],"product_cat":[33,60],"product_tag":[],"class_list":{"0":"post-36698","1":"product","2":"type-product","3":"status-publish","4":"has-post-thumbnail","6":"product_cat-homme","7":"product_cat-parkas-homme","8":"pa_taille-m","9":"pa_taille-xl","10":"pa_taille-xxl","12":"first","13":"outofstock","14":"sale","15":"purchasable","16":"product-type-variable"},"_links":{"self":[{"href":"https:\/\/accrosport.tn\/index.php\/wp-json\/wp\/v2\/product\/36698","targetHints":{"allow":["GET"]}}],"collection":[{"href":"https:\/\/accrosport.tn\/index.php\/wp-json\/wp\/v2\/product"}],"about":[{"href":"https:\/\/accrosport.tn\/index.php\/wp-json\/wp\/v2\/types\/product"}],"wp:featuredmedia":[{"embeddable":true,"href":"https:\/\/accrosport.tn\/index.php\/wp-json\/wp\/v2\/media\/36725"}],"wp:attachment":[{"href":"https:\/\/accrosport.tn\/index.php\/wp-json\/wp\/v2\/media?parent=36698"}],"wp:term":[{"taxonomy":"product_brand","embeddable":true,"href":"https:\/\/accrosport.tn\/index.php\/wp-json\/wp\/v2\/product_brand?post=36698"},{"taxonomy":"product_cat","embeddable":true,"href":"https:\/\/accrosport.tn\/index.php\/wp-json\/wp\/v2\/product_cat?post=36698"},{"taxonomy":"product_tag","embeddable":true,"href":"https:\/\/accrosport.tn\/index.php\/wp-json\/wp\/v2\/product_tag?post=36698"}],"curies":[{"name":"wp","href":"https:\/\/api.w.org\/{rel}","templated":true}]}}