{"id":36327,"date":"2025-11-27T08:19:52","date_gmt":"2025-11-27T08:19:52","guid":{"rendered":"https:\/\/accrosport.tn\/index.php\/product\/titanium-2501-negro\/"},"modified":"2026-03-11T19:47:12","modified_gmt":"2026-03-11T19:47:12","slug":"titanium-2501-negro","status":"publish","type":"product","link":"https:\/\/accrosport.tn\/index.php\/product\/titanium-2501-negro\/","title":{"rendered":"Chaussures running Titanium 2501 homme noir"},"content":{"rendered":"<p>Chaussures de course pour homme. Mod\u00e8le d\u00e9velopp\u00e9 pour l&rsquo;entra\u00eenement. Recommand\u00e9 pour les coureurs \u00e0 la recherche de chaussures compl\u00e8tes en termes de stabilit\u00e9 et d&rsquo;amorti.<\/p>\n<p>Tige \u00e9labor\u00e9e en mesh finition Jacquard, tr\u00e8s l\u00e9g\u00e8re et respirante gr\u00e2ce aux perforations qui optimisent la ventilation de la transpiration et permettent la circulation de l&rsquo;air \u00e0 l&rsquo;int\u00e9rieur des chaussures. La technologie avanc\u00e9e VTS int\u00e9gr\u00e9e am\u00e9liore la respirabilit\u00e9 et le confort, r\u00e9duisant l&rsquo;accumulation de chaleur \u00e0 l&rsquo;int\u00e9rieur de la chaussure. Elle assure que le pied reste frais et confortable pendant toute votre s\u00e9ance d&rsquo;entra\u00eenement ou comp\u00e9tition.<\/p>\n<p>Syst\u00e8me de r\u00e9glage thermoscell\u00e9 JOMA SPORTECH, offrant un maintien sans ajouter de poids suppl\u00e9mentaire.<\/p>\n<p>Semelle interm\u00e9diaire l\u00e9g\u00e8re et offrant une bonne capacit\u00e9 d&rsquo;absorption des chocs (drop 6 mm). Sa construction en phylon, un mat\u00e9riau l\u00e9ger, fonctionnel et flexible, offre un confort d&rsquo;utilisation pendant les entra\u00eenements. De m\u00eame, la forme large offre un meilleur soutien au moment de la pose du pied.<\/p>\n<p>Semelle en caoutchouc DURABILITY de haute qualit\u00e9 et r\u00e9sistance sur l&rsquo;asphalte.<\/p>\n","protected":false},"excerpt":{"rendered":"<p>Chaussures de course pour homme. Mod\u00e8le d\u00e9velopp\u00e9 pour l&rsquo;entra\u00eenement. Recommand\u00e9 pour les coureurs \u00e0 la recherche de chaussures compl\u00e8tes en termes de stabilit\u00e9 et d&rsquo;amorti.<\/p>\n","protected":false},"featured_media":36342,"template":"","meta":[],"product_brand":[],"product_cat":[61,33,77,114,113],"product_tag":[],"class_list":{"0":"post-36327","1":"product","2":"type-product","3":"status-publish","4":"has-post-thumbnail","6":"product_cat-chaussures-homme","7":"product_cat-homme","8":"product_cat-running","9":"product_cat-running-sport","10":"product_cat-sport","11":"pa_taille-645","12":"pa_taille-646","13":"pa_taille-649","14":"pa_taille-650","15":"pa_taille-651","16":"pa_taille-653","18":"first","19":"outofstock","20":"sale","21":"purchasable","22":"product-type-variable"},"_links":{"self":[{"href":"https:\/\/accrosport.tn\/index.php\/wp-json\/wp\/v2\/product\/36327","targetHints":{"allow":["GET"]}}],"collection":[{"href":"https:\/\/accrosport.tn\/index.php\/wp-json\/wp\/v2\/product"}],"about":[{"href":"https:\/\/accrosport.tn\/index.php\/wp-json\/wp\/v2\/types\/product"}],"wp:featuredmedia":[{"embeddable":true,"href":"https:\/\/accrosport.tn\/index.php\/wp-json\/wp\/v2\/media\/36342"}],"wp:attachment":[{"href":"https:\/\/accrosport.tn\/index.php\/wp-json\/wp\/v2\/media?parent=36327"}],"wp:term":[{"taxonomy":"product_brand","embeddable":true,"href":"https:\/\/accrosport.tn\/index.php\/wp-json\/wp\/v2\/product_brand?post=36327"},{"taxonomy":"product_cat","embeddable":true,"href":"https:\/\/accrosport.tn\/index.php\/wp-json\/wp\/v2\/product_cat?post=36327"},{"taxonomy":"product_tag","embeddable":true,"href":"https:\/\/accrosport.tn\/index.php\/wp-json\/wp\/v2\/product_tag?post=36327"}],"curies":[{"name":"wp","href":"https:\/\/api.w.org\/{rel}","templated":true}]}}