{"id":36311,"date":"2025-11-27T08:19:48","date_gmt":"2025-11-27T08:19:48","guid":{"rendered":"https:\/\/accrosport.tn\/index.php\/product\/speed-2505-azul\/"},"modified":"2026-03-17T09:56:06","modified_gmt":"2026-03-17T09:56:06","slug":"speed-2505-azul","status":"publish","type":"product","link":"https:\/\/accrosport.tn\/index.php\/product\/speed-2505-azul\/","title":{"rendered":"Chaussures running Speed 2505 homme bleu"},"content":{"rendered":"<p>Chaussures de running pour homme. Ce mod\u00e8le confortable est destin\u00e9 \u00e0 l&rsquo;entra\u00eenement. \u00c9quip\u00e9 de mat\u00e9riaux confortables qui garantissent une sensation d&rsquo;amorti sous les pieds. Tige fabriqu\u00e9e en mesh tr\u00e8s l\u00e9ger et respirant gr\u00e2ce aux perforations, qui optimisent la ventilation de la transpiration et permettent la circulation de l&rsquo;air \u00e0 l&rsquo;int\u00e9rieur des chaussures. La technologie avanc\u00e9e VTS int\u00e9gr\u00e9e am\u00e9liore la respirabilit\u00e9 et le confort, r\u00e9duisant l&rsquo;accumulation de chaleur \u00e0 l&rsquo;int\u00e9rieur de la chaussure. Assure que le pied reste frais et confortable pendant toute votre s\u00e9ance d&rsquo;entra\u00eenement ou comp\u00e9tition. Semelle interm\u00e9diaire en phylon, un mat\u00e9riau l\u00e9ger, fonctionnel et flexible, offrant un port confortable pendant les entra\u00eenements. Drop de 10 mm. Semelle en caoutchouc DURABILITY de haute qualit\u00e9 et r\u00e9sistance \u00e0 l&rsquo;abrasion.<\/p>\n","protected":false},"excerpt":{"rendered":"<p>Chaussures de running pour homme. Ce mod\u00e8le confortable est destin\u00e9 \u00e0 l&rsquo;entra\u00eenement. \u00c9quip\u00e9 de mat\u00e9riaux confortables qui garantissent une sensation d&rsquo;amorti sous les pieds.<\/p>\n","protected":false},"featured_media":36355,"template":"","meta":[],"product_brand":[],"product_cat":[114,113],"product_tag":[],"class_list":{"0":"post-36311","1":"product","2":"type-product","3":"status-publish","4":"has-post-thumbnail","6":"product_cat-running-sport","7":"product_cat-sport","8":"pa_taille-645","9":"pa_taille-646","10":"pa_taille-649","11":"pa_taille-650","12":"pa_taille-651","13":"pa_taille-653","14":"pa_taille-656","16":"first","17":"outofstock","18":"sale","19":"purchasable","20":"product-type-variable"},"_links":{"self":[{"href":"https:\/\/accrosport.tn\/index.php\/wp-json\/wp\/v2\/product\/36311","targetHints":{"allow":["GET"]}}],"collection":[{"href":"https:\/\/accrosport.tn\/index.php\/wp-json\/wp\/v2\/product"}],"about":[{"href":"https:\/\/accrosport.tn\/index.php\/wp-json\/wp\/v2\/types\/product"}],"wp:featuredmedia":[{"embeddable":true,"href":"https:\/\/accrosport.tn\/index.php\/wp-json\/wp\/v2\/media\/36355"}],"wp:attachment":[{"href":"https:\/\/accrosport.tn\/index.php\/wp-json\/wp\/v2\/media?parent=36311"}],"wp:term":[{"taxonomy":"product_brand","embeddable":true,"href":"https:\/\/accrosport.tn\/index.php\/wp-json\/wp\/v2\/product_brand?post=36311"},{"taxonomy":"product_cat","embeddable":true,"href":"https:\/\/accrosport.tn\/index.php\/wp-json\/wp\/v2\/product_cat?post=36311"},{"taxonomy":"product_tag","embeddable":true,"href":"https:\/\/accrosport.tn\/index.php\/wp-json\/wp\/v2\/product_tag?post=36311"}],"curies":[{"name":"wp","href":"https:\/\/api.w.org\/{rel}","templated":true}]}}