{"id":36304,"date":"2025-11-27T08:19:48","date_gmt":"2025-11-27T08:19:48","guid":{"rendered":"https:\/\/accrosport.tn\/index.php\/product\/r-2000-2592-blanco-oro\/"},"modified":"2026-02-24T10:25:20","modified_gmt":"2026-02-24T10:25:20","slug":"r-2000-2592-blanco-oro","status":"publish","type":"product","link":"https:\/\/accrosport.tn\/index.php\/product\/r-2000-2592-blanco-oro\/","title":{"rendered":"Chaussures running R.2000 25 unisexe blanc or"},"content":{"rendered":"<p>Chaussures de course. Les R-2000 sont connues pour \u00eatre le mod\u00e8le le plus confortable, complet et polyvalent de Joma. Ils offrent un confort exquis et une polyvalence qui leur permet de s&rsquo;adapter \u00e0 des courses l\u00e9g\u00e8res et \u00e0 des sessions longues, ainsi qu&rsquo;\u00e0 diff\u00e9rents rythmes.<\/p>\n<p>Tige \u00e9labor\u00e9e avec un mesh fini en Jacquard, tr\u00e8s l\u00e9ger et respirant gr\u00e2ce aux perforations qui optimisent la ventilation de la transpiration et permettent la circulation de l&rsquo;air \u00e0 l&rsquo;int\u00e9rieur des chaussures. La technologie avanc\u00e9e VTS int\u00e9gr\u00e9e am\u00e9liore la respirabilit\u00e9 et le confort, r\u00e9duisant l&rsquo;accumulation de chaleur \u00e0 l&rsquo;int\u00e9rieur de la chaussure. Elle garantit que le pied reste frais et confortable pendant toute votre s\u00e9ance d&rsquo;entra\u00eenement ou comp\u00e9tition.<\/p>\n<p>Syst\u00e8me de fixation thermoscell\u00e9 JOMA SPORTECH, offrant un maintien sans ajouter de poids suppl\u00e9mentaire.<\/p>\n<p>Semelle interm\u00e9diaire r\u00e9active avec un drop de 10 mm et construite avec un double mat\u00e9riau. \u00c0 l&rsquo;arri\u00e8re, le FLY REACTIVE offre un excellent retour d&rsquo;\u00e9nergie et une propulsion efficace, optimisant chaque foul\u00e9e. \u00c0 l&rsquo;avant, un phylon de derni\u00e8re technologie apporte une stabilit\u00e9 et une r\u00e9activit\u00e9 accrues, am\u00e9liorant le contr\u00f4le et l&rsquo;adaptabilit\u00e9 \u00e0 chaque pas. Ensemble, ces compos\u00e9s garantissent un atterrissage en douceur et une r\u00e9ponse dynamique, offrant un \u00e9quilibre parfait entre confort et performance.<\/p>\n<p>Semelle en caoutchouc DURABILITY super r\u00e9sistante. Offre une traction exceptionnelle et r\u00e9duit le risque de glissement. Son design r\u00e9partit l&rsquo;impact, am\u00e9liorant la r\u00e9sistance \u00e0 l&rsquo;usure et garantissant des performances constantes.<\/p>\n","protected":false},"excerpt":{"rendered":"<p>Chaussures de course. Les R-2000 sont connues pour \u00eatre le mod\u00e8le le plus confortable, complet et polyvalent de Joma. Ils offrent un confort exquis et une polyvalence qui leur permet de s&rsquo;adapter \u00e0 des courses l\u00e9g\u00e8res et \u00e0 des sessions longues, ainsi qu&rsquo;\u00e0 diff\u00e9rents rythmes.<\/p>\n","protected":false},"featured_media":36350,"template":"","meta":[],"product_brand":[],"product_cat":[61,33,77,114,113],"product_tag":[],"class_list":{"0":"post-36304","1":"product","2":"type-product","3":"status-publish","4":"has-post-thumbnail","6":"product_cat-chaussures-homme","7":"product_cat-homme","8":"product_cat-running","9":"product_cat-running-sport","10":"product_cat-sport","11":"pa_taille-645","12":"pa_taille-646","13":"pa_taille-649","14":"pa_taille-650","15":"pa_taille-651","16":"pa_taille-653","18":"first","19":"outofstock","20":"sale","21":"purchasable","22":"product-type-variable"},"_links":{"self":[{"href":"https:\/\/accrosport.tn\/index.php\/wp-json\/wp\/v2\/product\/36304","targetHints":{"allow":["GET"]}}],"collection":[{"href":"https:\/\/accrosport.tn\/index.php\/wp-json\/wp\/v2\/product"}],"about":[{"href":"https:\/\/accrosport.tn\/index.php\/wp-json\/wp\/v2\/types\/product"}],"wp:featuredmedia":[{"embeddable":true,"href":"https:\/\/accrosport.tn\/index.php\/wp-json\/wp\/v2\/media\/36350"}],"wp:attachment":[{"href":"https:\/\/accrosport.tn\/index.php\/wp-json\/wp\/v2\/media?parent=36304"}],"wp:term":[{"taxonomy":"product_brand","embeddable":true,"href":"https:\/\/accrosport.tn\/index.php\/wp-json\/wp\/v2\/product_brand?post=36304"},{"taxonomy":"product_cat","embeddable":true,"href":"https:\/\/accrosport.tn\/index.php\/wp-json\/wp\/v2\/product_cat?post=36304"},{"taxonomy":"product_tag","embeddable":true,"href":"https:\/\/accrosport.tn\/index.php\/wp-json\/wp\/v2\/product_tag?post=36304"}],"curies":[{"name":"wp","href":"https:\/\/api.w.org\/{rel}","templated":true}]}}