{"id":36297,"date":"2025-11-27T08:19:48","date_gmt":"2025-11-27T08:19:48","guid":{"rendered":"https:\/\/accrosport.tn\/index.php\/product\/meta-lady-2501-negro\/"},"modified":"2026-02-23T10:57:21","modified_gmt":"2026-02-23T10:57:21","slug":"meta-lady-2501-negro","status":"publish","type":"product","link":"https:\/\/accrosport.tn\/index.php\/product\/meta-lady-2501-negro\/","title":{"rendered":"Chaussures de sport Femme JOMA META LADY 2501 NEGRO"},"content":{"rendered":"","protected":false},"excerpt":{"rendered":"<p>Les chaussures Joma RMETLW2501 combinent \u00e9l\u00e9gance et performance pour un confort optimal \u00e0 chaque pas. Leur tige en mesh respirant favorise la l\u00e9g\u00e8ret\u00e9 et la ventilation, tandis que la semelle interm\u00e9diaire en EVA offre un amorti efficace. La semelle ext\u00e9rieure en caoutchouc assure une excellente adh\u00e9rence et une grande durabilit\u00e9. Parfaites pour le sport comme pour le quotidien, elles garantissent maintien, souplesse et style.<\/p>\n","protected":false},"featured_media":36346,"template":"","meta":[],"product_brand":[],"product_cat":[57,42,82,114,113],"product_tag":[],"class_list":{"0":"post-36297","1":"product","2":"type-product","3":"status-publish","4":"has-post-thumbnail","6":"product_cat-chaussures","7":"product_cat-femme","8":"product_cat-running-chaussures","9":"product_cat-running-sport","10":"product_cat-sport","11":"pa_taille-641","12":"pa_taille-643","13":"pa_taille-655","14":"pa_taille-644","15":"pa_taille-645","16":"pa_taille-646","18":"first","19":"outofstock","20":"sale","21":"purchasable","22":"product-type-variable"},"_links":{"self":[{"href":"https:\/\/accrosport.tn\/index.php\/wp-json\/wp\/v2\/product\/36297","targetHints":{"allow":["GET"]}}],"collection":[{"href":"https:\/\/accrosport.tn\/index.php\/wp-json\/wp\/v2\/product"}],"about":[{"href":"https:\/\/accrosport.tn\/index.php\/wp-json\/wp\/v2\/types\/product"}],"wp:featuredmedia":[{"embeddable":true,"href":"https:\/\/accrosport.tn\/index.php\/wp-json\/wp\/v2\/media\/36346"}],"wp:attachment":[{"href":"https:\/\/accrosport.tn\/index.php\/wp-json\/wp\/v2\/media?parent=36297"}],"wp:term":[{"taxonomy":"product_brand","embeddable":true,"href":"https:\/\/accrosport.tn\/index.php\/wp-json\/wp\/v2\/product_brand?post=36297"},{"taxonomy":"product_cat","embeddable":true,"href":"https:\/\/accrosport.tn\/index.php\/wp-json\/wp\/v2\/product_cat?post=36297"},{"taxonomy":"product_tag","embeddable":true,"href":"https:\/\/accrosport.tn\/index.php\/wp-json\/wp\/v2\/product_tag?post=36297"}],"curies":[{"name":"wp","href":"https:\/\/api.w.org\/{rel}","templated":true}]}}