{"id":36289,"date":"2025-11-27T08:19:45","date_gmt":"2025-11-27T08:19:45","guid":{"rendered":"https:\/\/accrosport.tn\/index.php\/product\/meta-men-2521-gris\/"},"modified":"2025-12-18T20:49:26","modified_gmt":"2025-12-18T20:49:26","slug":"meta-men-2521-gris","status":"publish","type":"product","link":"https:\/\/accrosport.tn\/index.php\/product\/meta-men-2521-gris\/","title":{"rendered":"Chaussures de sport Homme JOMA META MEN 2521 GRIS"},"content":{"rendered":"<p>La Joma Meta RMETAW2521 est une chaussure de running l\u00e9g\u00e8re con\u00e7ue pour les entra\u00eenements quotidiens. Dot\u00e9e d\u2019une tige en mesh respirant avec syst\u00e8me VTS pour une ventilation optimale, d\u2019une semelle interm\u00e9diaire en mousse Phylon pour un bon amorti et d\u2019une semelle ext\u00e9rieure en caoutchouc r\u00e9sistante pour une excellente adh\u00e9rence sur route. \u00c9l\u00e9gante, confortable et performante.<\/p>\n","protected":false},"excerpt":{"rendered":"<p>La Joma Meta RMETAW2521 est une chaussure de running l\u00e9g\u00e8re con\u00e7ue pour les entra\u00eenements quotidiens.<\/p>\n","protected":false},"featured_media":36370,"template":"","meta":[],"product_brand":[],"product_cat":[61,33,114,77,113],"product_tag":[],"class_list":{"0":"post-36289","1":"product","2":"type-product","3":"status-publish","4":"has-post-thumbnail","6":"product_cat-chaussures-homme","7":"product_cat-homme","8":"product_cat-running-sport","9":"product_cat-running","10":"product_cat-sport","11":"pa_taille-646","12":"pa_taille-649","13":"pa_taille-650","14":"pa_taille-651","15":"pa_taille-653","16":"pa_taille-656","17":"pa_taille-719","19":"first","20":"outofstock","21":"sale","22":"purchasable","23":"product-type-variable"},"_links":{"self":[{"href":"https:\/\/accrosport.tn\/index.php\/wp-json\/wp\/v2\/product\/36289","targetHints":{"allow":["GET"]}}],"collection":[{"href":"https:\/\/accrosport.tn\/index.php\/wp-json\/wp\/v2\/product"}],"about":[{"href":"https:\/\/accrosport.tn\/index.php\/wp-json\/wp\/v2\/types\/product"}],"wp:featuredmedia":[{"embeddable":true,"href":"https:\/\/accrosport.tn\/index.php\/wp-json\/wp\/v2\/media\/36370"}],"wp:attachment":[{"href":"https:\/\/accrosport.tn\/index.php\/wp-json\/wp\/v2\/media?parent=36289"}],"wp:term":[{"taxonomy":"product_brand","embeddable":true,"href":"https:\/\/accrosport.tn\/index.php\/wp-json\/wp\/v2\/product_brand?post=36289"},{"taxonomy":"product_cat","embeddable":true,"href":"https:\/\/accrosport.tn\/index.php\/wp-json\/wp\/v2\/product_cat?post=36289"},{"taxonomy":"product_tag","embeddable":true,"href":"https:\/\/accrosport.tn\/index.php\/wp-json\/wp\/v2\/product_tag?post=36289"}],"curies":[{"name":"wp","href":"https:\/\/api.w.org\/{rel}","templated":true}]}}