{"id":36282,"date":"2025-11-27T08:19:45","date_gmt":"2025-11-27T08:19:45","guid":{"rendered":"https:\/\/accrosport.tn\/index.php\/product\/meta-men-2503-marino-2\/"},"modified":"2025-11-27T11:24:42","modified_gmt":"2025-11-27T11:24:42","slug":"meta-men-2503-marino-2","status":"publish","type":"product","link":"https:\/\/accrosport.tn\/index.php\/product\/meta-men-2503-marino-2\/","title":{"rendered":"Chaussures de sport META 2503 Marine"},"content":{"rendered":"","protected":false},"excerpt":{"rendered":"<p>Optez pour le confort et le style avec les Chaussures de sport META 2503 Marine de JOMA. Disponibles en Pointure:40 \u00e0 45, elles offrent un ajustement parfait pour tout type de pied. Ces chaussures de sport allient performance et esth\u00e9tique pour vous donner une allure \u00e9l\u00e9gante m\u00eame pendant l\u2019effort. Profitez de la qualit\u00e9 JOMA \u00e0 chaque foul\u00e9e.<\/p>\n","protected":false},"featured_media":36365,"template":"","meta":[],"product_brand":[],"product_cat":[61,33,114,77,113],"product_tag":[],"class_list":{"0":"post-36282","1":"product","2":"type-product","3":"status-publish","4":"has-post-thumbnail","6":"product_cat-chaussures-homme","7":"product_cat-homme","8":"product_cat-running-sport","9":"product_cat-running","10":"product_cat-sport","11":"pa_taille-645","12":"pa_taille-646","13":"pa_taille-649","14":"pa_taille-650","15":"pa_taille-651","16":"pa_taille-653","18":"first","19":"outofstock","20":"sale","21":"purchasable","22":"product-type-variable"},"_links":{"self":[{"href":"https:\/\/accrosport.tn\/index.php\/wp-json\/wp\/v2\/product\/36282","targetHints":{"allow":["GET"]}}],"collection":[{"href":"https:\/\/accrosport.tn\/index.php\/wp-json\/wp\/v2\/product"}],"about":[{"href":"https:\/\/accrosport.tn\/index.php\/wp-json\/wp\/v2\/types\/product"}],"wp:featuredmedia":[{"embeddable":true,"href":"https:\/\/accrosport.tn\/index.php\/wp-json\/wp\/v2\/media\/36365"}],"wp:attachment":[{"href":"https:\/\/accrosport.tn\/index.php\/wp-json\/wp\/v2\/media?parent=36282"}],"wp:term":[{"taxonomy":"product_brand","embeddable":true,"href":"https:\/\/accrosport.tn\/index.php\/wp-json\/wp\/v2\/product_brand?post=36282"},{"taxonomy":"product_cat","embeddable":true,"href":"https:\/\/accrosport.tn\/index.php\/wp-json\/wp\/v2\/product_cat?post=36282"},{"taxonomy":"product_tag","embeddable":true,"href":"https:\/\/accrosport.tn\/index.php\/wp-json\/wp\/v2\/product_tag?post=36282"}],"curies":[{"name":"wp","href":"https:\/\/api.w.org\/{rel}","templated":true}]}}