{"id":36275,"date":"2025-11-27T08:19:45","date_gmt":"2025-11-27T08:19:45","guid":{"rendered":"https:\/\/accrosport.tn\/index.php\/product\/meta-men-2501-negro-2\/"},"modified":"2026-01-08T15:27:54","modified_gmt":"2026-01-08T15:27:54","slug":"meta-men-2501-negro-2","status":"publish","type":"product","link":"https:\/\/accrosport.tn\/index.php\/product\/meta-men-2501-negro-2\/","title":{"rendered":"Chaussures de sport Homme JOMA C.PERSEO MEN 2501 Noir"},"content":{"rendered":"<p>Les baskets Joma CPERS2521 se distinguent par leur l\u00e9g\u00e8ret\u00e9 et leur confort optimal. Con\u00e7ues avec une tige en tissu respirant, elles assurent une ventilation constante pendant l\u2019effort. La semelle interm\u00e9diaire en EVA procure un amorti souple, tandis que la semelle ext\u00e9rieure en caoutchouc offre une adh\u00e9rence fiable. Id\u00e9ales pour le sport ou le quotidien, elles allient style moderne, confort et performance.<\/p>\n","protected":false},"excerpt":{"rendered":"<p>Les baskets Joma CPERS2521 se distinguent par leur l\u00e9g\u00e8ret\u00e9 et leur confort optimal. Con\u00e7ues avec une tige en tissu respirant, elles assurent une ventilation constante pendant l\u2019effort. La semelle interm\u00e9diaire en EVA procure un amorti souple, tandis que la semelle ext\u00e9rieure en caoutchouc offre une adh\u00e9rence fiable. Id\u00e9ales pour le sport ou le quotidien, elles allient style moderne, confort et performance.<\/p>\n","protected":false},"featured_media":36357,"template":"","meta":[],"product_brand":[],"product_cat":[61,33,77,114,113],"product_tag":[],"class_list":{"0":"post-36275","1":"product","2":"type-product","3":"status-publish","4":"has-post-thumbnail","6":"product_cat-chaussures-homme","7":"product_cat-homme","8":"product_cat-running","9":"product_cat-running-sport","10":"product_cat-sport","11":"pa_taille-645","12":"pa_taille-646","13":"pa_taille-649","14":"pa_taille-650","15":"pa_taille-651","16":"pa_taille-653","18":"first","19":"outofstock","20":"sale","21":"purchasable","22":"product-type-variable"},"_links":{"self":[{"href":"https:\/\/accrosport.tn\/index.php\/wp-json\/wp\/v2\/product\/36275","targetHints":{"allow":["GET"]}}],"collection":[{"href":"https:\/\/accrosport.tn\/index.php\/wp-json\/wp\/v2\/product"}],"about":[{"href":"https:\/\/accrosport.tn\/index.php\/wp-json\/wp\/v2\/types\/product"}],"wp:featuredmedia":[{"embeddable":true,"href":"https:\/\/accrosport.tn\/index.php\/wp-json\/wp\/v2\/media\/36357"}],"wp:attachment":[{"href":"https:\/\/accrosport.tn\/index.php\/wp-json\/wp\/v2\/media?parent=36275"}],"wp:term":[{"taxonomy":"product_brand","embeddable":true,"href":"https:\/\/accrosport.tn\/index.php\/wp-json\/wp\/v2\/product_brand?post=36275"},{"taxonomy":"product_cat","embeddable":true,"href":"https:\/\/accrosport.tn\/index.php\/wp-json\/wp\/v2\/product_cat?post=36275"},{"taxonomy":"product_tag","embeddable":true,"href":"https:\/\/accrosport.tn\/index.php\/wp-json\/wp\/v2\/product_tag?post=36275"}],"curies":[{"name":"wp","href":"https:\/\/api.w.org\/{rel}","templated":true}]}}