{"id":36170,"date":"2025-11-26T15:53:07","date_gmt":"2025-11-26T15:53:07","guid":{"rendered":"https:\/\/accrosport.tn\/index.php\/product\/iron-men-2523-verde\/"},"modified":"2026-01-08T15:27:52","modified_gmt":"2026-01-08T15:27:52","slug":"iron-men-2523-verde","status":"publish","type":"product","link":"https:\/\/accrosport.tn\/index.php\/product\/iron-men-2523-verde\/","title":{"rendered":"Chaussures de sport Homme IRON 2523 Vert"},"content":{"rendered":"<p>Chaussures de sport pour homme, d\u00e9velopp\u00e9es pour la marche et un usage quotidien. Ce mod\u00e8le de base polyvalent offre le meilleur en termes de l\u00e9g\u00e8ret\u00e9 et de respirabilit\u00e9 lors de la marche.<\/p>\n<p>Tige fabriqu\u00e9e en mesh respirant. Le syst\u00e8me de perforations VTS assure la ventilation de la transpiration pour que le pied reste frais en tout temps.<\/p>\n<p>Semelle int\u00e9rieure en MEMORY FOAM fabriqu\u00e9e avec de la mousse et une base en EVA thermoform\u00e9e pour s&rsquo;adapter compl\u00e8tement \u00e0 la foul\u00e9e et l&rsquo;adoucir. Elle poss\u00e8de des perforations VTS pour la rendre plus respirante.<\/p>\n<p>Semelle en phylon tr\u00e8s l\u00e9g\u00e8re. Il s&rsquo;agit d&rsquo;un mat\u00e9riau fonctionnel, flexible pour s&rsquo;adapter \u00e0 la foul\u00e9e et capable d&rsquo;absorber les chocs en marchant.<\/p>\n","protected":false},"excerpt":{"rendered":"<p>Chaussures de sport pour homme, d\u00e9velopp\u00e9es pour la marche et un usage quotidien. Ce mod\u00e8le de base polyvalent offre le meilleur en termes de l\u00e9g\u00e8ret\u00e9 et de respirabilit\u00e9 lors de la marche.<\/p>\n","protected":false},"featured_media":36224,"template":"","meta":[],"product_brand":[],"product_cat":[78,61,33],"product_tag":[],"class_list":{"0":"post-36170","1":"product","2":"type-product","3":"status-publish","4":"has-post-thumbnail","6":"product_cat-casual","7":"product_cat-chaussures-homme","8":"product_cat-homme","9":"pa_taille-646","10":"pa_taille-649","11":"pa_taille-650","12":"pa_taille-651","13":"pa_taille-653","14":"pa_taille-656","16":"first","17":"outofstock","18":"sale","19":"purchasable","20":"product-type-variable"},"_links":{"self":[{"href":"https:\/\/accrosport.tn\/index.php\/wp-json\/wp\/v2\/product\/36170","targetHints":{"allow":["GET"]}}],"collection":[{"href":"https:\/\/accrosport.tn\/index.php\/wp-json\/wp\/v2\/product"}],"about":[{"href":"https:\/\/accrosport.tn\/index.php\/wp-json\/wp\/v2\/types\/product"}],"wp:featuredmedia":[{"embeddable":true,"href":"https:\/\/accrosport.tn\/index.php\/wp-json\/wp\/v2\/media\/36224"}],"wp:attachment":[{"href":"https:\/\/accrosport.tn\/index.php\/wp-json\/wp\/v2\/media?parent=36170"}],"wp:term":[{"taxonomy":"product_brand","embeddable":true,"href":"https:\/\/accrosport.tn\/index.php\/wp-json\/wp\/v2\/product_brand?post=36170"},{"taxonomy":"product_cat","embeddable":true,"href":"https:\/\/accrosport.tn\/index.php\/wp-json\/wp\/v2\/product_cat?post=36170"},{"taxonomy":"product_tag","embeddable":true,"href":"https:\/\/accrosport.tn\/index.php\/wp-json\/wp\/v2\/product_tag?post=36170"}],"curies":[{"name":"wp","href":"https:\/\/api.w.org\/{rel}","templated":true}]}}