{"id":36163,"date":"2025-11-26T15:53:07","date_gmt":"2025-11-26T15:53:07","guid":{"rendered":"https:\/\/accrosport.tn\/index.php\/product\/corinto-men-2522-gris-oscuro\/"},"modified":"2025-11-27T07:31:15","modified_gmt":"2025-11-27T07:31:15","slug":"corinto-men-2522-gris-oscuro","status":"publish","type":"product","link":"https:\/\/accrosport.tn\/index.php\/product\/corinto-men-2522-gris-oscuro\/","title":{"rendered":"Basket Casual Homme JOMA"},"content":{"rendered":"<p>Chaussures de sport pour homme con\u00e7ues pour la marche, alliant l\u00e9g\u00e8ret\u00e9 et confort exceptionnel. La tige en mesh respirant, dot\u00e9e du syst\u00e8me de ventilation VTS, garde le pied frais \u00e0 tout moment. Disponibles avec lacets ou fermeture adh\u00e9sive pour plus d\u2019autonomie. La semelle int\u00e9rieure MEMORY FOAM avec base en EVA s\u2019adapte parfaitement \u00e0 la foul\u00e9e, tandis que la semelle en phylon ultral\u00e9g\u00e8re offre flexibilit\u00e9, amorti et absorption optimale des chocs.<\/p>\n","protected":false},"excerpt":{"rendered":"<p>Chaussures de sport pour homme con\u00e7ues pour la marche, alliant l\u00e9g\u00e8ret\u00e9 et confort exceptionnel.<\/p>\n","protected":false},"featured_media":36219,"template":"","meta":[],"product_brand":[],"product_cat":[78,61,33],"product_tag":[],"class_list":{"0":"post-36163","1":"product","2":"type-product","3":"status-publish","4":"has-post-thumbnail","6":"product_cat-casual","7":"product_cat-chaussures-homme","8":"product_cat-homme","9":"pa_taille-646","10":"pa_taille-649","11":"pa_taille-650","12":"pa_taille-651","13":"pa_taille-653","14":"pa_taille-656","16":"first","17":"outofstock","18":"sale","19":"purchasable","20":"product-type-variable"},"_links":{"self":[{"href":"https:\/\/accrosport.tn\/index.php\/wp-json\/wp\/v2\/product\/36163","targetHints":{"allow":["GET"]}}],"collection":[{"href":"https:\/\/accrosport.tn\/index.php\/wp-json\/wp\/v2\/product"}],"about":[{"href":"https:\/\/accrosport.tn\/index.php\/wp-json\/wp\/v2\/types\/product"}],"wp:featuredmedia":[{"embeddable":true,"href":"https:\/\/accrosport.tn\/index.php\/wp-json\/wp\/v2\/media\/36219"}],"wp:attachment":[{"href":"https:\/\/accrosport.tn\/index.php\/wp-json\/wp\/v2\/media?parent=36163"}],"wp:term":[{"taxonomy":"product_brand","embeddable":true,"href":"https:\/\/accrosport.tn\/index.php\/wp-json\/wp\/v2\/product_brand?post=36163"},{"taxonomy":"product_cat","embeddable":true,"href":"https:\/\/accrosport.tn\/index.php\/wp-json\/wp\/v2\/product_cat?post=36163"},{"taxonomy":"product_tag","embeddable":true,"href":"https:\/\/accrosport.tn\/index.php\/wp-json\/wp\/v2\/product_tag?post=36163"}],"curies":[{"name":"wp","href":"https:\/\/api.w.org\/{rel}","templated":true}]}}