{"id":36156,"date":"2025-11-26T15:53:07","date_gmt":"2025-11-26T15:53:07","guid":{"rendered":"https:\/\/accrosport.tn\/index.php\/product\/corinto-men-2521-negro\/"},"modified":"2025-11-27T07:31:15","modified_gmt":"2025-11-27T07:31:15","slug":"corinto-men-2521-negro","status":"publish","type":"product","link":"https:\/\/accrosport.tn\/index.php\/product\/corinto-men-2521-negro\/","title":{"rendered":"Chaussures casual Corinto Men 25 homme noir"},"content":{"rendered":"<p>Chaussures de sport pour homme. Ce mod\u00e8le de marche vous surprendra par son confort, mais surtout par sa l\u00e9g\u00e8ret\u00e9.<\/p>\n<p>Tige en mesh respirant. Le syst\u00e8me de perforations VTS assure la ventilation de la transpiration pour que le pied reste frais en tout temps.<\/p>\n<p>Version disponible avec lacets et fermeture auto-agrippante pour plus d&rsquo;autonomie.<\/p>\n<p>Semelle int\u00e9rieure MEMORY FOAM en mousse et base en EVA thermoform\u00e9e pour s&rsquo;adapter parfaitement \u00e0 la foul\u00e9e et l&rsquo;adoucir. Elle comporte des perforations VTS pour la rendre plus respirante.<\/p>\n<p>Semelle en phylon tr\u00e8s l\u00e9g\u00e8re. Il s&rsquo;agit d&rsquo;un mat\u00e9riau fonctionnel et flexible, capable de s&rsquo;adapter au mouvement naturel du pied et d&rsquo;absorber les chocs de mani\u00e8re efficace.<\/p>\n","protected":false},"excerpt":{"rendered":"<p>Chaussures de sport pour homme. Ce mod\u00e8le de marche vous surprendra par son confort, mais surtout par sa l\u00e9g\u00e8ret\u00e9.<\/p>\n","protected":false},"featured_media":36214,"template":"","meta":[],"product_brand":[],"product_cat":[78,61,33],"product_tag":[],"class_list":{"0":"post-36156","1":"product","2":"type-product","3":"status-publish","4":"has-post-thumbnail","6":"product_cat-casual","7":"product_cat-chaussures-homme","8":"product_cat-homme","9":"pa_taille-646","10":"pa_taille-649","11":"pa_taille-650","12":"pa_taille-651","13":"pa_taille-653","14":"pa_taille-656","16":"first","17":"outofstock","18":"sale","19":"purchasable","20":"product-type-variable"},"_links":{"self":[{"href":"https:\/\/accrosport.tn\/index.php\/wp-json\/wp\/v2\/product\/36156","targetHints":{"allow":["GET"]}}],"collection":[{"href":"https:\/\/accrosport.tn\/index.php\/wp-json\/wp\/v2\/product"}],"about":[{"href":"https:\/\/accrosport.tn\/index.php\/wp-json\/wp\/v2\/types\/product"}],"wp:featuredmedia":[{"embeddable":true,"href":"https:\/\/accrosport.tn\/index.php\/wp-json\/wp\/v2\/media\/36214"}],"wp:attachment":[{"href":"https:\/\/accrosport.tn\/index.php\/wp-json\/wp\/v2\/media?parent=36156"}],"wp:term":[{"taxonomy":"product_brand","embeddable":true,"href":"https:\/\/accrosport.tn\/index.php\/wp-json\/wp\/v2\/product_brand?post=36156"},{"taxonomy":"product_cat","embeddable":true,"href":"https:\/\/accrosport.tn\/index.php\/wp-json\/wp\/v2\/product_cat?post=36156"},{"taxonomy":"product_tag","embeddable":true,"href":"https:\/\/accrosport.tn\/index.php\/wp-json\/wp\/v2\/product_tag?post=36156"}],"curies":[{"name":"wp","href":"https:\/\/api.w.org\/{rel}","templated":true}]}}