{"id":36131,"date":"2025-11-26T15:52:59","date_gmt":"2025-11-26T15:52:59","guid":{"rendered":"https:\/\/accrosport.tn\/index.php\/product\/c-campus-men-2526-marron\/"},"modified":"2026-02-01T08:14:18","modified_gmt":"2026-02-01T08:14:18","slug":"c-campus-men-2526-marron","status":"publish","type":"product","link":"https:\/\/accrosport.tn\/index.php\/product\/c-campus-men-2526-marron\/","title":{"rendered":"Chaussures de sport Homme JOMA 2526 Marron"},"content":{"rendered":"","protected":false},"excerpt":{"rendered":"<p>Les chaussures de sport homme JOMA C.CAMPUS MEN 2526 MARR\u00d3N CCAMW2526 allient confort, performance et style. Gr\u00e2ce \u00e0 leur maintien optimal et leur semelle adh\u00e9rente, elles sont id\u00e9ales pour l\u2019entra\u00eenement comme pour un usage quotidien. Leur design moderne marron associe \u00e9l\u00e9gance et fonctionnalit\u00e9 pour accompagner toutes vos activit\u00e9s sportives.<\/p>\n","protected":false},"featured_media":36850,"template":"","meta":[],"product_brand":[],"product_cat":[78,61,33],"product_tag":[],"class_list":{"0":"post-36131","1":"product","2":"type-product","3":"status-publish","4":"has-post-thumbnail","6":"product_cat-casual","7":"product_cat-chaussures-homme","8":"product_cat-homme","9":"pa_taille-645","10":"pa_taille-646","11":"pa_taille-649","12":"pa_taille-650","13":"pa_taille-651","14":"pa_taille-653","16":"first","17":"outofstock","18":"sale","19":"purchasable","20":"product-type-variable"},"_links":{"self":[{"href":"https:\/\/accrosport.tn\/index.php\/wp-json\/wp\/v2\/product\/36131","targetHints":{"allow":["GET"]}}],"collection":[{"href":"https:\/\/accrosport.tn\/index.php\/wp-json\/wp\/v2\/product"}],"about":[{"href":"https:\/\/accrosport.tn\/index.php\/wp-json\/wp\/v2\/types\/product"}],"wp:featuredmedia":[{"embeddable":true,"href":"https:\/\/accrosport.tn\/index.php\/wp-json\/wp\/v2\/media\/36850"}],"wp:attachment":[{"href":"https:\/\/accrosport.tn\/index.php\/wp-json\/wp\/v2\/media?parent=36131"}],"wp:term":[{"taxonomy":"product_brand","embeddable":true,"href":"https:\/\/accrosport.tn\/index.php\/wp-json\/wp\/v2\/product_brand?post=36131"},{"taxonomy":"product_cat","embeddable":true,"href":"https:\/\/accrosport.tn\/index.php\/wp-json\/wp\/v2\/product_cat?post=36131"},{"taxonomy":"product_tag","embeddable":true,"href":"https:\/\/accrosport.tn\/index.php\/wp-json\/wp\/v2\/product_tag?post=36131"}],"curies":[{"name":"wp","href":"https:\/\/api.w.org\/{rel}","templated":true}]}}