{"id":36124,"date":"2025-11-26T15:52:59","date_gmt":"2025-11-26T15:52:59","guid":{"rendered":"https:\/\/accrosport.tn\/index.php\/product\/c-campus-men-2501-negro\/"},"modified":"2026-02-24T08:58:49","modified_gmt":"2026-02-24T08:58:49","slug":"c-campus-men-2501-negro","status":"publish","type":"product","link":"https:\/\/accrosport.tn\/index.php\/product\/c-campus-men-2501-negro\/","title":{"rendered":"Basket Casual Homme JOMA C.CAMPUS 2501"},"content":{"rendered":"","protected":false},"excerpt":{"rendered":"<p>D\u00e9couvrez les baskets casual homme JOMA C.CAMPUS 2501 CCAMW2501, confortables et tendance. Id\u00e9ales pour un look d\u00e9contract\u00e9, elles sont disponibles en Pointure:40 \u00e0 45. Profitez de la qualit\u00e9 reconnue de la marque JOMA pour un confort optimal. N&rsquo;attendez plus, achetez d\u00e8s maintenant !<\/p>\n","protected":false},"featured_media":36240,"template":"","meta":[],"product_brand":[],"product_cat":[78,61,33],"product_tag":[],"class_list":{"0":"post-36124","1":"product","2":"type-product","3":"status-publish","4":"has-post-thumbnail","6":"product_cat-casual","7":"product_cat-chaussures-homme","8":"product_cat-homme","9":"pa_taille-645","10":"pa_taille-646","11":"pa_taille-649","12":"pa_taille-650","13":"pa_taille-651","14":"pa_taille-653","16":"first","17":"outofstock","18":"sale","19":"purchasable","20":"product-type-variable"},"_links":{"self":[{"href":"https:\/\/accrosport.tn\/index.php\/wp-json\/wp\/v2\/product\/36124","targetHints":{"allow":["GET"]}}],"collection":[{"href":"https:\/\/accrosport.tn\/index.php\/wp-json\/wp\/v2\/product"}],"about":[{"href":"https:\/\/accrosport.tn\/index.php\/wp-json\/wp\/v2\/types\/product"}],"wp:featuredmedia":[{"embeddable":true,"href":"https:\/\/accrosport.tn\/index.php\/wp-json\/wp\/v2\/media\/36240"}],"wp:attachment":[{"href":"https:\/\/accrosport.tn\/index.php\/wp-json\/wp\/v2\/media?parent=36124"}],"wp:term":[{"taxonomy":"product_brand","embeddable":true,"href":"https:\/\/accrosport.tn\/index.php\/wp-json\/wp\/v2\/product_brand?post=36124"},{"taxonomy":"product_cat","embeddable":true,"href":"https:\/\/accrosport.tn\/index.php\/wp-json\/wp\/v2\/product_cat?post=36124"},{"taxonomy":"product_tag","embeddable":true,"href":"https:\/\/accrosport.tn\/index.php\/wp-json\/wp\/v2\/product_tag?post=36124"}],"curies":[{"name":"wp","href":"https:\/\/api.w.org\/{rel}","templated":true}]}}