{"id":36101,"date":"2025-11-26T15:52:55","date_gmt":"2025-11-26T15:52:55","guid":{"rendered":"https:\/\/accrosport.tn\/index.php\/product\/c-attica-men-2503-blanco-marino\/"},"modified":"2026-03-11T12:46:42","modified_gmt":"2026-03-11T12:46:42","slug":"c-attica-men-2503-blanco-marino","status":"publish","type":"product","link":"https:\/\/accrosport.tn\/index.php\/product\/c-attica-men-2503-blanco-marino\/","title":{"rendered":"Chaussures casual C.Attica Men 25 homme blanc bleu marine"},"content":{"rendered":"<p>Chaussures de sport pour homme. Le mod\u00e8le Attica combine un design classique avec des performances \u00e9lev\u00e9es et une qualit\u00e9 exceptionnelle, se d\u00e9marquant par son dessus en cuir. Avec un style inspir\u00e9 des baskets embl\u00e9matiques de basketball, ces chaussures de sport se distinguent par leur polyvalence, en en faisant le choix id\u00e9al pour le quotidien.<\/p>\n<p>La coupe est fabriqu\u00e9e en cuir souple, durable et respirant. Pour optimiser la ventilation de la transpiration, nous avons ajout\u00e9 le syst\u00e8me de perforations VTS dans des zones strat\u00e9giques. Ils permettent l&rsquo;\u00e9vacuation de la transpiration pour que le pied reste frais en tout temps. Il comporte des pi\u00e8ces de daim en contraste.<\/p>\n<p>Semelle int\u00e9rieure MEMORY FOAM \u00e9labor\u00e9e avec de la mousse et une base en EVA thermoform\u00e9e pour s&rsquo;adapter totalement \u00e0 la foul\u00e9e et l&rsquo;adoucir. Elle comporte des perforations VTS pour la rendre plus respirante.<\/p>\n<p>La semelle est en caoutchouc DURABILITY r\u00e9sistant \u00e0 l&rsquo;usure par abrasion.<\/p>\n","protected":false},"excerpt":{"rendered":"<p>Chaussures de sport pour homme. Le mod\u00e8le Attica combine un design classique avec des performances \u00e9lev\u00e9es et une qualit\u00e9 exceptionnelle, se d\u00e9marquant par son dessus en cuir. Avec un style inspir\u00e9 des baskets embl\u00e9matiques de basketball, ces chaussures de sport se distinguent par leur polyvalence, en en faisant le choix id\u00e9al pour le quotidien.<\/p>\n","protected":false},"featured_media":36248,"template":"","meta":[],"product_brand":[],"product_cat":[78,61,33],"product_tag":[],"class_list":{"0":"post-36101","1":"product","2":"type-product","3":"status-publish","4":"has-post-thumbnail","6":"product_cat-casual","7":"product_cat-chaussures-homme","8":"product_cat-homme","9":"pa_taille-645","10":"pa_taille-646","11":"pa_taille-649","12":"pa_taille-650","13":"pa_taille-651","14":"pa_taille-653","15":"pa_taille-656","17":"first","18":"outofstock","19":"sale","20":"purchasable","21":"product-type-variable"},"_links":{"self":[{"href":"https:\/\/accrosport.tn\/index.php\/wp-json\/wp\/v2\/product\/36101","targetHints":{"allow":["GET"]}}],"collection":[{"href":"https:\/\/accrosport.tn\/index.php\/wp-json\/wp\/v2\/product"}],"about":[{"href":"https:\/\/accrosport.tn\/index.php\/wp-json\/wp\/v2\/types\/product"}],"wp:featuredmedia":[{"embeddable":true,"href":"https:\/\/accrosport.tn\/index.php\/wp-json\/wp\/v2\/media\/36248"}],"wp:attachment":[{"href":"https:\/\/accrosport.tn\/index.php\/wp-json\/wp\/v2\/media?parent=36101"}],"wp:term":[{"taxonomy":"product_brand","embeddable":true,"href":"https:\/\/accrosport.tn\/index.php\/wp-json\/wp\/v2\/product_brand?post=36101"},{"taxonomy":"product_cat","embeddable":true,"href":"https:\/\/accrosport.tn\/index.php\/wp-json\/wp\/v2\/product_cat?post=36101"},{"taxonomy":"product_tag","embeddable":true,"href":"https:\/\/accrosport.tn\/index.php\/wp-json\/wp\/v2\/product_tag?post=36101"}],"curies":[{"name":"wp","href":"https:\/\/api.w.org\/{rel}","templated":true}]}}