{"id":36087,"date":"2025-11-26T15:52:51","date_gmt":"2025-11-26T15:52:51","guid":{"rendered":"https:\/\/accrosport.tn\/index.php\/product\/selene-men-2523-green\/"},"modified":"2026-03-11T12:46:45","modified_gmt":"2026-03-11T12:46:45","slug":"selene-men-2523-green","status":"publish","type":"product","link":"https:\/\/accrosport.tn\/index.php\/product\/selene-men-2523-green\/","title":{"rendered":"Chaussures casual Selene Men 2523 homme vert"},"content":{"rendered":"<p>Baskets pour homme. Mod\u00e8le am\u00e9lior\u00e9 de chaussures de sport con\u00e7ues pour la marche et un usage quotidien. La semelle interm\u00e9diaire REACTIVE STEP offre un amorti et un retour d&rsquo;\u00e9nergie optimaux pour une marche plus rapide.<\/p>\n<p>Tige en mesh l\u00e9ger et respirant. La technologie VTS int\u00e9gr\u00e9e favorise l&rsquo;\u00e9vacuation de la transpiration. De plus, le syst\u00e8me thermoscell\u00e9 JOMA SPORTECH assure un maintien confortable et une grande l\u00e9g\u00e8ret\u00e9.<\/p>\n<p>Semelle int\u00e9rieure en mousse \u00e0 m\u00e9moire de forme, compos\u00e9e de mousse et d&rsquo;une base en EVA thermoform\u00e9e, pour une adaptation parfaite \u00e0 la foul\u00e9e et un confort optimal. Elle est perfor\u00e9e selon la technologie VTS pour une meilleure respirabilit\u00e9.<\/p>\n<p>Semelle interm\u00e9diaire en Phylon haute densit\u00e9 offrant une excellente absorption des chocs. La plaque REACTIVE STEP int\u00e9gr\u00e9e optimise la performance de la marche.<\/p>\n<p>Semelle antid\u00e9rapante. La finition antid\u00e9rapante r\u00e9duit le risque de glissade pour une marche en toute s\u00e9curit\u00e9 et un contr\u00f4le total de vos pas.<\/p>\n","protected":false},"excerpt":{"rendered":"<p>Baskets pour homme. Mod\u00e8le am\u00e9lior\u00e9 de chaussures de sport con\u00e7ues pour la marche et un usage quotidien. La semelle interm\u00e9diaire REACTIVE STEP offre un amorti et un retour d&rsquo;\u00e9nergie optimaux pour une marche plus rapide.<\/p>\n","protected":false},"featured_media":36262,"template":"","meta":[],"product_brand":[],"product_cat":[78,61,33],"product_tag":[],"class_list":{"0":"post-36087","1":"product","2":"type-product","3":"status-publish","4":"has-post-thumbnail","6":"product_cat-casual","7":"product_cat-chaussures-homme","8":"product_cat-homme","9":"pa_taille-646","10":"pa_taille-649","11":"pa_taille-650","12":"pa_taille-651","13":"pa_taille-653","14":"pa_taille-656","16":"first","17":"outofstock","18":"sale","19":"purchasable","20":"product-type-variable"},"_links":{"self":[{"href":"https:\/\/accrosport.tn\/index.php\/wp-json\/wp\/v2\/product\/36087","targetHints":{"allow":["GET"]}}],"collection":[{"href":"https:\/\/accrosport.tn\/index.php\/wp-json\/wp\/v2\/product"}],"about":[{"href":"https:\/\/accrosport.tn\/index.php\/wp-json\/wp\/v2\/types\/product"}],"wp:featuredmedia":[{"embeddable":true,"href":"https:\/\/accrosport.tn\/index.php\/wp-json\/wp\/v2\/media\/36262"}],"wp:attachment":[{"href":"https:\/\/accrosport.tn\/index.php\/wp-json\/wp\/v2\/media?parent=36087"}],"wp:term":[{"taxonomy":"product_brand","embeddable":true,"href":"https:\/\/accrosport.tn\/index.php\/wp-json\/wp\/v2\/product_brand?post=36087"},{"taxonomy":"product_cat","embeddable":true,"href":"https:\/\/accrosport.tn\/index.php\/wp-json\/wp\/v2\/product_cat?post=36087"},{"taxonomy":"product_tag","embeddable":true,"href":"https:\/\/accrosport.tn\/index.php\/wp-json\/wp\/v2\/product_tag?post=36087"}],"curies":[{"name":"wp","href":"https:\/\/api.w.org\/{rel}","templated":true}]}}