{"id":36080,"date":"2025-11-26T15:52:51","date_gmt":"2025-11-26T15:52:51","guid":{"rendered":"https:\/\/accrosport.tn\/index.php\/product\/c-nilo-men-2521-black\/"},"modified":"2026-04-07T18:50:28","modified_gmt":"2026-04-07T18:50:28","slug":"c-nilo-men-2521-black","status":"publish","type":"product","link":"https:\/\/accrosport.tn\/index.php\/product\/c-nilo-men-2521-black\/","title":{"rendered":"Chaussures de sport Homme JOMA 2521 noir"},"content":{"rendered":"","protected":false},"excerpt":{"rendered":"<p>Les chaussures de sport homme JOMA C.NILO CNILOS2521 MEN 2521 BLACK combinent confort, performance et style. Avec un maintien optimal et une semelle adh\u00e9rente, elles conviennent \u00e0 l\u2019entra\u00eenement comme au quotidien. Leur design moderne allie \u00e9l\u00e9gance et fonctionnalit\u00e9 pour accompagner toutes vos activit\u00e9s sportives.<\/p>\n","protected":false},"featured_media":36256,"template":"","meta":[],"product_brand":[],"product_cat":[78,61,33],"product_tag":[],"class_list":{"0":"post-36080","1":"product","2":"type-product","3":"status-publish","4":"has-post-thumbnail","6":"product_cat-casual","7":"product_cat-chaussures-homme","8":"product_cat-homme","9":"pa_taille-645","10":"pa_taille-646","11":"pa_taille-649","12":"pa_taille-650","13":"pa_taille-651","14":"pa_taille-653","16":"first","17":"outofstock","18":"sale","19":"purchasable","20":"product-type-variable"},"_links":{"self":[{"href":"https:\/\/accrosport.tn\/index.php\/wp-json\/wp\/v2\/product\/36080","targetHints":{"allow":["GET"]}}],"collection":[{"href":"https:\/\/accrosport.tn\/index.php\/wp-json\/wp\/v2\/product"}],"about":[{"href":"https:\/\/accrosport.tn\/index.php\/wp-json\/wp\/v2\/types\/product"}],"wp:featuredmedia":[{"embeddable":true,"href":"https:\/\/accrosport.tn\/index.php\/wp-json\/wp\/v2\/media\/36256"}],"wp:attachment":[{"href":"https:\/\/accrosport.tn\/index.php\/wp-json\/wp\/v2\/media?parent=36080"}],"wp:term":[{"taxonomy":"product_brand","embeddable":true,"href":"https:\/\/accrosport.tn\/index.php\/wp-json\/wp\/v2\/product_brand?post=36080"},{"taxonomy":"product_cat","embeddable":true,"href":"https:\/\/accrosport.tn\/index.php\/wp-json\/wp\/v2\/product_cat?post=36080"},{"taxonomy":"product_tag","embeddable":true,"href":"https:\/\/accrosport.tn\/index.php\/wp-json\/wp\/v2\/product_tag?post=36080"}],"curies":[{"name":"wp","href":"https:\/\/api.w.org\/{rel}","templated":true}]}}