{"id":36073,"date":"2025-11-26T15:52:51","date_gmt":"2025-11-26T15:52:51","guid":{"rendered":"https:\/\/accrosport.tn\/index.php\/product\/c-nilo-men-2503-navy-blue\/"},"modified":"2025-11-27T08:01:37","modified_gmt":"2025-11-27T08:01:37","slug":"c-nilo-men-2503-navy-blue","status":"publish","type":"product","link":"https:\/\/accrosport.tn\/index.php\/product\/c-nilo-men-2503-navy-blue\/","title":{"rendered":"C.NILO MEN 2503 NAVY BLUE"},"content":{"rendered":"<p>Chaussures de sport pour hommes. Nouveau mod\u00e8le \u00e9quip\u00e9 de technologie destin\u00e9e \u00e0 l&rsquo;amorti. D\u00e9velopp\u00e9 pour les sportifs \u00e0 la recherche d&rsquo;une chaussure confortable et l\u00e9g\u00e8re pour la marche.<\/p>\n<p>La tige est fabriqu\u00e9e en mesh l\u00e9ger et respirant avec le syst\u00e8me de ventilation VTS. Elle dispose de deux panneaux lat\u00e9raux \u00e9lastiques pour ajuster les chaussures sans causer d&rsquo;inconfort.<\/p>\n<p>Semelle int\u00e9rieure MEMORY FOAM fabriqu\u00e9e avec de la mousse et une base en EVA thermoform\u00e9e pour s&rsquo;adapter compl\u00e8tement \u00e0 la foul\u00e9e et l&rsquo;adoucir. Elle comporte des perforations VTS pour la rendre plus respirante.<\/p>\n<p>Semelle interm\u00e9diaire EXTRA COMFORT construite en phylon Taij\u00ed. Il s&rsquo;agit d&rsquo;un composant super confortable, offrant des niveaux d&rsquo;amorti sup\u00e9rieurs. La largeur g\u00e9n\u00e9reuse offre un soutien \u00e9tendu dans la zone avant et du m\u00e9dio-pied.<\/p>\n<p>Semelle SLIP RESISTANT. La finition antid\u00e9rapante r\u00e9duit le risque de glissade pour pouvoir marcher en toute s\u00e9curit\u00e9 et contr\u00f4ler la foul\u00e9e.<\/p>\n","protected":false},"excerpt":{"rendered":"<p>Chaussures de sport pour hommes. Nouveau mod\u00e8le \u00e9quip\u00e9 de technologie destin\u00e9e \u00e0 l&rsquo;amorti. D\u00e9velopp\u00e9 pour les sportifs \u00e0 la recherche d&rsquo;une chaussure confortable et l\u00e9g\u00e8re pour la marche.<\/p>\n","protected":false},"featured_media":36253,"template":"","meta":[],"product_brand":[],"product_cat":[78,61,33],"product_tag":[],"class_list":{"0":"post-36073","1":"product","2":"type-product","3":"status-publish","4":"has-post-thumbnail","6":"product_cat-casual","7":"product_cat-chaussures-homme","8":"product_cat-homme","9":"pa_taille-645","10":"pa_taille-646","11":"pa_taille-649","12":"pa_taille-650","13":"pa_taille-651","14":"pa_taille-653","16":"first","17":"outofstock","18":"sale","19":"purchasable","20":"product-type-variable"},"_links":{"self":[{"href":"https:\/\/accrosport.tn\/index.php\/wp-json\/wp\/v2\/product\/36073","targetHints":{"allow":["GET"]}}],"collection":[{"href":"https:\/\/accrosport.tn\/index.php\/wp-json\/wp\/v2\/product"}],"about":[{"href":"https:\/\/accrosport.tn\/index.php\/wp-json\/wp\/v2\/types\/product"}],"wp:featuredmedia":[{"embeddable":true,"href":"https:\/\/accrosport.tn\/index.php\/wp-json\/wp\/v2\/media\/36253"}],"wp:attachment":[{"href":"https:\/\/accrosport.tn\/index.php\/wp-json\/wp\/v2\/media?parent=36073"}],"wp:term":[{"taxonomy":"product_brand","embeddable":true,"href":"https:\/\/accrosport.tn\/index.php\/wp-json\/wp\/v2\/product_brand?post=36073"},{"taxonomy":"product_cat","embeddable":true,"href":"https:\/\/accrosport.tn\/index.php\/wp-json\/wp\/v2\/product_cat?post=36073"},{"taxonomy":"product_tag","embeddable":true,"href":"https:\/\/accrosport.tn\/index.php\/wp-json\/wp\/v2\/product_tag?post=36073"}],"curies":[{"name":"wp","href":"https:\/\/api.w.org\/{rel}","templated":true}]}}