{"id":36046,"date":"2025-11-26T15:45:26","date_gmt":"2025-11-26T15:45:26","guid":{"rendered":"https:\/\/accrosport.tn\/?post_type=product&#038;p=36046"},"modified":"2026-04-16T20:54:12","modified_gmt":"2026-04-16T20:54:12","slug":"chaussures-running-vitaly-men-25-homme-bleu-marine","status":"publish","type":"product","link":"https:\/\/accrosport.tn\/index.php\/product\/chaussures-running-vitaly-men-25-homme-bleu-marine\/","title":{"rendered":"Chaussures running Vitaly Men 25 homme bleu marine"},"content":{"rendered":"<p>Chaussures de course pour hommes. Con\u00e7ues pour d\u00e9buter en course \u00e0 pied ou pour marcher, les Vitaly offrent un confort maximal. Elles absorbent les chocs sous les pieds et offrent des niveaux \u00e9lev\u00e9s d&rsquo;\u00e9vacuation de la transpiration.<\/p>\n<p>Tige en mesh technique pour une meilleure \u00e9vacuation de la transpiration. Le syst\u00e8me de ventilation VTS favorise le flux d&rsquo;air et maintient les pieds frais.<\/p>\n<p>Semelle interm\u00e9diaire en phylon, un mat\u00e9riau l\u00e9ger, fonctionnel et flexible. Offre un bon amorti en courant ou en marchant.<\/p>\n<p>Semelle en caoutchouc de bonne qualit\u00e9 et r\u00e9sistante \u00e0 l&rsquo;abrasion sur l&rsquo;asphalte.<\/p>\n","protected":false},"excerpt":{"rendered":"<p>Chaussures de course pour hommes. Con\u00e7ues pour d\u00e9buter en course \u00e0 pied ou pour marcher, les Vitaly offrent un confort maximal. Elles absorbent les chocs sous les pieds et offrent des niveaux \u00e9lev\u00e9s d&rsquo;\u00e9vacuation de la transpiration.<\/p>\n","protected":false},"featured_media":36065,"template":"","meta":[],"product_brand":[],"product_cat":[61,33,77,114,113],"product_tag":[],"class_list":{"0":"post-36046","1":"product","2":"type-product","3":"status-publish","4":"has-post-thumbnail","6":"product_cat-chaussures-homme","7":"product_cat-homme","8":"product_cat-running","9":"product_cat-running-sport","10":"product_cat-sport","11":"pa_taille-645","12":"pa_taille-646","13":"pa_taille-649","14":"pa_taille-650","15":"pa_taille-651","16":"pa_taille-653","18":"first","19":"outofstock","20":"sale","21":"purchasable","22":"product-type-variable"},"_links":{"self":[{"href":"https:\/\/accrosport.tn\/index.php\/wp-json\/wp\/v2\/product\/36046","targetHints":{"allow":["GET"]}}],"collection":[{"href":"https:\/\/accrosport.tn\/index.php\/wp-json\/wp\/v2\/product"}],"about":[{"href":"https:\/\/accrosport.tn\/index.php\/wp-json\/wp\/v2\/types\/product"}],"wp:featuredmedia":[{"embeddable":true,"href":"https:\/\/accrosport.tn\/index.php\/wp-json\/wp\/v2\/media\/36065"}],"wp:attachment":[{"href":"https:\/\/accrosport.tn\/index.php\/wp-json\/wp\/v2\/media?parent=36046"}],"wp:term":[{"taxonomy":"product_brand","embeddable":true,"href":"https:\/\/accrosport.tn\/index.php\/wp-json\/wp\/v2\/product_brand?post=36046"},{"taxonomy":"product_cat","embeddable":true,"href":"https:\/\/accrosport.tn\/index.php\/wp-json\/wp\/v2\/product_cat?post=36046"},{"taxonomy":"product_tag","embeddable":true,"href":"https:\/\/accrosport.tn\/index.php\/wp-json\/wp\/v2\/product_tag?post=36046"}],"curies":[{"name":"wp","href":"https:\/\/api.w.org\/{rel}","templated":true}]}}