{"id":36038,"date":"2025-11-26T15:40:09","date_gmt":"2025-11-26T15:40:09","guid":{"rendered":"https:\/\/accrosport.tn\/?post_type=product&#038;p=36038"},"modified":"2026-03-18T09:56:06","modified_gmt":"2026-03-18T09:56:06","slug":"basket-casual-femme-joma-c-stadium","status":"publish","type":"product","link":"https:\/\/accrosport.tn\/index.php\/product\/basket-casual-femme-joma-c-stadium\/","title":{"rendered":"Basket Casual Femme JOMA C.STADIUM"},"content":{"rendered":"<p>Optez pour un look d\u00e9contract\u00e9 avec les baskets Casual Femme JOMA C.STADIUM 2525 CSTALW2525. Disponibles en pointures 36 \u00e0 41, ces chaussures de la marque JOMA offrent un confort optimal et un design \u00e9l\u00e9gant. Id\u00e9ales pour toutes vos activit\u00e9s quotidiennes, elles allient parfaitement style et fonctionnalit\u00e9. Faites le choix d&rsquo;une qualit\u00e9 sup\u00e9rieure avec JOMA.<\/p>\n","protected":false},"excerpt":{"rendered":"<p>Optez pour un look d\u00e9contract\u00e9 avec les baskets Casual Femme JOMA C.STADIUM 2525 CSTALW2525. Disponibles en pointures 36 \u00e0 41, ces chaussures de la marque JOMA offrent un confort optimal et un design \u00e9l\u00e9gant. Id\u00e9ales pour toutes vos activit\u00e9s quotidiennes, elles allient parfaitement style et fonctionnalit\u00e9. Faites le choix d&rsquo;une qualit\u00e9 sup\u00e9rieure avec JOMA.<\/p>\n","protected":false},"featured_media":36045,"template":"","meta":[],"product_brand":[],"product_cat":[80,57,42],"product_tag":[],"class_list":{"0":"post-36038","1":"product","2":"type-product","3":"status-publish","4":"has-post-thumbnail","6":"product_cat-chaussures-casual-femme-tunisie","7":"product_cat-chaussures","8":"product_cat-femme","9":"pa_taille-641","10":"pa_taille-643","11":"pa_taille-655","12":"pa_taille-644","13":"pa_taille-645","14":"pa_taille-646","16":"first","17":"outofstock","18":"sale","19":"purchasable","20":"product-type-variable"},"_links":{"self":[{"href":"https:\/\/accrosport.tn\/index.php\/wp-json\/wp\/v2\/product\/36038","targetHints":{"allow":["GET"]}}],"collection":[{"href":"https:\/\/accrosport.tn\/index.php\/wp-json\/wp\/v2\/product"}],"about":[{"href":"https:\/\/accrosport.tn\/index.php\/wp-json\/wp\/v2\/types\/product"}],"wp:featuredmedia":[{"embeddable":true,"href":"https:\/\/accrosport.tn\/index.php\/wp-json\/wp\/v2\/media\/36045"}],"wp:attachment":[{"href":"https:\/\/accrosport.tn\/index.php\/wp-json\/wp\/v2\/media?parent=36038"}],"wp:term":[{"taxonomy":"product_brand","embeddable":true,"href":"https:\/\/accrosport.tn\/index.php\/wp-json\/wp\/v2\/product_brand?post=36038"},{"taxonomy":"product_cat","embeddable":true,"href":"https:\/\/accrosport.tn\/index.php\/wp-json\/wp\/v2\/product_cat?post=36038"},{"taxonomy":"product_tag","embeddable":true,"href":"https:\/\/accrosport.tn\/index.php\/wp-json\/wp\/v2\/product_tag?post=36038"}],"curies":[{"name":"wp","href":"https:\/\/api.w.org\/{rel}","templated":true}]}}