{"id":36020,"date":"2025-11-26T15:30:32","date_gmt":"2025-11-26T15:30:32","guid":{"rendered":"https:\/\/accrosport.tn\/?post_type=product&#038;p=36020"},"modified":"2026-03-14T11:41:19","modified_gmt":"2026-03-14T11:41:19","slug":"chaussures-casual-c-stadium-lady-25-femme-noir","status":"publish","type":"product","link":"https:\/\/accrosport.tn\/index.php\/product\/chaussures-casual-c-stadium-lady-25-femme-noir\/","title":{"rendered":"Chaussures casual C.Stadium Lady 25 femme noir"},"content":{"rendered":"<p>Chaussures de sport pour femme. La polyvalence et la fonctionnalit\u00e9 d\u00e9finissent ce mod\u00e8le pour un usage quotidien. Son design minimaliste et intemporel se marie avec n&rsquo;importe quel look d\u00e9contract\u00e9.<\/p>\n<p>Tige en cuir synth\u00e9tique, un mat\u00e9riau r\u00e9sistant et facile \u00e0 entretenir, qui prolonge la dur\u00e9e de vie du produit. Dot\u00e9 de petites perforations VTS \u00e0 l&rsquo;avant, permettant la ventilation de la transpiration.<\/p>\n<p>Confort optimis\u00e9 gr\u00e2ce \u00e0 la semelle MEMORY FOAM, fabriqu\u00e9e en mousse et base en EVA thermoform\u00e9e qui s&rsquo;adapte correctement \u00e0 la foul\u00e9e et la rend plus douce. \u00c9vacue l&rsquo;humidit\u00e9 gr\u00e2ce aux perforations int\u00e9gr\u00e9es.<\/p>\n<p>Semelle en caoutchouc DURABILITY de haute qualit\u00e9.<\/p>\n","protected":false},"excerpt":{"rendered":"<p>Chaussures de sport pour femme. La polyvalence et la fonctionnalit\u00e9 d\u00e9finissent ce mod\u00e8le pour un usage quotidien. Son design minimaliste et intemporel se marie avec n&rsquo;importe quel look d\u00e9contract\u00e9.<\/p>\n","protected":false},"featured_media":36030,"template":"","meta":[],"product_brand":[],"product_cat":[80,57,42],"product_tag":[],"class_list":{"0":"post-36020","1":"product","2":"type-product","3":"status-publish","4":"has-post-thumbnail","6":"product_cat-chaussures-casual-femme-tunisie","7":"product_cat-chaussures","8":"product_cat-femme","9":"pa_taille-641","10":"pa_taille-643","11":"pa_taille-655","12":"pa_taille-644","13":"pa_taille-645","14":"pa_taille-646","16":"first","17":"outofstock","18":"sale","19":"purchasable","20":"product-type-variable"},"_links":{"self":[{"href":"https:\/\/accrosport.tn\/index.php\/wp-json\/wp\/v2\/product\/36020","targetHints":{"allow":["GET"]}}],"collection":[{"href":"https:\/\/accrosport.tn\/index.php\/wp-json\/wp\/v2\/product"}],"about":[{"href":"https:\/\/accrosport.tn\/index.php\/wp-json\/wp\/v2\/types\/product"}],"wp:featuredmedia":[{"embeddable":true,"href":"https:\/\/accrosport.tn\/index.php\/wp-json\/wp\/v2\/media\/36030"}],"wp:attachment":[{"href":"https:\/\/accrosport.tn\/index.php\/wp-json\/wp\/v2\/media?parent=36020"}],"wp:term":[{"taxonomy":"product_brand","embeddable":true,"href":"https:\/\/accrosport.tn\/index.php\/wp-json\/wp\/v2\/product_brand?post=36020"},{"taxonomy":"product_cat","embeddable":true,"href":"https:\/\/accrosport.tn\/index.php\/wp-json\/wp\/v2\/product_cat?post=36020"},{"taxonomy":"product_tag","embeddable":true,"href":"https:\/\/accrosport.tn\/index.php\/wp-json\/wp\/v2\/product_tag?post=36020"}],"curies":[{"name":"wp","href":"https:\/\/api.w.org\/{rel}","templated":true}]}}