{"id":35999,"date":"2025-11-26T15:01:57","date_gmt":"2025-11-26T15:01:57","guid":{"rendered":"https:\/\/accrosport.tn\/?post_type=product&#038;p=35999"},"modified":"2026-03-11T12:46:43","modified_gmt":"2026-03-11T12:46:43","slug":"chaussures-casual-c-oasis-lady-25-femme-beige-vert","status":"publish","type":"product","link":"https:\/\/accrosport.tn\/index.php\/product\/chaussures-casual-c-oasis-lady-25-femme-beige-vert\/","title":{"rendered":"Chaussures casual C.Oasis Lady 25 femme beige vert"},"content":{"rendered":"<p>Chaussures de sport pour femme. Les Oasis pr\u00e9sentent un style classique et intemporel, c&rsquo;est pourquoi elles compl\u00e8tent n&rsquo;importe quel look sportif. Leur design sobre fabriqu\u00e9 avec des mat\u00e9riaux de haute qualit\u00e9 ajoute du style au quotidien.<\/p>\n<p>Tige en cuir et daim, un ensemble de mat\u00e9riaux flexibles, r\u00e9sistants et styl\u00e9s. Dot\u00e9 de petites perforations VTS qui facilitent l&rsquo;\u00e9vacuation de la transpiration.<\/p>\n<p>La semelle int\u00e9rieure en cuir absorbe l&rsquo;humidit\u00e9 et r\u00e9siste \u00e0 l&rsquo;abrasion.<\/p>\n<p>Semelle en caoutchouc DURABILITY de haute qualit\u00e9.<\/p>\n","protected":false},"excerpt":{"rendered":"<p>Chaussures de sport pour femme. Les Oasis pr\u00e9sentent un style classique et intemporel, c&rsquo;est pourquoi elles compl\u00e8tent n&rsquo;importe quel look sportif. Leur design sobre fabriqu\u00e9 avec des mat\u00e9riaux de haute qualit\u00e9 ajoute du style au quotidien.<\/p>\n","protected":false},"featured_media":36011,"template":"","meta":[],"product_brand":[],"product_cat":[80,57,42],"product_tag":[],"class_list":{"0":"post-35999","1":"product","2":"type-product","3":"status-publish","4":"has-post-thumbnail","6":"product_cat-chaussures-casual-femme-tunisie","7":"product_cat-chaussures","8":"product_cat-femme","9":"pa_taille-641","10":"pa_taille-643","11":"pa_taille-655","12":"pa_taille-644","13":"pa_taille-645","14":"pa_taille-646","16":"first","17":"outofstock","18":"sale","19":"purchasable","20":"product-type-variable"},"_links":{"self":[{"href":"https:\/\/accrosport.tn\/index.php\/wp-json\/wp\/v2\/product\/35999","targetHints":{"allow":["GET"]}}],"collection":[{"href":"https:\/\/accrosport.tn\/index.php\/wp-json\/wp\/v2\/product"}],"about":[{"href":"https:\/\/accrosport.tn\/index.php\/wp-json\/wp\/v2\/types\/product"}],"wp:featuredmedia":[{"embeddable":true,"href":"https:\/\/accrosport.tn\/index.php\/wp-json\/wp\/v2\/media\/36011"}],"wp:attachment":[{"href":"https:\/\/accrosport.tn\/index.php\/wp-json\/wp\/v2\/media?parent=35999"}],"wp:term":[{"taxonomy":"product_brand","embeddable":true,"href":"https:\/\/accrosport.tn\/index.php\/wp-json\/wp\/v2\/product_brand?post=35999"},{"taxonomy":"product_cat","embeddable":true,"href":"https:\/\/accrosport.tn\/index.php\/wp-json\/wp\/v2\/product_cat?post=35999"},{"taxonomy":"product_tag","embeddable":true,"href":"https:\/\/accrosport.tn\/index.php\/wp-json\/wp\/v2\/product_tag?post=35999"}],"curies":[{"name":"wp","href":"https:\/\/api.w.org\/{rel}","templated":true}]}}