{"id":35990,"date":"2025-11-26T14:56:00","date_gmt":"2025-11-26T14:56:00","guid":{"rendered":"https:\/\/accrosport.tn\/?post_type=product&#038;p=35990"},"modified":"2026-03-11T20:57:44","modified_gmt":"2026-03-11T20:57:44","slug":"chaussures-casual-c-flexys-lady-25-femme-beige","status":"publish","type":"product","link":"https:\/\/accrosport.tn\/index.php\/product\/chaussures-casual-c-flexys-lady-25-femme-beige\/","title":{"rendered":"Chaussures casual C.Flexys Lady 25 femme beige"},"content":{"rendered":"<p>Chaussures de sport pour femme. Flexys est le fruit de l&rsquo;\u00e9volution du mod\u00e8le embl\u00e9matique de futsal Top Flex, le best-seller. Depuis les ann\u00e9es 90, les meilleurs footballeurs du monde entier ont r\u00e9ussi sur les terrains indoor avec eux, et maintenant ils se sont adapt\u00e9s au confort requis par un mod\u00e8le d&rsquo;usage quotidien, tout en conservant en tout temps les points forts originaux : la ventilation de la transpiration, la flexibilit\u00e9 et la fabrication de la coupe en cuir naturel.<\/p>\n<p>L&#8217;empeigne est fabriqu\u00e9e en cuir souple, durable et respirant. Pour optimiser la ventilation de la transpiration, nous avons ajout\u00e9 le syst\u00e8me de perforations VTS dans des zones strat\u00e9giques. Ils permettent l&rsquo;\u00e9vacuation de la transpiration pour que le pied reste frais en tout temps.<\/p>\n<p>La semelle int\u00e9rieure, enti\u00e8rement r\u00e9alis\u00e9e avec des composants recycl\u00e9s, absorbe les chocs et adoucit la marche. Elle expulse \u00e9galement l&rsquo;humidit\u00e9 pour que la temp\u00e9rature \u00e0 l&rsquo;int\u00e9rieur de la chaussure soit constante.<\/p>\n<p>Semelle en caoutchouc recycl\u00e9 DURABILITY, l\u00e9g\u00e8re et tr\u00e8s r\u00e9sistante \u00e0 l&rsquo;abrasion. Ainsi, Joma s&rsquo;engage en faveur de la mode durable, r\u00e9duisant l&#8217;empreinte environnementale dans la fabrication de ces chaussures.<\/p>\n","protected":false},"excerpt":{"rendered":"<p>Chaussures de sport pour femme. Flexys est le fruit de l&rsquo;\u00e9volution du mod\u00e8le embl\u00e9matique de futsal Top Flex, le best-seller. Depuis les ann\u00e9es 90, les meilleurs footballeurs du monde entier ont r\u00e9ussi sur les terrains indoor avec eux, et maintenant ils se sont adapt\u00e9s au confort requis par un mod\u00e8le d&rsquo;usage quotidien, tout en conservant en tout temps les points forts originaux : la ventilation de la transpiration, la flexibilit\u00e9 et la fabrication de la coupe en cuir naturel.<\/p>\n","protected":false},"featured_media":35998,"template":"","meta":[],"product_brand":[],"product_cat":[80,57,42],"product_tag":[],"class_list":{"0":"post-35990","1":"product","2":"type-product","3":"status-publish","4":"has-post-thumbnail","6":"product_cat-chaussures-casual-femme-tunisie","7":"product_cat-chaussures","8":"product_cat-femme","9":"pa_taille-641","10":"pa_taille-643","11":"pa_taille-655","12":"pa_taille-644","13":"pa_taille-645","14":"pa_taille-646","16":"first","17":"outofstock","18":"sale","19":"purchasable","20":"product-type-variable"},"_links":{"self":[{"href":"https:\/\/accrosport.tn\/index.php\/wp-json\/wp\/v2\/product\/35990","targetHints":{"allow":["GET"]}}],"collection":[{"href":"https:\/\/accrosport.tn\/index.php\/wp-json\/wp\/v2\/product"}],"about":[{"href":"https:\/\/accrosport.tn\/index.php\/wp-json\/wp\/v2\/types\/product"}],"wp:featuredmedia":[{"embeddable":true,"href":"https:\/\/accrosport.tn\/index.php\/wp-json\/wp\/v2\/media\/35998"}],"wp:attachment":[{"href":"https:\/\/accrosport.tn\/index.php\/wp-json\/wp\/v2\/media?parent=35990"}],"wp:term":[{"taxonomy":"product_brand","embeddable":true,"href":"https:\/\/accrosport.tn\/index.php\/wp-json\/wp\/v2\/product_brand?post=35990"},{"taxonomy":"product_cat","embeddable":true,"href":"https:\/\/accrosport.tn\/index.php\/wp-json\/wp\/v2\/product_cat?post=35990"},{"taxonomy":"product_tag","embeddable":true,"href":"https:\/\/accrosport.tn\/index.php\/wp-json\/wp\/v2\/product_tag?post=35990"}],"curies":[{"name":"wp","href":"https:\/\/api.w.org\/{rel}","templated":true}]}}