{"id":35976,"date":"2025-11-26T14:47:37","date_gmt":"2025-11-26T14:47:37","guid":{"rendered":"https:\/\/accrosport.tn\/?post_type=product&#038;p=35976"},"modified":"2025-12-19T16:21:04","modified_gmt":"2025-12-19T16:21:04","slug":"chaussures-casual-c-campus-lady-25-femme-noir-grenat","status":"publish","type":"product","link":"https:\/\/accrosport.tn\/index.php\/product\/chaussures-casual-c-campus-lady-25-femme-noir-grenat\/","title":{"rendered":"Chaussures casual C.Campus Lady 25 femme noir grenat"},"content":{"rendered":"<p>Chaussures de sport pour femme. Le mod\u00e8le Campus est synonyme de style et de simplicit\u00e9. Une chaussure intemporelle qui ajoute une touche sportive \u00e0 n&rsquo;importe quel look quotidien.<\/p>\n<p>Tige construite en cuir synth\u00e9tique, un mat\u00e9riau r\u00e9sistant et durable, accompagn\u00e9 de renforts doux et velout\u00e9s aux points cl\u00e9s.<\/p>\n<p>Semelle int\u00e9rieure en MEMORY FOAM fabriqu\u00e9e avec de la mousse et une base en EVA thermoform\u00e9e qui s&rsquo;adapte correctement \u00e0 la foul\u00e9e et l&rsquo;adoucit. Elle \u00e9vacue l&rsquo;humidit\u00e9 gr\u00e2ce aux perforations incorpor\u00e9es.<\/p>\n<p>Semelle en caoutchouc DURABILITY de haute qualit\u00e9.<\/p>\n","protected":false},"excerpt":{"rendered":"<p>Chaussures de sport pour femme. Le mod\u00e8le Campus est synonyme de style et de simplicit\u00e9. Une chaussure intemporelle qui ajoute une touche sportive \u00e0 n&rsquo;importe quel look quotidien.<\/p>\n","protected":false},"featured_media":35989,"template":"","meta":[],"product_brand":[],"product_cat":[80,57,42],"product_tag":[],"class_list":{"0":"post-35976","1":"product","2":"type-product","3":"status-publish","4":"has-post-thumbnail","6":"product_cat-chaussures-casual-femme-tunisie","7":"product_cat-chaussures","8":"product_cat-femme","9":"pa_taille-641","10":"pa_taille-643","11":"pa_taille-655","12":"pa_taille-644","13":"pa_taille-645","14":"pa_taille-646","16":"first","17":"outofstock","18":"sale","19":"purchasable","20":"product-type-variable"},"_links":{"self":[{"href":"https:\/\/accrosport.tn\/index.php\/wp-json\/wp\/v2\/product\/35976","targetHints":{"allow":["GET"]}}],"collection":[{"href":"https:\/\/accrosport.tn\/index.php\/wp-json\/wp\/v2\/product"}],"about":[{"href":"https:\/\/accrosport.tn\/index.php\/wp-json\/wp\/v2\/types\/product"}],"wp:featuredmedia":[{"embeddable":true,"href":"https:\/\/accrosport.tn\/index.php\/wp-json\/wp\/v2\/media\/35989"}],"wp:attachment":[{"href":"https:\/\/accrosport.tn\/index.php\/wp-json\/wp\/v2\/media?parent=35976"}],"wp:term":[{"taxonomy":"product_brand","embeddable":true,"href":"https:\/\/accrosport.tn\/index.php\/wp-json\/wp\/v2\/product_brand?post=35976"},{"taxonomy":"product_cat","embeddable":true,"href":"https:\/\/accrosport.tn\/index.php\/wp-json\/wp\/v2\/product_cat?post=35976"},{"taxonomy":"product_tag","embeddable":true,"href":"https:\/\/accrosport.tn\/index.php\/wp-json\/wp\/v2\/product_tag?post=35976"}],"curies":[{"name":"wp","href":"https:\/\/api.w.org\/{rel}","templated":true}]}}