{"id":35970,"date":"2025-11-26T14:44:02","date_gmt":"2025-11-26T14:44:02","guid":{"rendered":"https:\/\/accrosport.tn\/?post_type=product&#038;p=35970"},"modified":"2026-01-08T15:27:52","modified_gmt":"2026-01-08T15:27:52","slug":"chaussures-running-homme-c-perseo-men-2501-noir-blanc","status":"publish","type":"product","link":"https:\/\/accrosport.tn\/index.php\/product\/chaussures-running-homme-c-perseo-men-2501-noir-blanc\/","title":{"rendered":"Chaussures running Homme C.PERSEO MEN 2501 noir blanc"},"content":{"rendered":"<p>Tige principalement compos\u00e9e de mesh respirant et l\u00e9ger. Le syst\u00e8me de ventilation VTS int\u00e9gr\u00e9 permet l&rsquo;\u00e9vacuation de la transpiration. Le syst\u00e8me de r\u00e9glage thermoscell\u00e9 JOMA SPORTECH assure le maintien n\u00e9cessaire pour un confort optimal.<\/p>\n<p>Semelle int\u00e9rieure en mousse \u00e0 m\u00e9moire de forme, compos\u00e9e de mousse et d&rsquo;une base en EVA thermoform\u00e9e, pour une adaptation parfaite \u00e0 la foul\u00e9e et un confort optimal. Elle est perfor\u00e9e selon la technologie VTS pour une meilleure respirabilit\u00e9.<\/p>\n<p>Semelle interm\u00e9diaire \u00e0 haute r\u00e9activit\u00e9 et amorti, con\u00e7ue avec la technologie REACTIVE BALL. Ce mat\u00e9riau absorbe les chocs et, associ\u00e9 \u00e0 la plaque REACTIVE STEP, assure une bonne propulsion.<\/p>\n<p>Semelle antid\u00e9rapante. La finition antid\u00e9rapante r\u00e9duit le risque de glissade pour une marche en toute s\u00e9curit\u00e9 et un contr\u00f4le optimal de vos pas.<\/p>\n","protected":false},"excerpt":{"rendered":"<p>Chaussures de sport pour hommes. Optimisez votre marche gr\u00e2ce \u00e0 la plaque REACTIVE STEP qui dynamise chaque pas. Elles vous aident \u00e0 gagner en \u00e9lan et \u00e0 augmenter votre rythme.<\/p>\n","protected":false},"featured_media":35983,"template":"","meta":[],"product_brand":[],"product_cat":[61,33,77,114,113],"product_tag":[],"class_list":{"0":"post-35970","1":"product","2":"type-product","3":"status-publish","4":"has-post-thumbnail","6":"product_cat-chaussures-homme","7":"product_cat-homme","8":"product_cat-running","9":"product_cat-running-sport","10":"product_cat-sport","11":"pa_couleur-black-white","12":"pa_taille-645","13":"pa_taille-646","14":"pa_taille-649","15":"pa_taille-650","16":"pa_taille-651","17":"pa_taille-653","19":"first","20":"outofstock","21":"sale","22":"purchasable","23":"product-type-variable"},"_links":{"self":[{"href":"https:\/\/accrosport.tn\/index.php\/wp-json\/wp\/v2\/product\/35970","targetHints":{"allow":["GET"]}}],"collection":[{"href":"https:\/\/accrosport.tn\/index.php\/wp-json\/wp\/v2\/product"}],"about":[{"href":"https:\/\/accrosport.tn\/index.php\/wp-json\/wp\/v2\/types\/product"}],"wp:featuredmedia":[{"embeddable":true,"href":"https:\/\/accrosport.tn\/index.php\/wp-json\/wp\/v2\/media\/35983"}],"wp:attachment":[{"href":"https:\/\/accrosport.tn\/index.php\/wp-json\/wp\/v2\/media?parent=35970"}],"wp:term":[{"taxonomy":"product_brand","embeddable":true,"href":"https:\/\/accrosport.tn\/index.php\/wp-json\/wp\/v2\/product_brand?post=35970"},{"taxonomy":"product_cat","embeddable":true,"href":"https:\/\/accrosport.tn\/index.php\/wp-json\/wp\/v2\/product_cat?post=35970"},{"taxonomy":"product_tag","embeddable":true,"href":"https:\/\/accrosport.tn\/index.php\/wp-json\/wp\/v2\/product_tag?post=35970"}],"curies":[{"name":"wp","href":"https:\/\/api.w.org\/{rel}","templated":true}]}}