{"id":35959,"date":"2025-11-26T14:11:36","date_gmt":"2025-11-26T14:11:36","guid":{"rendered":"https:\/\/accrosport.tn\/?post_type=product&#038;p=35959"},"modified":"2026-03-11T12:46:43","modified_gmt":"2026-03-11T12:46:43","slug":"chaussures-casual-c-ayure-lady-25-femme-blanc-gris","status":"publish","type":"product","link":"https:\/\/accrosport.tn\/index.php\/product\/chaussures-casual-c-ayure-lady-25-femme-blanc-gris\/","title":{"rendered":"Chaussures casual C.Ayure Lady 25 femme blanc gris"},"content":{"rendered":"<p>Chaussures d\u00e9contract\u00e9es pour femme. Gr\u00e2ce \u00e0 leur design simple, les possibilit\u00e9s de les combiner facilement augmentent.<\/p>\n<p>Tige en cuir synth\u00e9tique r\u00e9sistant et durable, cr\u00e9ant ainsi une combinaison id\u00e9ale entre confort et commodit\u00e9.<\/p>\n<p>Semelle int\u00e9rieure en MEMORY FOAM fabriqu\u00e9e en mousse et base en EVA thermoform\u00e9e qui s&rsquo;adapte parfaitement \u00e0 la foul\u00e9e et la rend plus douce.<\/p>\n<p>Semelle en caoutchouc DURABILITY tr\u00e8s r\u00e9sistante qui pr\u00e9vient l&rsquo;apparition d&rsquo;ampoules et r\u00e9siste correctement \u00e0 l&rsquo;usure.<\/p>\n<p>Lire moins<\/p>\n","protected":false},"excerpt":{"rendered":"<p>Chaussures d\u00e9contract\u00e9es pour femme. Gr\u00e2ce \u00e0 leur design simple, les possibilit\u00e9s de les combiner facilement augmentent.<\/p>\n","protected":false},"featured_media":35969,"template":"","meta":[],"product_brand":[],"product_cat":[80,57,42],"product_tag":[],"class_list":{"0":"post-35959","1":"product","2":"type-product","3":"status-publish","4":"has-post-thumbnail","6":"product_cat-chaussures-casual-femme-tunisie","7":"product_cat-chaussures","8":"product_cat-femme","9":"pa_taille-641","10":"pa_taille-643","11":"pa_taille-655","12":"pa_taille-644","13":"pa_taille-645","14":"pa_taille-646","16":"first","17":"instock","18":"sale","19":"purchasable","20":"product-type-variable"},"_links":{"self":[{"href":"https:\/\/accrosport.tn\/index.php\/wp-json\/wp\/v2\/product\/35959","targetHints":{"allow":["GET"]}}],"collection":[{"href":"https:\/\/accrosport.tn\/index.php\/wp-json\/wp\/v2\/product"}],"about":[{"href":"https:\/\/accrosport.tn\/index.php\/wp-json\/wp\/v2\/types\/product"}],"wp:featuredmedia":[{"embeddable":true,"href":"https:\/\/accrosport.tn\/index.php\/wp-json\/wp\/v2\/media\/35969"}],"wp:attachment":[{"href":"https:\/\/accrosport.tn\/index.php\/wp-json\/wp\/v2\/media?parent=35959"}],"wp:term":[{"taxonomy":"product_brand","embeddable":true,"href":"https:\/\/accrosport.tn\/index.php\/wp-json\/wp\/v2\/product_brand?post=35959"},{"taxonomy":"product_cat","embeddable":true,"href":"https:\/\/accrosport.tn\/index.php\/wp-json\/wp\/v2\/product_cat?post=35959"},{"taxonomy":"product_tag","embeddable":true,"href":"https:\/\/accrosport.tn\/index.php\/wp-json\/wp\/v2\/product_tag?post=35959"}],"curies":[{"name":"wp","href":"https:\/\/api.w.org\/{rel}","templated":true}]}}