{"id":35933,"date":"2025-11-26T13:46:36","date_gmt":"2025-11-26T13:46:36","guid":{"rendered":"https:\/\/accrosport.tn\/?post_type=product&#038;p=35933"},"modified":"2025-12-19T08:39:00","modified_gmt":"2025-12-19T08:39:00","slug":"chaussures-de-football-evolution-2517-fg-turquoise","status":"publish","type":"product","link":"https:\/\/accrosport.tn\/index.php\/product\/chaussures-de-football-evolution-2517-fg-turquoise\/","title":{"rendered":"Chaussures de football Evolution 2517 FG Turquoise"},"content":{"rendered":"<p>Tige \u00e9labor\u00e9e avec une microfibre avanc\u00e9e. Imitant l&rsquo;apparence et la sensation du cuir traditionnel, offrant la m\u00eame douceur et flexibilit\u00e9, mais avec des avantages suppl\u00e9mentaires tels que plus de l\u00e9g\u00e8ret\u00e9, de durabilit\u00e9 et de r\u00e9sistance \u00e0 l&rsquo;eau.<\/p>\n<p>Elles int\u00e8grent le syst\u00e8me SOCK SYSTEM, une chaussette enveloppant la cheville pour am\u00e9liorer l&rsquo;ajustement et le confort. Ce design flexible s&rsquo;adapte au pied comme une seconde peau et emp\u00eache l&rsquo;entr\u00e9e de salet\u00e9, comme la poussi\u00e8re ou de petits d\u00e9bris du terrain.<\/p>\n<p>Contrefort EXO COUNTER arri\u00e8re pour maximiser la solidit\u00e9 des chaussures dans les changements de direction. Cette pi\u00e8ce thermoplastique offre une stabilit\u00e9 accrue lors des mouvements lat\u00e9raux et explosifs.<\/p>\n<p>La semelle est en fibre synth\u00e9tique chrom\u00e9e, adapt\u00e9e \u00e0 ce type de terrain pour mieux contr\u00f4ler les mouvements sur des terrains fermes non abrasifs.<\/p>\n<p>Coupe en microfibre r\u00e9sistante et l\u00e9g\u00e8re<br \/>\nSemelle en fibre synth\u00e9tique chrom\u00e9e<br \/>\nContrefort EXO au talon<br \/>\nCol \u00e9lastique SOCK SYSTEM<\/p>\n<p>&nbsp;<\/p>\n","protected":false},"excerpt":{"rendered":"<p>Chaussures de football pour terrains fermes (FG). Les Propulsion Cup combinent le meilleur d&rsquo;un mod\u00e8le polyvalent haut de gamme : vitesse, organisation et contr\u00f4le sur le terrain. D\u00e9velopp\u00e9es pour le football professionnel.<\/p>\n","protected":false},"featured_media":35954,"template":"","meta":[],"product_brand":[],"product_cat":[61,75,33],"product_tag":[],"class_list":{"0":"post-35933","1":"product","2":"type-product","3":"status-publish","4":"has-post-thumbnail","6":"product_cat-chaussures-homme","7":"product_cat-foot","8":"product_cat-homme","9":"pa_couleur-turquoise","10":"pa_taille-645","11":"pa_taille-646","12":"pa_taille-649","13":"pa_taille-650","14":"pa_taille-651","15":"pa_taille-653","16":"pa_taille-656","18":"first","19":"outofstock","20":"sale","21":"purchasable","22":"product-type-variable"},"_links":{"self":[{"href":"https:\/\/accrosport.tn\/index.php\/wp-json\/wp\/v2\/product\/35933","targetHints":{"allow":["GET"]}}],"collection":[{"href":"https:\/\/accrosport.tn\/index.php\/wp-json\/wp\/v2\/product"}],"about":[{"href":"https:\/\/accrosport.tn\/index.php\/wp-json\/wp\/v2\/types\/product"}],"wp:featuredmedia":[{"embeddable":true,"href":"https:\/\/accrosport.tn\/index.php\/wp-json\/wp\/v2\/media\/35954"}],"wp:attachment":[{"href":"https:\/\/accrosport.tn\/index.php\/wp-json\/wp\/v2\/media?parent=35933"}],"wp:term":[{"taxonomy":"product_brand","embeddable":true,"href":"https:\/\/accrosport.tn\/index.php\/wp-json\/wp\/v2\/product_brand?post=35933"},{"taxonomy":"product_cat","embeddable":true,"href":"https:\/\/accrosport.tn\/index.php\/wp-json\/wp\/v2\/product_cat?post=35933"},{"taxonomy":"product_tag","embeddable":true,"href":"https:\/\/accrosport.tn\/index.php\/wp-json\/wp\/v2\/product_tag?post=35933"}],"curies":[{"name":"wp","href":"https:\/\/api.w.org\/{rel}","templated":true}]}}