{"id":35907,"date":"2025-11-26T11:43:20","date_gmt":"2025-11-26T11:43:20","guid":{"rendered":"https:\/\/accrosport.tn\/?post_type=product&#038;p=35907"},"modified":"2025-11-26T11:55:25","modified_gmt":"2025-11-26T11:55:25","slug":"chaussures-casual-teddy-baby-25-barefoot-junior-blanc","status":"publish","type":"product","link":"https:\/\/accrosport.tn\/index.php\/product\/chaussures-casual-teddy-baby-25-barefoot-junior-blanc\/","title":{"rendered":"Chaussures casual Teddy Baby 25 Barefoot junior blanc"},"content":{"rendered":"<p>Mod\u00e8le respectueux indiqu\u00e9 pour les tout-petits qui commencent \u00e0 faire leurs premiers pas. Procure une exp\u00e9rience plus naturelle en marchant et permet aux pieds de bouger de mani\u00e8re plus libre et flexible. Joma se joint ainsi aux chaussures minimalistes, d\u00e9velopp\u00e9es dans ce cas pour apprendre \u00e0 marcher. Elles am\u00e9liorent la biom\u00e9canique du corps, c&rsquo;est pourquoi elles sont recommand\u00e9es par des experts.<\/p>\n<p>Tige \u00e9cologique fabriqu\u00e9e en cuir recycl\u00e9 dans le cadre de l&rsquo;engagement de Joma envers l&rsquo;environnement. Ce mat\u00e9riau l\u00e9ger, flexible et respirant est parfait pour ce type de chaussures. Elle int\u00e8gre le syst\u00e8me de ventilation VTS pour faciliter l&rsquo;\u00e9vacuation de la transpiration. Fermeture velcro pour plus de facilit\u00e9 et d&rsquo;autonomie.<\/p>\n<p>Semelle int\u00e9rieure antibact\u00e9rienne qui aide \u00e0 pr\u00e9venir les mauvaises odeurs et absorbe la transpiration rapidement.<\/p>\n<p>Forme large pour un alignement correct des orteils. Permet de bouger librement et stimule la circulation sanguine.<\/p>\n<p>Semelle ext\u00e9rieure avec un drop de 0, tr\u00e8s flexible pour s&rsquo;adapter au mouvement et permettre au petit d&rsquo;adopter une posture plus naturelle.<\/p>\n<ul class=\"featuresul\">\n<li>Coupe recycl\u00e9e en cuir<\/li>\n<li>Coupe respirante avec technologie VTS<\/li>\n<li>Fermeture \u00e0 bande auto-agrippante<\/li>\n<li>Semelle antibact\u00e9rienne<\/li>\n<li>Forme large<\/li>\n<\/ul>\n","protected":false},"excerpt":{"rendered":"<p>Chaussures minimalistes pour gar\u00e7ons et filles, id\u00e9ales pour commencer \u00e0 faire leurs premiers pas. D\u00e9couvrez les avantages des chaussures respectueuses et laissez les plus petits profiter d&rsquo;un d\u00e9veloppement naturel de leurs pieds. Leur forme large et leur semelle super flexible avec un drop de 0 s&rsquo;adaptent \u00e0 chaque mouvement et permettent une posture totalement naturelle.<\/p>\n","protected":false},"featured_media":35917,"template":"","meta":[],"product_brand":[],"product_cat":[84,69,49],"product_tag":[],"class_list":{"0":"post-35907","1":"product","2":"type-product","3":"status-publish","4":"has-post-thumbnail","6":"product_cat-casual-chaussures-enfant","7":"product_cat-chaussures-enfant","8":"product_cat-enfant","9":"pa_taille-806","10":"pa_taille-805","11":"pa_taille-685","12":"pa_taille-686","13":"pa_taille-687","14":"pa_taille-688","15":"pa_taille-689","17":"first","18":"outofstock","19":"sale","20":"purchasable","21":"product-type-variable"},"_links":{"self":[{"href":"https:\/\/accrosport.tn\/index.php\/wp-json\/wp\/v2\/product\/35907","targetHints":{"allow":["GET"]}}],"collection":[{"href":"https:\/\/accrosport.tn\/index.php\/wp-json\/wp\/v2\/product"}],"about":[{"href":"https:\/\/accrosport.tn\/index.php\/wp-json\/wp\/v2\/types\/product"}],"wp:featuredmedia":[{"embeddable":true,"href":"https:\/\/accrosport.tn\/index.php\/wp-json\/wp\/v2\/media\/35917"}],"wp:attachment":[{"href":"https:\/\/accrosport.tn\/index.php\/wp-json\/wp\/v2\/media?parent=35907"}],"wp:term":[{"taxonomy":"product_brand","embeddable":true,"href":"https:\/\/accrosport.tn\/index.php\/wp-json\/wp\/v2\/product_brand?post=35907"},{"taxonomy":"product_cat","embeddable":true,"href":"https:\/\/accrosport.tn\/index.php\/wp-json\/wp\/v2\/product_cat?post=35907"},{"taxonomy":"product_tag","embeddable":true,"href":"https:\/\/accrosport.tn\/index.php\/wp-json\/wp\/v2\/product_tag?post=35907"}],"curies":[{"name":"wp","href":"https:\/\/api.w.org\/{rel}","templated":true}]}}