{"id":35888,"date":"2025-11-26T11:27:44","date_gmt":"2025-11-26T11:27:44","guid":{"rendered":"https:\/\/accrosport.tn\/?post_type=product&#038;p=35888"},"modified":"2025-11-26T11:41:02","modified_gmt":"2025-11-26T11:41:02","slug":"chaussures-ace-lady-25-terre-battue-femme-blanc","status":"publish","type":"product","link":"https:\/\/accrosport.tn\/index.php\/product\/chaussures-ace-lady-25-terre-battue-femme-blanc\/","title":{"rendered":"Chaussures Ace Lady 25 terre battue femme blanc"},"content":{"rendered":"<p>Chaussures de tennis pour femmes. L&rsquo;\u00e9volution du mod\u00e8le ACE avec une plaque de carbone CARBON STABILIZER atterrit comme une chaussure de tennis au niveau de l&rsquo;\u00e9lite du tennis. Des joueurs comme Iv\u00e1n Dodig, Rebeca Masarova, Sara Sorribes ou Pedro Mart\u00ednez ont r\u00e9alis\u00e9 des exploits importants avec elles. Ceci est possible gr\u00e2ce \u00e0 l&rsquo;incorporation de technologies de pointe.<\/p>\n<p>Tige en mesh respirant avec des perforations VTS, destin\u00e9es \u00e0 la ventilation de la transpiration. Le syst\u00e8me thermoscell\u00e9 JOMA SPORTECH offre un ajustement confortable sans ajouter de poids aux chaussures.<\/p>\n<p>Renfort en caoutchouc dans les zones les plus sensibles aux frottements et aux chocs. Ces applications forment le syst\u00e8me PROTECTION.<\/p>\n<p>La semelle interm\u00e9diaire est construite en phylon, un mat\u00e9riau l\u00e9ger, flexible et offrant une grande capacit\u00e9 d&rsquo;absorption des chocs. D&rsquo;une part, une plaque de carbone CARBON STABILIZER a \u00e9t\u00e9 plac\u00e9e au centre pour \u00e9viter les torsions \u00e9ventuelles de la chaussure. D&rsquo;autre part, le double STABILIS renforce cet avantage et r\u00e9duit l&rsquo;apparition de possibles blessures lors des virages et des mouvements lat\u00e9raux.<\/p>\n<p>Semelle en caoutchouc DURABILITY \u00e0 chevrons ou en terre battue. Offre l&rsquo;adh\u00e9rence n\u00e9cessaire sur les surfaces glissantes, car elle expulse le sable de la semelle, mais permet les glissements sur le court sans difficult\u00e9s.<\/p>\n<ul class=\"featuresul\">\n<li>Empeigne en mesh respirant VTS<\/li>\n<li>Coupe avec syst\u00e8me de r\u00e9glage thermosoud\u00e9 SPORTECH<\/li>\n<li>Coupe avec renfort en caoutchouc dans les zones strat\u00e9giques PROTECTION<\/li>\n<li>Semelle interm\u00e9diaire en phylon de diff\u00e9rentes densit\u00e9s avec CARBON STABILIZER et STABILIS.<\/li>\n<li>Semelle ext\u00e9rieure DURABILITY en caoutchouc<\/li>\n<\/ul>\n","protected":false},"excerpt":{"rendered":"<p>Chaussures de tennis pour femmes. L&rsquo;\u00e9volution du mod\u00e8le ACE avec une plaque de carbone CARBON STABILIZER atterrit comme une chaussure de tennis au niveau de l&rsquo;\u00e9lite du tennis. Des joueurs comme Iv\u00e1n Dodig, Rebeca Masarova, Sara Sorribes ou Pedro Mart\u00ednez ont r\u00e9alis\u00e9 des exploits importants avec elles. Ceci est possible gr\u00e2ce \u00e0 l&rsquo;incorporation de technologies de pointe.<\/p>\n","protected":false},"featured_media":35896,"template":"","meta":[],"product_brand":[],"product_cat":[57,42,113,81,272],"product_tag":[],"class_list":{"0":"post-35888","1":"product","2":"type-product","3":"status-publish","4":"has-post-thumbnail","6":"product_cat-chaussures","7":"product_cat-femme","8":"product_cat-sport","9":"product_cat-tennis-chaussures","10":"product_cat-tennis-sport","11":"pa_taille-643","12":"pa_taille-655","13":"pa_taille-644","14":"pa_taille-645","15":"pa_taille-40-5","16":"pa_taille-646","18":"first","19":"outofstock","20":"sale","21":"purchasable","22":"product-type-variable"},"_links":{"self":[{"href":"https:\/\/accrosport.tn\/index.php\/wp-json\/wp\/v2\/product\/35888","targetHints":{"allow":["GET"]}}],"collection":[{"href":"https:\/\/accrosport.tn\/index.php\/wp-json\/wp\/v2\/product"}],"about":[{"href":"https:\/\/accrosport.tn\/index.php\/wp-json\/wp\/v2\/types\/product"}],"wp:featuredmedia":[{"embeddable":true,"href":"https:\/\/accrosport.tn\/index.php\/wp-json\/wp\/v2\/media\/35896"}],"wp:attachment":[{"href":"https:\/\/accrosport.tn\/index.php\/wp-json\/wp\/v2\/media?parent=35888"}],"wp:term":[{"taxonomy":"product_brand","embeddable":true,"href":"https:\/\/accrosport.tn\/index.php\/wp-json\/wp\/v2\/product_brand?post=35888"},{"taxonomy":"product_cat","embeddable":true,"href":"https:\/\/accrosport.tn\/index.php\/wp-json\/wp\/v2\/product_cat?post=35888"},{"taxonomy":"product_tag","embeddable":true,"href":"https:\/\/accrosport.tn\/index.php\/wp-json\/wp\/v2\/product_tag?post=35888"}],"curies":[{"name":"wp","href":"https:\/\/api.w.org\/{rel}","templated":true}]}}