{"id":35783,"date":"2025-11-26T10:35:00","date_gmt":"2025-11-26T10:35:00","guid":{"rendered":"https:\/\/accrosport.tn\/?post_type=product&#038;p=35783"},"modified":"2025-12-21T18:44:07","modified_gmt":"2025-12-21T18:44:07","slug":"chaussures-slam-men-25-asia-pacific-padel-tour-unisexe-bleu","status":"publish","type":"product","link":"https:\/\/accrosport.tn\/index.php\/product\/chaussures-slam-men-25-asia-pacific-padel-tour-unisexe-bleu\/","title":{"rendered":"Chaussures Slam Men 25 Asia Pacific Padel Tour unisexe bleu"},"content":{"rendered":"<p>Chaussures de padel. Haut de gamme, performance maximale et technologie dans des chaussures d\u00e9velopp\u00e9es pour le padel professionnel. Destin\u00e9es aux joueurs avec une bonne technique qui ont besoin de stabilit\u00e9 maximale et recherchent un niveau \u00e9quilibr\u00e9 d&rsquo;amorti et de r\u00e9activit\u00e9. Test\u00e9es par des joueuses comme Vero Virseda.<\/p>\n<p>Tige confectionn\u00e9e en mesh respirant. Ce syst\u00e8me int\u00e8gre de petites perforations strat\u00e9giquement plac\u00e9es qui permettent un flux d&rsquo;air constant, gardant les pieds frais et secs m\u00eame lors des s\u00e9ances les plus intenses.<\/p>\n<p>Le syst\u00e8me thermocoll\u00e9 JOMA SPORTECH offre un ajustement confortable sans ajouter de poids aux chaussures.<\/p>\n<p>Renfort en caoutchouc dans les zones les plus sensibles aux frottements et aux chocs. Ces applications forment le syst\u00e8me PROTECTION, qui n&rsquo;interf\u00e8re pas avec le confort et la flexibilit\u00e9 des chaussures.<\/p>\n<p>Semelle interm\u00e9diaire DUAL REACTIVE. Le phylon sup\u00e9rieur offre un retour d&rsquo;\u00e9nergie exceptionnel. La balle r\u00e9active inf\u00e9rieure offre un amorti sup\u00e9rieur. Ce design offre non seulement de la stabilit\u00e9 dans les mouvements lat\u00e9raux, essentiels dans le padel, mais optimise \u00e9galement les d\u00e9parts explosifs et les arr\u00eats rapides lors des changements de direction sur le terrain. \u00c9quip\u00e9e d&rsquo;une pi\u00e8ce STABILIS au milieu du pied pour \u00e9viter les torsions et offrir un soutien suppl\u00e9mentaire.<\/p>\n<p>Semelle Omni en caoutchouc DURABILITY, form\u00e9e de petits crampons circulaires pour am\u00e9liorer la durabilit\u00e9 sur les surfaces dures. Facilite les glissements pour atteindre plus rapidement la balle.<\/p>\n<ul class=\"featuresul\">\n<li>Coupe respirante gr\u00e2ce au syst\u00e8me de ventilation VTS<\/li>\n<li>Coupe avec la technologie SPORTECH<\/li>\n<li>Semelle interm\u00e9diaire DUAL REACTIVE avec REACTIVE BALL<\/li>\n<li>Semelle DURABILITY avec STABILIS.<\/li>\n<li>Renforcement PROTECTION<\/li>\n<\/ul>\n","protected":false},"excerpt":{"rendered":"<p>Chaussures de padel. Haut de gamme, performance maximale et technologie dans des chaussures d\u00e9velopp\u00e9es pour le padel professionnel. Destin\u00e9es aux joueurs avec une bonne technique qui ont besoin de stabilit\u00e9 maximale et recherchent un niveau \u00e9quilibr\u00e9 d&rsquo;amorti et de r\u00e9activit\u00e9. Test\u00e9es par des joueuses comme Vero Virseda.<\/p>\n","protected":false},"featured_media":35792,"template":"","meta":[],"product_brand":[],"product_cat":[61,33,273,275,113],"product_tag":[],"class_list":{"0":"post-35783","1":"product","2":"type-product","3":"status-publish","4":"has-post-thumbnail","6":"product_cat-chaussures-homme","7":"product_cat-homme","8":"product_cat-padel","9":"product_cat-padel-homme","10":"product_cat-sport","11":"pa_taille-645","12":"pa_taille-40-5","13":"pa_taille-646","14":"pa_taille-649","15":"pa_taille-42-5","16":"pa_taille-650","17":"pa_taille-43-5","18":"pa_taille-651","19":"pa_taille-44-5","20":"pa_taille-653","21":"pa_taille-656","22":"pa_taille-719","24":"first","25":"instock","26":"sale","27":"purchasable","28":"product-type-variable"},"_links":{"self":[{"href":"https:\/\/accrosport.tn\/index.php\/wp-json\/wp\/v2\/product\/35783","targetHints":{"allow":["GET"]}}],"collection":[{"href":"https:\/\/accrosport.tn\/index.php\/wp-json\/wp\/v2\/product"}],"about":[{"href":"https:\/\/accrosport.tn\/index.php\/wp-json\/wp\/v2\/types\/product"}],"wp:featuredmedia":[{"embeddable":true,"href":"https:\/\/accrosport.tn\/index.php\/wp-json\/wp\/v2\/media\/35792"}],"wp:attachment":[{"href":"https:\/\/accrosport.tn\/index.php\/wp-json\/wp\/v2\/media?parent=35783"}],"wp:term":[{"taxonomy":"product_brand","embeddable":true,"href":"https:\/\/accrosport.tn\/index.php\/wp-json\/wp\/v2\/product_brand?post=35783"},{"taxonomy":"product_cat","embeddable":true,"href":"https:\/\/accrosport.tn\/index.php\/wp-json\/wp\/v2\/product_cat?post=35783"},{"taxonomy":"product_tag","embeddable":true,"href":"https:\/\/accrosport.tn\/index.php\/wp-json\/wp\/v2\/product_tag?post=35783"}],"curies":[{"name":"wp","href":"https:\/\/api.w.org\/{rel}","templated":true}]}}