{"id":35761,"date":"2025-11-26T10:26:20","date_gmt":"2025-11-26T10:26:20","guid":{"rendered":"https:\/\/accrosport.tn\/?post_type=product&#038;p=35761"},"modified":"2025-12-23T13:58:56","modified_gmt":"2025-12-23T13:58:56","slug":"chaussures-slam-men-25-homme-blanc-noir","status":"publish","type":"product","link":"https:\/\/accrosport.tn\/index.php\/product\/chaussures-slam-men-25-homme-blanc-noir\/","title":{"rendered":"Chaussures Slam Men 25 homme blanc noir"},"content":{"rendered":"<p>Chaussures de padel. Haut de gamme, performances maximales et technologie dans une seule chaussure d\u00e9velopp\u00e9e pour le padel professionnel. Destin\u00e9es aux joueurs avec une bonne technique ayant besoin d&rsquo;un maximum d&rsquo;amorti, de stabilit\u00e9 et de protection. Test\u00e9es par des joueurs tels que l&rsquo;ancienne num\u00e9ro 1 mondiale Carolina Navarro et Juanlu Esbr\u00ed.<\/p>\n<p>Tige en mesh respirant permettant l&rsquo;\u00e9vacuation de la transpiration \u00e0 travers la technologie VTS. Le syst\u00e8me thermoscell\u00e9 JOMA SPORTECH offre un ajustement parfait au pied.<\/p>\n<p>Renfort en caoutchouc int\u00e9gr\u00e9. Couvre les zones les plus sensibles formant le syst\u00e8me PROTECTION.<\/p>\n<p>Semelle interm\u00e9diaire DUAL REACTIVE. La partie sup\u00e9rieure est en phylon plus stable, absorbant les chocs. La partie inf\u00e9rieure est dot\u00e9e de la technologie REACTIVE BALL dans le but de maximiser l&rsquo;absorption des chocs et de renvoyer l&rsquo;impulsion. \u00c9quip\u00e9e d&rsquo;un \u00e9l\u00e9ment STABILIS au milieu du pied pour \u00e9viter les torsions.<\/p>\n<p>Semelle ext\u00e9rieure Omni en caoutchouc DURABILITY, compos\u00e9e de petits crampons circulaires pour am\u00e9liorer la durabilit\u00e9 sur les surfaces dures. Facilite les glissements pour atteindre plus rapidement la balle.<\/p>\n<ul class=\"featuresul\">\n<li>Empeigne en mesh respirant VTS<\/li>\n<li>Coupe avec syst\u00e8me de r\u00e9glage thermosoud\u00e9 SPORTECH<\/li>\n<li>Coupe avec syst\u00e8me de protection thermosoud\u00e9e PROTECTION<\/li>\n<li>Semelle interm\u00e9diaire en Phylon avec les technologies REACTIVE BALL et STABILIS.<\/li>\n<li>Semelle ext\u00e9rieure DURABILITY en caoutchouc<\/li>\n<\/ul>\n","protected":false},"excerpt":{"rendered":"<p>Chaussures de padel. Haut de gamme, performances maximales et technologie dans une seule chaussure d\u00e9velopp\u00e9e pour le padel professionnel. Destin\u00e9es aux joueurs avec une bonne technique ayant besoin d&rsquo;un maximum d&rsquo;amorti, de stabilit\u00e9 et de protection. Test\u00e9es par des joueurs tels que l&rsquo;ancienne num\u00e9ro 1 mondiale Carolina Navarro et Juanlu Esbr\u00ed.<\/p>\n","protected":false},"featured_media":35776,"template":"","meta":[],"product_brand":[],"product_cat":[61,33,273,275,113],"product_tag":[],"class_list":{"0":"post-35761","1":"product","2":"type-product","3":"status-publish","4":"has-post-thumbnail","6":"product_cat-chaussures-homme","7":"product_cat-homme","8":"product_cat-padel","9":"product_cat-padel-homme","10":"product_cat-sport","11":"pa_taille-645","12":"pa_taille-646","13":"pa_taille-649","14":"pa_taille-650","15":"pa_taille-651","16":"pa_taille-653","18":"first","19":"outofstock","20":"sale","21":"purchasable","22":"product-type-variable"},"_links":{"self":[{"href":"https:\/\/accrosport.tn\/index.php\/wp-json\/wp\/v2\/product\/35761","targetHints":{"allow":["GET"]}}],"collection":[{"href":"https:\/\/accrosport.tn\/index.php\/wp-json\/wp\/v2\/product"}],"about":[{"href":"https:\/\/accrosport.tn\/index.php\/wp-json\/wp\/v2\/types\/product"}],"wp:featuredmedia":[{"embeddable":true,"href":"https:\/\/accrosport.tn\/index.php\/wp-json\/wp\/v2\/media\/35776"}],"wp:attachment":[{"href":"https:\/\/accrosport.tn\/index.php\/wp-json\/wp\/v2\/media?parent=35761"}],"wp:term":[{"taxonomy":"product_brand","embeddable":true,"href":"https:\/\/accrosport.tn\/index.php\/wp-json\/wp\/v2\/product_brand?post=35761"},{"taxonomy":"product_cat","embeddable":true,"href":"https:\/\/accrosport.tn\/index.php\/wp-json\/wp\/v2\/product_cat?post=35761"},{"taxonomy":"product_tag","embeddable":true,"href":"https:\/\/accrosport.tn\/index.php\/wp-json\/wp\/v2\/product_tag?post=35761"}],"curies":[{"name":"wp","href":"https:\/\/api.w.org\/{rel}","templated":true}]}}