{"id":35736,"date":"2025-11-26T10:09:53","date_gmt":"2025-11-26T10:09:53","guid":{"rendered":"https:\/\/accrosport.tn\/?post_type=product&#038;p=35736"},"modified":"2025-12-18T11:18:05","modified_gmt":"2025-12-18T11:18:05","slug":"chaussures-slam-25-a1-padel-unisexe-beige","status":"publish","type":"product","link":"https:\/\/accrosport.tn\/index.php\/product\/chaussures-slam-25-a1-padel-unisexe-beige\/","title":{"rendered":"Chaussures Slam 25 A1 Padel unisexe beige"},"content":{"rendered":"<p>Chaussures de padel haut de gamme, con\u00e7ues exclusivement pour l&rsquo;A1 Master Final, l&rsquo;\u00e9v\u00e9nement de padel le plus prestigieux, o\u00f9 s&rsquo;affrontent les meilleurs joueurs du monde. Haut de gamme, performances maximales et technologie dans une seule paire de chaussures d\u00e9velopp\u00e9e pour le padel professionnel. Destin\u00e9es aux joueurs avec une bonne technique ayant besoin de l&rsquo;ultime en amorti, stabilit\u00e9 et protection. Test\u00e9es par des joueurs tels que l&rsquo;ancienne n\u00b01 mondiale Carolina Navarro et Juanlu Esbr\u00ed.<\/p>\n<p>Tige confectionn\u00e9e en mesh respirant permettant la ventilation de la transpiration gr\u00e2ce \u00e0 la technologie VTS. Le syst\u00e8me thermoscell\u00e9 JOMA SPORTECH assure un ajustement optimal au pied.<\/p>\n<p>Renfort en caoutchouc int\u00e9gr\u00e9. Couvre les zones les plus sensibles formant le syst\u00e8me PROTECTION.<\/p>\n<p>Semelle interm\u00e9diaire DUAL REACTIVE. La partie sup\u00e9rieure est en phylon plus stable, absorbant les chocs. La partie inf\u00e9rieure int\u00e8gre la technologie REACTIVE BALL pour maximiser l&rsquo;absorption des chocs et le retour d&rsquo;\u00e9nergie. \u00c9quip\u00e9e d&rsquo;une pi\u00e8ce STABILIS au m\u00e9dio-pied pour \u00e9viter les torsions.<\/p>\n<p>Semelle Omni en caoutchouc DURABILITY, compos\u00e9e de petits crampons circulaires pour am\u00e9liorer la durabilit\u00e9 sur les surfaces dures. Facilite les glissements pour atteindre plus rapidement la balle.<\/p>\n<p>Ces chaussures refl\u00e8tent le nec plus ultra de l&rsquo;innovation et de la technologie dans le monde du padel professionnel.<\/p>\n<ul class=\"featuresul\">\n<li>Empeigne en mesh respirant VTS<\/li>\n<li>Coupe avec syst\u00e8me de r\u00e9glage thermosoud\u00e9 SPORTECH<\/li>\n<li>Coupe avec syst\u00e8me de protection thermosoud\u00e9e PROTECTION<\/li>\n<li>Semelle interm\u00e9diaire en Phylon avec les technologies REACTIVE BALL et STABILIS.<\/li>\n<li>Semelle ext\u00e9rieure DURABILITY en caoutchouc<\/li>\n<\/ul>\n","protected":false},"excerpt":{"rendered":"<p>Chaussures de padel unisex haut de gamme, con\u00e7ues pour le A1 Master Final, offrant des performances maximales, un amorti et une stabilit\u00e9. Id\u00e9ales pour les joueurs techniques, test\u00e9es par des professionnels comme Carolina Navarro. Elles ont un ajustement confortable, un amorti sup\u00e9rieur et une semelle durable qui assure une bonne adh\u00e9rence sur les surfaces dures, id\u00e9ale pour les performances en padel.<\/p>\n","protected":false},"featured_media":35749,"template":"","meta":[],"product_brand":[],"product_cat":[61,33,273,275,113],"product_tag":[],"class_list":{"0":"post-35736","1":"product","2":"type-product","3":"status-publish","4":"has-post-thumbnail","6":"product_cat-chaussures-homme","7":"product_cat-homme","8":"product_cat-padel","9":"product_cat-padel-homme","10":"product_cat-sport","11":"pa_taille-40-5","12":"pa_taille-646","13":"pa_taille-649","14":"pa_taille-42-5","15":"pa_taille-650","16":"pa_taille-43-5","17":"pa_taille-651","18":"pa_taille-44-5","19":"pa_taille-653","20":"pa_taille-656","21":"pa_taille-719","23":"first","24":"outofstock","25":"sale","26":"purchasable","27":"product-type-variable"},"_links":{"self":[{"href":"https:\/\/accrosport.tn\/index.php\/wp-json\/wp\/v2\/product\/35736","targetHints":{"allow":["GET"]}}],"collection":[{"href":"https:\/\/accrosport.tn\/index.php\/wp-json\/wp\/v2\/product"}],"about":[{"href":"https:\/\/accrosport.tn\/index.php\/wp-json\/wp\/v2\/types\/product"}],"wp:featuredmedia":[{"embeddable":true,"href":"https:\/\/accrosport.tn\/index.php\/wp-json\/wp\/v2\/media\/35749"}],"wp:attachment":[{"href":"https:\/\/accrosport.tn\/index.php\/wp-json\/wp\/v2\/media?parent=35736"}],"wp:term":[{"taxonomy":"product_brand","embeddable":true,"href":"https:\/\/accrosport.tn\/index.php\/wp-json\/wp\/v2\/product_brand?post=35736"},{"taxonomy":"product_cat","embeddable":true,"href":"https:\/\/accrosport.tn\/index.php\/wp-json\/wp\/v2\/product_cat?post=35736"},{"taxonomy":"product_tag","embeddable":true,"href":"https:\/\/accrosport.tn\/index.php\/wp-json\/wp\/v2\/product_tag?post=35736"}],"curies":[{"name":"wp","href":"https:\/\/api.w.org\/{rel}","templated":true}]}}