{"id":35631,"date":"2025-11-20T16:21:28","date_gmt":"2025-11-20T16:21:28","guid":{"rendered":"https:\/\/accrosport.tn\/?post_type=product&#038;p=35631"},"modified":"2025-11-27T07:31:14","modified_gmt":"2025-11-27T07:31:14","slug":"chaussures-football-joma-aguila-2503","status":"publish","type":"product","link":"https:\/\/accrosport.tn\/index.php\/product\/chaussures-football-joma-aguila-2503\/","title":{"rendered":"Chaussures football joma Aguila 2503"},"content":{"rendered":"<p>La tige est faite en mat\u00e9riau synth\u00e9tique de grande qualit\u00e9 et r\u00e9sistant, con\u00e7u pour durer. Am\u00e9liorent le contact et la r\u00e9activit\u00e9. La semelle ext\u00e9rieure est en mati\u00e8re synth\u00e9tique de grande qualit\u00e9 avec une bonne r\u00e9sistance \u00e0 l\u2019usure par abrasion. Adapt\u00e9e au type de terrain pour am\u00e9liorer le contr\u00f4le et les mouvements sur des terrains fermes non abrasifs (gazon naturel dur).<\/p>\n","protected":false},"excerpt":{"rendered":"<p>Chaussures de football classiques, r\u00e9alis\u00e9es avec des mat\u00e9riaux de derni\u00e8re g\u00e9n\u00e9ration et indiqu\u00e9es pour jouer sur des terrains fermes (FG), comme le gazon naturel dur. Si vous voulez am\u00e9liorer le contr\u00f4le du ballon, passez au niveau sup\u00e9rieur avec ce mod\u00e8le de chaussures de football. Relevez chaque nouveau d\u00e9fi avec \u00e9l\u00e9gance et style.<\/p>\n","protected":false},"featured_media":35671,"template":"","meta":[],"product_brand":[],"product_cat":[61,75,33],"product_tag":[],"class_list":{"0":"post-35631","1":"product","2":"type-product","3":"status-publish","4":"has-post-thumbnail","6":"product_cat-chaussures-homme","7":"product_cat-foot","8":"product_cat-homme","9":"pa_couleur-marino","10":"pa_taille-645","11":"pa_taille-646","12":"pa_taille-649","13":"pa_taille-650","14":"pa_taille-651","15":"pa_taille-653","16":"pa_taille-656","18":"first","19":"outofstock","20":"sale","21":"purchasable","22":"product-type-variable"},"_links":{"self":[{"href":"https:\/\/accrosport.tn\/index.php\/wp-json\/wp\/v2\/product\/35631","targetHints":{"allow":["GET"]}}],"collection":[{"href":"https:\/\/accrosport.tn\/index.php\/wp-json\/wp\/v2\/product"}],"about":[{"href":"https:\/\/accrosport.tn\/index.php\/wp-json\/wp\/v2\/types\/product"}],"wp:featuredmedia":[{"embeddable":true,"href":"https:\/\/accrosport.tn\/index.php\/wp-json\/wp\/v2\/media\/35671"}],"wp:attachment":[{"href":"https:\/\/accrosport.tn\/index.php\/wp-json\/wp\/v2\/media?parent=35631"}],"wp:term":[{"taxonomy":"product_brand","embeddable":true,"href":"https:\/\/accrosport.tn\/index.php\/wp-json\/wp\/v2\/product_brand?post=35631"},{"taxonomy":"product_cat","embeddable":true,"href":"https:\/\/accrosport.tn\/index.php\/wp-json\/wp\/v2\/product_cat?post=35631"},{"taxonomy":"product_tag","embeddable":true,"href":"https:\/\/accrosport.tn\/index.php\/wp-json\/wp\/v2\/product_tag?post=35631"}],"curies":[{"name":"wp","href":"https:\/\/api.w.org\/{rel}","templated":true}]}}