{"id":35571,"date":"2025-11-18T15:44:08","date_gmt":"2025-11-18T15:44:08","guid":{"rendered":"https:\/\/accrosport.tn\/?post_type=product&#038;p=35571"},"modified":"2026-03-30T15:56:07","modified_gmt":"2026-03-30T15:56:07","slug":"chaussures-open-25-a1-padel-unisexe-bleu-roi","status":"publish","type":"product","link":"https:\/\/accrosport.tn\/index.php\/product\/chaussures-open-25-a1-padel-unisexe-bleu-roi\/","title":{"rendered":"Chaussures Open 25 A1 Padel unisexe bleu roi"},"content":{"rendered":"<p>Chaussures de padel unisexes, con\u00e7ues en exclusivit\u00e9 pour A1 P\u00c1DEL, l&rsquo;un des circuits les plus importants au niveau international dans le monde du padel, et test\u00e9es par des joueurs professionnels. De plus, elles ont \u00e9t\u00e9 am\u00e9lior\u00e9es gr\u00e2ce \u00e0 l&rsquo;incorporation d&rsquo;une nouvelle semelle interm\u00e9diaire offrant une plus grande capacit\u00e9 d&rsquo;absorption des chocs, de protection et de stabilisation du joueur. Tige en mesh respirant. Ce syst\u00e8me int\u00e8gre de petites perforations strat\u00e9giquement plac\u00e9es permettant un flux d&rsquo;air constant, maintenant les pieds frais et secs m\u00eame lors des sessions les plus intenses. Le syst\u00e8me thermoscell\u00e9 JOMA SPORTECH offre un ajustement confortable sans ajouter de poids aux chaussures. Renforts thermoscell\u00e9s dans les zones les plus sensibles aux frottements et aux chocs. Ces applications forment le syst\u00e8me PROTECTION, qui n&rsquo;interf\u00e8re pas avec le confort et la flexibilit\u00e9 des chaussures. Le contrefort EXO COUNTER, situ\u00e9 au milieu et \u00e0 l&rsquo;arri\u00e8re des chaussures, am\u00e9liore la stabilit\u00e9 et r\u00e9duit le risque de torsion. Semelle interm\u00e9diaire \u00e0 double densit\u00e9 : FOAM REACTIVE \u00e0 l&rsquo;arri\u00e8re, offrant un amorti sup\u00e9rieur, et du phylon \u00e0 l&rsquo;avant, garantissant une plus grande stabilit\u00e9. Ce design renforce les d\u00e9parts rapides et les arr\u00eats brusques lors des changements de rythme dans le jeu. Semelle Omni en caoutchouc DURABILITY, compos\u00e9e de petits crampons circulaires pour am\u00e9liorer la durabilit\u00e9 sur les surfaces dures.<\/p>\n<ul class=\"featuresul\">\n<li>Coupe respirante VTS avec technologie SPORTECH<\/li>\n<li>Semelle interm\u00e9diaire double phylon DUAL REACTIVE avec FOAM REACTIVE<\/li>\n<li>Semelle avec une r\u00e9sistance optimis\u00e9e gr\u00e2ce \u00e0 la technologie DURABILITY<\/li>\n<li>Contrefort arri\u00e8re EXO Counter<\/li>\n<li>Renforcement PROTECTION<\/li>\n<\/ul>\n","protected":false},"excerpt":{"rendered":"<p>Chaussures de padel unisexes, con\u00e7ues exclusivement pour A1 P\u00c1DEL, l&rsquo;un des circuits de padel les plus prestigieux. Elles ont \u00e9t\u00e9 am\u00e9lior\u00e9es avec l&rsquo;incorporation d&rsquo;une nouvelle semelle interm\u00e9diaire. De plus, elles disposent d&rsquo;une tige respirante et de renforts thermoscell\u00e9s pour plus de confort, ainsi que d&rsquo;une semelle Omni pour un amorti maximal, une stabilit\u00e9 et une adh\u00e9rence optimales.<\/p>\n","protected":false},"featured_media":35587,"template":"","meta":[],"product_brand":[],"product_cat":[57,61,42,33,275,276,273,113],"product_tag":[],"class_list":{"0":"post-35571","1":"product","2":"type-product","3":"status-publish","4":"has-post-thumbnail","6":"product_cat-chaussures","7":"product_cat-chaussures-homme","8":"product_cat-femme","9":"product_cat-homme","10":"product_cat-padel-homme","11":"product_cat-padel-femme","12":"product_cat-padel","13":"product_cat-sport","14":"pa_taille-643","15":"pa_taille-655","16":"pa_taille-644","17":"pa_taille-645","18":"pa_taille-646","19":"pa_taille-649","20":"pa_taille-42-5","21":"pa_taille-650","22":"pa_taille-43-5","23":"pa_taille-651","24":"pa_taille-44-5","25":"pa_taille-653","26":"pa_taille-656","27":"pa_taille-719","29":"first","30":"outofstock","31":"sale","32":"purchasable","33":"product-type-variable"},"_links":{"self":[{"href":"https:\/\/accrosport.tn\/index.php\/wp-json\/wp\/v2\/product\/35571","targetHints":{"allow":["GET"]}}],"collection":[{"href":"https:\/\/accrosport.tn\/index.php\/wp-json\/wp\/v2\/product"}],"about":[{"href":"https:\/\/accrosport.tn\/index.php\/wp-json\/wp\/v2\/types\/product"}],"wp:featuredmedia":[{"embeddable":true,"href":"https:\/\/accrosport.tn\/index.php\/wp-json\/wp\/v2\/media\/35587"}],"wp:attachment":[{"href":"https:\/\/accrosport.tn\/index.php\/wp-json\/wp\/v2\/media?parent=35571"}],"wp:term":[{"taxonomy":"product_brand","embeddable":true,"href":"https:\/\/accrosport.tn\/index.php\/wp-json\/wp\/v2\/product_brand?post=35571"},{"taxonomy":"product_cat","embeddable":true,"href":"https:\/\/accrosport.tn\/index.php\/wp-json\/wp\/v2\/product_cat?post=35571"},{"taxonomy":"product_tag","embeddable":true,"href":"https:\/\/accrosport.tn\/index.php\/wp-json\/wp\/v2\/product_tag?post=35571"}],"curies":[{"name":"wp","href":"https:\/\/api.w.org\/{rel}","templated":true}]}}