{"id":35503,"date":"2025-11-18T14:57:26","date_gmt":"2025-11-18T14:57:26","guid":{"rendered":"https:\/\/accrosport.tn\/?post_type=product&#038;p=35503"},"modified":"2026-04-03T15:56:07","modified_gmt":"2026-04-03T15:56:07","slug":"chaussures-master-1000-men-25-terre-battue-homme-noir","status":"publish","type":"product","link":"https:\/\/accrosport.tn\/index.php\/product\/chaussures-master-1000-men-25-terre-battue-homme-noir\/","title":{"rendered":"Chaussures Master 1000 Men 25 terre battue homme noir"},"content":{"rendered":"<div class=\"collapseText\">\n<p>Chaussures de tennis pour homme. Mod\u00e8le d&rsquo;initiation d\u00e9velopp\u00e9 pour la premi\u00e8re \u00e9tape d&rsquo;apprentissage. Fournit tout ce dont les joueurs ont besoin pour perfectionner leur technique.<\/p>\n<p>Tige en semimicrofibre l\u00e9g\u00e8re, flexible et extr\u00eamement durable. Pour assurer la transpiration de la sueur, elle est dot\u00e9e du syst\u00e8me de perforations VTS, qui permet l&rsquo;\u00e9vacuation de l&rsquo;humidit\u00e9 et r\u00e9gule la temp\u00e9rature \u00e0 l&rsquo;int\u00e9rieur des chaussures.<\/p>\n<p>Semelle interm\u00e9diaire en phylon l\u00e9ger et flexible, qui absorbe les chocs. Pr\u00e9sente une hauteur accrue sur le c\u00f4t\u00e9 en appliquant la technologie PROTECTION.<\/p>\n<p>Semelle en caoutchouc DURABILITY \u00e0 crampons ou en terre battue. Offre l&rsquo;adh\u00e9rence n\u00e9cessaire sur les surfaces glissantes, car elle \u00e9vacue le sable de la semelle, tout en permettant les glissades sur le court sans difficult\u00e9.<\/p>\n<\/div>\n<ul class=\"featuresul\">\n<li>Coupe l\u00e9g\u00e8re, tr\u00e8s flexible et avec la technologie VTS<\/li>\n<li>Semelle avec une r\u00e9sistance optimis\u00e9e gr\u00e2ce \u00e0 la technologie DURABILITY<\/li>\n<li>Contrefort PROTECTION<\/li>\n<\/ul>\n","protected":false},"excerpt":{"rendered":"<p>Chaussures de tennis pour homme. Mod\u00e8le d&rsquo;initiation d\u00e9velopp\u00e9 pour la premi\u00e8re \u00e9tape d&rsquo;apprentissage. Fournit tout ce dont les joueurs ont besoin pour perfectionner leur technique.<\/p>\n","protected":false},"featured_media":35512,"template":"","meta":[],"product_brand":[],"product_cat":[61,33,273,275,113],"product_tag":[],"class_list":{"0":"post-35503","1":"product","2":"type-product","3":"status-publish","4":"has-post-thumbnail","6":"product_cat-chaussures-homme","7":"product_cat-homme","8":"product_cat-padel","9":"product_cat-padel-homme","10":"product_cat-sport","11":"pa_taille-645","12":"pa_taille-646","13":"pa_taille-649","14":"pa_taille-650","15":"pa_taille-651","16":"pa_taille-653","17":"pa_taille-656","18":"pa_taille-719","20":"first","21":"outofstock","22":"sale","23":"purchasable","24":"product-type-variable"},"_links":{"self":[{"href":"https:\/\/accrosport.tn\/index.php\/wp-json\/wp\/v2\/product\/35503","targetHints":{"allow":["GET"]}}],"collection":[{"href":"https:\/\/accrosport.tn\/index.php\/wp-json\/wp\/v2\/product"}],"about":[{"href":"https:\/\/accrosport.tn\/index.php\/wp-json\/wp\/v2\/types\/product"}],"wp:featuredmedia":[{"embeddable":true,"href":"https:\/\/accrosport.tn\/index.php\/wp-json\/wp\/v2\/media\/35512"}],"wp:attachment":[{"href":"https:\/\/accrosport.tn\/index.php\/wp-json\/wp\/v2\/media?parent=35503"}],"wp:term":[{"taxonomy":"product_brand","embeddable":true,"href":"https:\/\/accrosport.tn\/index.php\/wp-json\/wp\/v2\/product_brand?post=35503"},{"taxonomy":"product_cat","embeddable":true,"href":"https:\/\/accrosport.tn\/index.php\/wp-json\/wp\/v2\/product_cat?post=35503"},{"taxonomy":"product_tag","embeddable":true,"href":"https:\/\/accrosport.tn\/index.php\/wp-json\/wp\/v2\/product_tag?post=35503"}],"curies":[{"name":"wp","href":"https:\/\/api.w.org\/{rel}","templated":true}]}}