{"id":35486,"date":"2025-11-18T14:46:30","date_gmt":"2025-11-18T14:46:30","guid":{"rendered":"https:\/\/accrosport.tn\/?post_type=product&#038;p=35486"},"modified":"2025-11-24T16:19:46","modified_gmt":"2025-11-24T16:19:46","slug":"chaussures-trail-running-sierra-lady-25-femme-vert","status":"publish","type":"product","link":"https:\/\/accrosport.tn\/index.php\/product\/chaussures-trail-running-sierra-lady-25-femme-vert\/","title":{"rendered":"Chaussures trail running Sierra Lady 25 femme vert"},"content":{"rendered":"<p>Chaussures de trail pour femme. Les mythiques Sierra ont \u00e9t\u00e9 am\u00e9lior\u00e9es pour offrir un suppl\u00e9ment d&rsquo;amorti et de stabilit\u00e9 lors de la course sur des terrains techniques. On notera \u00e9galement sa forme large pour offrir plus de confort dans la zone des orteils lors des descentes.<\/p>\n<p>Tige principalement en mesh respirant avec une finition en Jacquard. Assure l&rsquo;\u00e9vacuation de la transpiration gr\u00e2ce \u00e0 la technologie VTS. Pour ajuster la coupe, le syst\u00e8me thermoscell\u00e9 sans coutures JOMA SPORTECH a \u00e9t\u00e9 utilis\u00e9.<\/p>\n<p>Renfort thermoscell\u00e9 PROTECTION sur l&rsquo;avant et les c\u00f4t\u00e9s. \u00c9vite les infiltrations d&rsquo;\u00e9l\u00e9ments ext\u00e9rieurs lors de la course.<\/p>\n<p>Nouvelle semelle interm\u00e9diaire compos\u00e9e de la technologie FOAM REACTIVE, qui offre un haut niveau d&rsquo;amorti et adoucit la foul\u00e9e lors de la course sur des pistes foresti\u00e8res de haute difficult\u00e9. L&rsquo;avant est le phylon le plus stable.<\/p>\n<p>Semelle en caoutchouc DURABILITY avec des points de contact pour assurer la stabilit\u00e9 et le contr\u00f4le des mouvements.<\/p>\n<ul class=\"featuresul\">\n<li>Empeigne en mesh respirant VTS<\/li>\n<li>Coupe avec syst\u00e8me de r\u00e9glage thermosoud\u00e9 SPORTECH<\/li>\n<li>Semelle interm\u00e9diaire en phylon avec technologie FOAM REACTIVE<\/li>\n<li>Semelle ext\u00e9rieure DURABILITY en caoutchouc<\/li>\n<\/ul>\n","protected":false},"excerpt":{"rendered":"<p>Chaussures de trail pour femme. Les mythiques Sierra ont \u00e9t\u00e9 am\u00e9lior\u00e9es pour offrir un suppl\u00e9ment d&rsquo;amorti et de stabilit\u00e9 lors de la course sur des terrains techniques. On notera \u00e9galement sa forme large pour offrir plus de confort dans la zone des orteils lors des descentes.<\/p>\n","protected":false},"featured_media":35497,"template":"","meta":[],"product_brand":[],"product_cat":[57,42,114,82,113],"product_tag":[],"class_list":{"0":"post-35486","1":"product","2":"type-product","3":"status-publish","4":"has-post-thumbnail","6":"product_cat-chaussures","7":"product_cat-femme","8":"product_cat-running-sport","9":"product_cat-running-chaussures","10":"product_cat-sport","11":"pa_couleur-verde","12":"pa_taille-643","13":"pa_taille-655","14":"pa_taille-644","15":"pa_taille-645","16":"pa_taille-646","18":"first","19":"outofstock","20":"sale","21":"purchasable","22":"product-type-variable"},"_links":{"self":[{"href":"https:\/\/accrosport.tn\/index.php\/wp-json\/wp\/v2\/product\/35486","targetHints":{"allow":["GET"]}}],"collection":[{"href":"https:\/\/accrosport.tn\/index.php\/wp-json\/wp\/v2\/product"}],"about":[{"href":"https:\/\/accrosport.tn\/index.php\/wp-json\/wp\/v2\/types\/product"}],"wp:featuredmedia":[{"embeddable":true,"href":"https:\/\/accrosport.tn\/index.php\/wp-json\/wp\/v2\/media\/35497"}],"wp:attachment":[{"href":"https:\/\/accrosport.tn\/index.php\/wp-json\/wp\/v2\/media?parent=35486"}],"wp:term":[{"taxonomy":"product_brand","embeddable":true,"href":"https:\/\/accrosport.tn\/index.php\/wp-json\/wp\/v2\/product_brand?post=35486"},{"taxonomy":"product_cat","embeddable":true,"href":"https:\/\/accrosport.tn\/index.php\/wp-json\/wp\/v2\/product_cat?post=35486"},{"taxonomy":"product_tag","embeddable":true,"href":"https:\/\/accrosport.tn\/index.php\/wp-json\/wp\/v2\/product_tag?post=35486"}],"curies":[{"name":"wp","href":"https:\/\/api.w.org\/{rel}","templated":true}]}}