{"id":35432,"date":"2025-11-17T11:09:35","date_gmt":"2025-11-17T11:09:35","guid":{"rendered":"https:\/\/accrosport.tn\/?post_type=product&#038;p=35432"},"modified":"2025-11-17T11:34:33","modified_gmt":"2025-11-17T11:34:33","slug":"chaussures-trail-running-shock-men-25-homme-noir","status":"publish","type":"product","link":"https:\/\/accrosport.tn\/index.php\/product\/chaussures-trail-running-shock-men-25-homme-noir\/","title":{"rendered":"Chaussures trail running Shock Men 25 homme noir"},"content":{"rendered":"<p>Chaussures de trail pour homme. D\u00e9velopp\u00e9es pour l&rsquo;initiation, les chaussures Shock sont parfaites pour ceux qui veulent faire leurs premiers pas dans le trail, ou pour marcher sur des sentiers forestiers. Elles offrent un haut niveau de confort et de durabilit\u00e9.<\/p>\n<p>Tige fabriqu\u00e9e en combinant du mesh respirant avec la technologie VTS pour assurer la ventilation de la transpiration et pr\u00e9server le pied au frais pendant l&rsquo;activit\u00e9 sportive. Syst\u00e8me de serrage int\u00e9gr\u00e9 pour assurer le maintien.<\/p>\n<p>Renfort PROTECTION sur l&rsquo;avant-pied pour prot\u00e9ger les orteils contre les chocs externes et augmenter la durabilit\u00e9 des chaussures.<\/p>\n<p>Semelle interm\u00e9diaire renouvel\u00e9e en faveur de l&rsquo;amorti. Conception am\u00e9lior\u00e9e et construite avec du phylon, qui absorbe les chocs et offre une sensation agr\u00e9able en marchant ou en courant.<\/p>\n<p>Semelle en caoutchouc DURABILITY avec une excellente r\u00e9sistance \u00e0 l&rsquo;abrasion. Les dessins sp\u00e9ciaux offrent stabilit\u00e9 et adh\u00e9rence au terrain.<\/p>\n<ul class=\"featuresul\">\n<li>Tige en semi-microfibre avec maille respirante VTS<\/li>\n<li>Semelle interm\u00e9diaire en phylon<\/li>\n<li>Semelle ext\u00e9rieure en caoutchouc<\/li>\n<\/ul>\n","protected":false},"excerpt":{"rendered":"<p>Chaussures de trail pour homme. D\u00e9velopp\u00e9es pour l&rsquo;initiation, les chaussures Shock sont parfaites pour ceux qui veulent faire leurs premiers pas dans le trail, ou pour marcher sur des sentiers forestiers. Elles offrent un haut niveau de confort et de durabilit\u00e9.<\/p>\n","protected":false},"featured_media":35447,"template":"","meta":[],"product_brand":[],"product_cat":[61,33,77],"product_tag":[],"class_list":{"0":"post-35432","1":"product","2":"type-product","3":"status-publish","4":"has-post-thumbnail","6":"product_cat-chaussures-homme","7":"product_cat-homme","8":"product_cat-running","9":"pa_couleur-noir","10":"pa_taille-645","11":"pa_taille-646","12":"pa_taille-649","13":"pa_taille-650","14":"pa_taille-651","15":"pa_taille-653","16":"pa_taille-656","17":"pa_taille-719","19":"first","20":"outofstock","21":"sale","22":"purchasable","23":"product-type-variable"},"_links":{"self":[{"href":"https:\/\/accrosport.tn\/index.php\/wp-json\/wp\/v2\/product\/35432","targetHints":{"allow":["GET"]}}],"collection":[{"href":"https:\/\/accrosport.tn\/index.php\/wp-json\/wp\/v2\/product"}],"about":[{"href":"https:\/\/accrosport.tn\/index.php\/wp-json\/wp\/v2\/types\/product"}],"wp:featuredmedia":[{"embeddable":true,"href":"https:\/\/accrosport.tn\/index.php\/wp-json\/wp\/v2\/media\/35447"}],"wp:attachment":[{"href":"https:\/\/accrosport.tn\/index.php\/wp-json\/wp\/v2\/media?parent=35432"}],"wp:term":[{"taxonomy":"product_brand","embeddable":true,"href":"https:\/\/accrosport.tn\/index.php\/wp-json\/wp\/v2\/product_brand?post=35432"},{"taxonomy":"product_cat","embeddable":true,"href":"https:\/\/accrosport.tn\/index.php\/wp-json\/wp\/v2\/product_cat?post=35432"},{"taxonomy":"product_tag","embeddable":true,"href":"https:\/\/accrosport.tn\/index.php\/wp-json\/wp\/v2\/product_tag?post=35432"}],"curies":[{"name":"wp","href":"https:\/\/api.w.org\/{rel}","templated":true}]}}