{"id":35415,"date":"2025-11-17T10:55:12","date_gmt":"2025-11-17T10:55:12","guid":{"rendered":"https:\/\/accrosport.tn\/?post_type=product&#038;p=35415"},"modified":"2025-11-17T11:06:26","modified_gmt":"2025-11-17T11:06:26","slug":"chaussures-trail-running-kubor-25-homme-vert","status":"publish","type":"product","link":"https:\/\/accrosport.tn\/index.php\/product\/chaussures-trail-running-kubor-25-homme-vert\/","title":{"rendered":"Chaussures trail running Kubor 25 homme vert"},"content":{"rendered":"<p>Chaussures de trail pour homme. Mod\u00e8le am\u00e9lior\u00e9 avec une nouvelle semelle interm\u00e9diaire riche en technologie amortissante. Les Kubor ont \u00e9t\u00e9 d\u00e9velopp\u00e9es pour les coureurs de trail \u00e0 la recherche de chaussures polyvalentes compl\u00e8tes et absorbant chaque impact, ce qui est n\u00e9cessaire pour courir sur des terrains techniques de grande difficult\u00e9.<\/p>\n<p>Tige fabriqu\u00e9e en mesh technique, caract\u00e9ris\u00e9e par son haut niveau de respirabilit\u00e9 gr\u00e2ce \u00e0 la technologie VTS. Le syst\u00e8me de r\u00e9glage thermocoll\u00e9 JOMA SPORTECH permet de maintenir le pied en place tout en gardant la l\u00e9g\u00e8ret\u00e9 des chaussures.<\/p>\n<p>Renfort thermocoll\u00e9 PROTECTION sur l&rsquo;avant-pied pour une protection et une durabilit\u00e9 accrues.<\/p>\n<p>Nouvelle semelle interm\u00e9diaire avec un drop de 5 mm fabriqu\u00e9e avec FOAM REACTIVE, tr\u00e8s confortable et offrant une grande capacit\u00e9 d&rsquo;amortissement des chocs lors de la course.<\/p>\n<p>Semelle en caoutchouc DURABILITY r\u00e9sistante \u00e0 l&rsquo;usure propre aux sorties sur terrains techniques. Avec une forme large pour offrir un meilleur soutien et confort lors de la course.<\/p>\n<ul class=\"featuresul\">\n<li>Empeigne en mesh respirant VTS<\/li>\n<li>Coupe avec syst\u00e8me de r\u00e9glage thermosoud\u00e9 SPORTECH<\/li>\n<li>Coupe avec syst\u00e8me de protection thermosoud\u00e9e PROTECTION<\/li>\n<li>Semelle interm\u00e9diaire avec MOUSSE R\u00c9ACTIVE<\/li>\n<li>Semelle ext\u00e9rieure DURABILITY en caoutchouc<\/li>\n<\/ul>\n","protected":false},"excerpt":{"rendered":"<p>Chaussures de trail pour homme. Mod\u00e8le am\u00e9lior\u00e9 avec une nouvelle semelle interm\u00e9diaire riche en technologie amortissante. Les Kubor ont \u00e9t\u00e9 d\u00e9velopp\u00e9es pour les coureurs de trail \u00e0 la recherche de chaussures polyvalentes compl\u00e8tes et absorbant chaque impact, ce qui est n\u00e9cessaire pour courir sur des terrains techniques de grande difficult\u00e9.<\/p>\n","protected":false},"featured_media":35424,"template":"","meta":[],"product_brand":[],"product_cat":[61,33,77],"product_tag":[],"class_list":{"0":"post-35415","1":"product","2":"type-product","3":"status-publish","4":"has-post-thumbnail","6":"product_cat-chaussures-homme","7":"product_cat-homme","8":"product_cat-running","9":"pa_couleur-verde","10":"pa_taille-645","11":"pa_taille-646","12":"pa_taille-649","13":"pa_taille-650","14":"pa_taille-651","15":"pa_taille-653","17":"first","18":"outofstock","19":"sale","20":"purchasable","21":"product-type-variable"},"_links":{"self":[{"href":"https:\/\/accrosport.tn\/index.php\/wp-json\/wp\/v2\/product\/35415","targetHints":{"allow":["GET"]}}],"collection":[{"href":"https:\/\/accrosport.tn\/index.php\/wp-json\/wp\/v2\/product"}],"about":[{"href":"https:\/\/accrosport.tn\/index.php\/wp-json\/wp\/v2\/types\/product"}],"wp:featuredmedia":[{"embeddable":true,"href":"https:\/\/accrosport.tn\/index.php\/wp-json\/wp\/v2\/media\/35424"}],"wp:attachment":[{"href":"https:\/\/accrosport.tn\/index.php\/wp-json\/wp\/v2\/media?parent=35415"}],"wp:term":[{"taxonomy":"product_brand","embeddable":true,"href":"https:\/\/accrosport.tn\/index.php\/wp-json\/wp\/v2\/product_brand?post=35415"},{"taxonomy":"product_cat","embeddable":true,"href":"https:\/\/accrosport.tn\/index.php\/wp-json\/wp\/v2\/product_cat?post=35415"},{"taxonomy":"product_tag","embeddable":true,"href":"https:\/\/accrosport.tn\/index.php\/wp-json\/wp\/v2\/product_tag?post=35415"}],"curies":[{"name":"wp","href":"https:\/\/api.w.org\/{rel}","templated":true}]}}