{"id":33005,"date":"2025-10-03T09:52:45","date_gmt":"2025-10-03T09:52:45","guid":{"rendered":"https:\/\/accrosport.tn\/index.php\/product\/ferro-jr-2505-azul\/"},"modified":"2026-03-16T10:54:52","modified_gmt":"2026-03-16T10:54:52","slug":"ferro-jr-2505-azul","status":"publish","type":"product","link":"https:\/\/accrosport.tn\/index.php\/product\/ferro-jr-2505-azul\/","title":{"rendered":"Chaussures casual Ferro Jr 25 junior bleu"},"content":{"rendered":"<p>Chaussures de course pour gar\u00e7on\/fille. Ces baskets polyvalentes ont \u00e9t\u00e9 d\u00e9velopp\u00e9es pour la phase d&rsquo;initiation, ainsi que pour toute activit\u00e9 quotidienne. Elles combinent qualit\u00e9, confort et durabilit\u00e9 pour supporter les exigences des plus petits.<\/p>\n<p>Tige construite en mesh respirant, assurant une ventilation correcte de la transpiration gr\u00e2ce \u00e0 la technologie VTS. Elles comportent \u00e9galement du cuir synth\u00e9tique pour ajuster et donner de la consistance \u00e0 la partie sup\u00e9rieure, accompagn\u00e9 d&rsquo;une fermeture velcro. L&#8217;embout a \u00e9t\u00e9 renforc\u00e9 avec la technologie PROTECTION, utilisant la technique de thermoscellage.<\/p>\n<p>La semelle interm\u00e9diaire en phylon d&rsquo;une seule pi\u00e8ce. Ce mat\u00e9riau l\u00e9ger et flexible offre un bon amorti.<\/p>\n<p>Semelle en caoutchouc DURABILITY avec une bonne r\u00e9sistance \u00e0 l&rsquo;abrasion et une haute durabilit\u00e9.<\/p>\n<ul class=\"featuresul\">\n<li>Empeigne en cuir synth\u00e9tique avec maille respirante VTS<\/li>\n<li>Semelle interm\u00e9diaire en phylon<\/li>\n<li>Semelle ext\u00e9rieure DURABILITY en caoutchouc<\/li>\n<\/ul>\n","protected":false},"excerpt":{"rendered":"<p>Chaussures de course pour gar\u00e7on\/fille. Ces baskets polyvalentes ont \u00e9t\u00e9 d\u00e9velopp\u00e9es pour la phase d&rsquo;initiation, ainsi que pour toute activit\u00e9 quotidienne. Elles combinent qualit\u00e9, confort et durabilit\u00e9 pour supporter les exigences des plus petits.<\/p>\n","protected":false},"featured_media":33174,"template":"","meta":[],"product_brand":[],"product_cat":[84,69,49],"product_tag":[],"class_list":{"0":"post-33005","1":"product","2":"type-product","3":"status-publish","4":"has-post-thumbnail","6":"product_cat-casual-chaussures-enfant","7":"product_cat-chaussures-enfant","8":"product_cat-enfant","9":"pa_couleur-blue","10":"pa_taille-674","11":"pa_taille-676","12":"pa_taille-678","13":"pa_taille-682","14":"pa_taille-671","15":"pa_taille-667","16":"pa_taille-668","17":"pa_taille-669","18":"pa_taille-670","19":"pa_taille-641","21":"first","22":"outofstock","23":"sale","24":"purchasable","25":"product-type-variable"},"_links":{"self":[{"href":"https:\/\/accrosport.tn\/index.php\/wp-json\/wp\/v2\/product\/33005","targetHints":{"allow":["GET"]}}],"collection":[{"href":"https:\/\/accrosport.tn\/index.php\/wp-json\/wp\/v2\/product"}],"about":[{"href":"https:\/\/accrosport.tn\/index.php\/wp-json\/wp\/v2\/types\/product"}],"wp:featuredmedia":[{"embeddable":true,"href":"https:\/\/accrosport.tn\/index.php\/wp-json\/wp\/v2\/media\/33174"}],"wp:attachment":[{"href":"https:\/\/accrosport.tn\/index.php\/wp-json\/wp\/v2\/media?parent=33005"}],"wp:term":[{"taxonomy":"product_brand","embeddable":true,"href":"https:\/\/accrosport.tn\/index.php\/wp-json\/wp\/v2\/product_brand?post=33005"},{"taxonomy":"product_cat","embeddable":true,"href":"https:\/\/accrosport.tn\/index.php\/wp-json\/wp\/v2\/product_cat?post=33005"},{"taxonomy":"product_tag","embeddable":true,"href":"https:\/\/accrosport.tn\/index.php\/wp-json\/wp\/v2\/product_tag?post=33005"}],"curies":[{"name":"wp","href":"https:\/\/api.w.org\/{rel}","templated":true}]}}