{"id":32958,"date":"2025-10-03T09:52:36","date_gmt":"2025-10-03T09:52:36","guid":{"rendered":"https:\/\/accrosport.tn\/index.php\/product\/aquiles-jr-2501-negro\/"},"modified":"2025-10-14T11:53:51","modified_gmt":"2025-10-14T11:53:51","slug":"aquiles-jr-2501-negro","status":"publish","type":"product","link":"https:\/\/accrosport.tn\/index.php\/product\/aquiles-jr-2501-negro\/","title":{"rendered":"Chaussures casual Aquiles Jr 2501 junior noir"},"content":{"rendered":"<ul class=\"featuresul\">\n<li>Empeigne en mesh respirant VTS<\/li>\n<li>Coupe avec syst\u00e8me de r\u00e9glage thermosoud\u00e9 SPORTECH<\/li>\n<li>Coupe avec syst\u00e8me de protection thermosoud\u00e9e PROTECTION<\/li>\n<li>Semelle en phylon avec une bonne combinaison entre amorti et stabilit\u00e9<\/li>\n<\/ul>\n","protected":false},"excerpt":{"rendered":"<p>Empeigne en mesh respirant VTS Coupe avec syst\u00e8me de r\u00e9glage thermosoud\u00e9 SPORTECH Coupe avec syst\u00e8me de protection thermosoud\u00e9e PROTECTION Semelle en phylon avec une bonne combinaison entre amorti et stabilit\u00e9<\/p>\n","protected":false},"featured_media":33217,"template":"","meta":[],"product_brand":[],"product_cat":[84,69,49],"product_tag":[],"class_list":{"0":"post-32958","1":"product","2":"type-product","3":"status-publish","4":"has-post-thumbnail","6":"product_cat-casual-chaussures-enfant","7":"product_cat-chaussures-enfant","8":"product_cat-enfant","9":"pa_couleur-noir","10":"pa_taille-689","11":"pa_taille-674","12":"pa_taille-676","13":"pa_taille-678","14":"pa_taille-682","15":"pa_taille-671","16":"pa_taille-667","17":"pa_taille-668","18":"pa_taille-669","20":"first","21":"outofstock","22":"sale","23":"purchasable","24":"product-type-variable"},"_links":{"self":[{"href":"https:\/\/accrosport.tn\/index.php\/wp-json\/wp\/v2\/product\/32958","targetHints":{"allow":["GET"]}}],"collection":[{"href":"https:\/\/accrosport.tn\/index.php\/wp-json\/wp\/v2\/product"}],"about":[{"href":"https:\/\/accrosport.tn\/index.php\/wp-json\/wp\/v2\/types\/product"}],"wp:featuredmedia":[{"embeddable":true,"href":"https:\/\/accrosport.tn\/index.php\/wp-json\/wp\/v2\/media\/33217"}],"wp:attachment":[{"href":"https:\/\/accrosport.tn\/index.php\/wp-json\/wp\/v2\/media?parent=32958"}],"wp:term":[{"taxonomy":"product_brand","embeddable":true,"href":"https:\/\/accrosport.tn\/index.php\/wp-json\/wp\/v2\/product_brand?post=32958"},{"taxonomy":"product_cat","embeddable":true,"href":"https:\/\/accrosport.tn\/index.php\/wp-json\/wp\/v2\/product_cat?post=32958"},{"taxonomy":"product_tag","embeddable":true,"href":"https:\/\/accrosport.tn\/index.php\/wp-json\/wp\/v2\/product_tag?post=32958"}],"curies":[{"name":"wp","href":"https:\/\/api.w.org\/{rel}","templated":true}]}}