{"id":32910,"date":"2025-10-03T09:52:22","date_gmt":"2025-10-03T09:52:22","guid":{"rendered":"https:\/\/accrosport.tn\/index.php\/product\/platea-low-jr-2513-rosa\/"},"modified":"2025-10-06T13:05:15","modified_gmt":"2025-10-06T13:05:15","slug":"platea-low-jr-2513-rosa","status":"publish","type":"product","link":"https:\/\/accrosport.tn\/index.php\/product\/platea-low-jr-2513-rosa\/","title":{"rendered":"Chaussures casual Platea Low Jr 2513 junior rose"},"content":{"rendered":"<ul class=\"featuresul\">\n<li>Dessus en cuir synth\u00e9tique avec syst\u00e8me de ventilation VTS<\/li>\n<li>Semelle ext\u00e9rieure DURABILITY en caoutchouc<\/li>\n<\/ul>\n","protected":false},"excerpt":{"rendered":"<p>Dessus en cuir synth\u00e9tique avec syst\u00e8me de ventilation VTS Semelle ext\u00e9rieure DURABILITY en caoutchouc<\/p>\n","protected":false},"featured_media":33242,"template":"","meta":[],"product_brand":[],"product_cat":[84,69,49],"product_tag":[],"class_list":{"0":"post-32910","1":"product","2":"type-product","3":"status-publish","4":"has-post-thumbnail","6":"product_cat-casual-chaussures-enfant","7":"product_cat-chaussures-enfant","8":"product_cat-enfant","9":"pa_couleur-pink","10":"pa_taille-671","11":"pa_taille-667","12":"pa_taille-668","13":"pa_taille-669","14":"pa_taille-670","15":"pa_taille-641","16":"pa_taille-643","17":"pa_taille-655","19":"first","20":"outofstock","21":"sale","22":"purchasable","23":"product-type-variable"},"_links":{"self":[{"href":"https:\/\/accrosport.tn\/index.php\/wp-json\/wp\/v2\/product\/32910","targetHints":{"allow":["GET"]}}],"collection":[{"href":"https:\/\/accrosport.tn\/index.php\/wp-json\/wp\/v2\/product"}],"about":[{"href":"https:\/\/accrosport.tn\/index.php\/wp-json\/wp\/v2\/types\/product"}],"wp:featuredmedia":[{"embeddable":true,"href":"https:\/\/accrosport.tn\/index.php\/wp-json\/wp\/v2\/media\/33242"}],"wp:attachment":[{"href":"https:\/\/accrosport.tn\/index.php\/wp-json\/wp\/v2\/media?parent=32910"}],"wp:term":[{"taxonomy":"product_brand","embeddable":true,"href":"https:\/\/accrosport.tn\/index.php\/wp-json\/wp\/v2\/product_brand?post=32910"},{"taxonomy":"product_cat","embeddable":true,"href":"https:\/\/accrosport.tn\/index.php\/wp-json\/wp\/v2\/product_cat?post=32910"},{"taxonomy":"product_tag","embeddable":true,"href":"https:\/\/accrosport.tn\/index.php\/wp-json\/wp\/v2\/product_tag?post=32910"}],"curies":[{"name":"wp","href":"https:\/\/api.w.org\/{rel}","templated":true}]}}