{"id":32861,"date":"2025-10-03T09:52:14","date_gmt":"2025-10-03T09:52:14","guid":{"rendered":"https:\/\/accrosport.tn\/index.php\/product\/origen-jr-2506-red\/"},"modified":"2025-10-06T13:35:55","modified_gmt":"2025-10-06T13:35:55","slug":"origen-jr-2506-red","status":"publish","type":"product","link":"https:\/\/accrosport.tn\/index.php\/product\/origen-jr-2506-red\/","title":{"rendered":"Chaussures casual Origen Jr 2506 junior rouge"},"content":{"rendered":"<ul class=\"featuresul\">\n<li>Empeigne en cuir synth\u00e9tique avec maille respirante VTS<\/li>\n<li>Semelle interm\u00e9diaire confortable<\/li>\n<li>Semelle ext\u00e9rieure DURABILITY en caoutchouc<\/li>\n<\/ul>\n","protected":false},"excerpt":{"rendered":"<p>Empeigne en cuir synth\u00e9tique avec maille respirante VTS Semelle interm\u00e9diaire confortable Semelle ext\u00e9rieure DURABILITY en caoutchouc<\/p>\n","protected":false},"featured_media":33256,"template":"","meta":[],"product_brand":[],"product_cat":[15],"product_tag":[],"class_list":{"0":"post-32861","1":"product","2":"type-product","3":"status-publish","4":"has-post-thumbnail","6":"product_cat-fitness","8":"first","9":"outofstock","10":"purchasable","11":"product-type-simple"},"_links":{"self":[{"href":"https:\/\/accrosport.tn\/index.php\/wp-json\/wp\/v2\/product\/32861","targetHints":{"allow":["GET"]}}],"collection":[{"href":"https:\/\/accrosport.tn\/index.php\/wp-json\/wp\/v2\/product"}],"about":[{"href":"https:\/\/accrosport.tn\/index.php\/wp-json\/wp\/v2\/types\/product"}],"wp:featuredmedia":[{"embeddable":true,"href":"https:\/\/accrosport.tn\/index.php\/wp-json\/wp\/v2\/media\/33256"}],"wp:attachment":[{"href":"https:\/\/accrosport.tn\/index.php\/wp-json\/wp\/v2\/media?parent=32861"}],"wp:term":[{"taxonomy":"product_brand","embeddable":true,"href":"https:\/\/accrosport.tn\/index.php\/wp-json\/wp\/v2\/product_brand?post=32861"},{"taxonomy":"product_cat","embeddable":true,"href":"https:\/\/accrosport.tn\/index.php\/wp-json\/wp\/v2\/product_cat?post=32861"},{"taxonomy":"product_tag","embeddable":true,"href":"https:\/\/accrosport.tn\/index.php\/wp-json\/wp\/v2\/product_tag?post=32861"}],"curies":[{"name":"wp","href":"https:\/\/api.w.org\/{rel}","templated":true}]}}