{"id":32774,"date":"2025-10-03T09:51:51","date_gmt":"2025-10-03T09:51:51","guid":{"rendered":"https:\/\/accrosport.tn\/index.php\/product\/s-madeira-men-2503-navy\/"},"modified":"2025-11-14T13:31:25","modified_gmt":"2025-11-14T13:31:25","slug":"s-madeira-men-2503-navy","status":"publish","type":"product","link":"https:\/\/accrosport.tn\/index.php\/product\/s-madeira-men-2503-navy\/","title":{"rendered":"Claquettes Hommes JOMA S.MADEIRA MEN 2503 NAVY SMADES2503"},"content":{"rendered":"","protected":false},"excerpt":{"rendered":"<p>Le mod\u00e8le S.MADEIRA MEN 2503 Navy incarne l\u2019\u00e9quilibre parfait entre style et confort. Sa teinte bleu marine \u00e9l\u00e9gante s\u2019adapte \u00e0 une vari\u00e9t\u00e9 de tenues, du plus casual au plus habill\u00e9. Fabriqu\u00e9 avec des mat\u00e9riaux de qualit\u00e9, il assure solidit\u00e9, l\u00e9g\u00e8ret\u00e9 et un bon maintien. Un choix id\u00e9al pour l\u2019homme moderne en qu\u00eate d\u2019un look sobre mais affirm\u00e9.<\/p>\n","protected":false},"featured_media":35330,"template":"","meta":[],"product_brand":[],"product_cat":[61,33,88],"product_tag":[],"class_list":{"0":"post-32774","1":"product","2":"type-product","3":"status-publish","4":"has-post-thumbnail","6":"product_cat-chaussures-homme","7":"product_cat-homme","8":"product_cat-tongs-et-claquettes-chaussures-homme","9":"pa_couleur-navy-blue","10":"pa_taille-645","11":"pa_taille-646","12":"pa_taille-649","13":"pa_taille-650","14":"pa_taille-651","15":"pa_taille-653","16":"pa_taille-656","18":"first","19":"outofstock","20":"purchasable","21":"product-type-variable"},"_links":{"self":[{"href":"https:\/\/accrosport.tn\/index.php\/wp-json\/wp\/v2\/product\/32774","targetHints":{"allow":["GET"]}}],"collection":[{"href":"https:\/\/accrosport.tn\/index.php\/wp-json\/wp\/v2\/product"}],"about":[{"href":"https:\/\/accrosport.tn\/index.php\/wp-json\/wp\/v2\/types\/product"}],"wp:featuredmedia":[{"embeddable":true,"href":"https:\/\/accrosport.tn\/index.php\/wp-json\/wp\/v2\/media\/35330"}],"wp:attachment":[{"href":"https:\/\/accrosport.tn\/index.php\/wp-json\/wp\/v2\/media?parent=32774"}],"wp:term":[{"taxonomy":"product_brand","embeddable":true,"href":"https:\/\/accrosport.tn\/index.php\/wp-json\/wp\/v2\/product_brand?post=32774"},{"taxonomy":"product_cat","embeddable":true,"href":"https:\/\/accrosport.tn\/index.php\/wp-json\/wp\/v2\/product_cat?post=32774"},{"taxonomy":"product_tag","embeddable":true,"href":"https:\/\/accrosport.tn\/index.php\/wp-json\/wp\/v2\/product_tag?post=32774"}],"curies":[{"name":"wp","href":"https:\/\/api.w.org\/{rel}","templated":true}]}}