{"id":32719,"date":"2025-10-03T09:51:41","date_gmt":"2025-10-03T09:51:41","guid":{"rendered":"https:\/\/accrosport.tn\/index.php\/product\/s-gomera-men-2503-navy\/"},"modified":"2025-12-18T10:47:28","modified_gmt":"2025-12-18T10:47:28","slug":"s-gomera-men-2503-navy","status":"publish","type":"product","link":"https:\/\/accrosport.tn\/index.php\/product\/s-gomera-men-2503-navy\/","title":{"rendered":"Claquettes Hommes JOMA S.GOMERA MEN 2503 NAVY"},"content":{"rendered":"","protected":false},"excerpt":{"rendered":"<p>Le mod\u00e8le S.GOMERA MEN 2503 Navy allie \u00e9l\u00e9gance et confort pour un style masculin affirm\u00e9. Sa teinte bleu marine apporte une touche moderne et sobre, id\u00e9ale pour toutes les occasions. Confectionn\u00e9 avec des mat\u00e9riaux de qualit\u00e9, il offre un excellent maintien et une durabilit\u00e9 optimale. Parfait pour un look \u00e0 la fois d\u00e9contract\u00e9 et raffin\u00e9.<\/p>\n","protected":false},"featured_media":35337,"template":"","meta":[],"product_brand":[],"product_cat":[61,33,88],"product_tag":[],"class_list":{"0":"post-32719","1":"product","2":"type-product","3":"status-publish","4":"has-post-thumbnail","6":"product_cat-chaussures-homme","7":"product_cat-homme","8":"product_cat-tongs-et-claquettes-chaussures-homme","9":"pa_couleur-navy-blue","10":"pa_taille-644","11":"pa_taille-645","12":"pa_taille-646","13":"pa_taille-649","14":"pa_taille-650","15":"pa_taille-651","16":"pa_taille-653","17":"pa_taille-656","19":"first","20":"outofstock","21":"purchasable","22":"product-type-variable"},"_links":{"self":[{"href":"https:\/\/accrosport.tn\/index.php\/wp-json\/wp\/v2\/product\/32719","targetHints":{"allow":["GET"]}}],"collection":[{"href":"https:\/\/accrosport.tn\/index.php\/wp-json\/wp\/v2\/product"}],"about":[{"href":"https:\/\/accrosport.tn\/index.php\/wp-json\/wp\/v2\/types\/product"}],"wp:featuredmedia":[{"embeddable":true,"href":"https:\/\/accrosport.tn\/index.php\/wp-json\/wp\/v2\/media\/35337"}],"wp:attachment":[{"href":"https:\/\/accrosport.tn\/index.php\/wp-json\/wp\/v2\/media?parent=32719"}],"wp:term":[{"taxonomy":"product_brand","embeddable":true,"href":"https:\/\/accrosport.tn\/index.php\/wp-json\/wp\/v2\/product_brand?post=32719"},{"taxonomy":"product_cat","embeddable":true,"href":"https:\/\/accrosport.tn\/index.php\/wp-json\/wp\/v2\/product_cat?post=32719"},{"taxonomy":"product_tag","embeddable":true,"href":"https:\/\/accrosport.tn\/index.php\/wp-json\/wp\/v2\/product_tag?post=32719"}],"curies":[{"name":"wp","href":"https:\/\/api.w.org\/{rel}","templated":true}]}}