{"id":32681,"date":"2025-10-03T09:51:32","date_gmt":"2025-10-03T09:51:32","guid":{"rendered":"https:\/\/accrosport.tn\/index.php\/product\/slam-lady-2529-rosa\/"},"modified":"2025-11-27T08:19:51","modified_gmt":"2025-11-27T08:19:51","slug":"slam-lady-2529-rosa","status":"publish","type":"product","link":"https:\/\/accrosport.tn\/index.php\/product\/slam-lady-2529-rosa\/","title":{"rendered":"Chaussures Slam Lady 2529 femme rose"},"content":{"rendered":"<p>Chaussures de padel pour femme. Haut de gamme, performance maximale et technologie dans une seule chaussure d\u00e9velopp\u00e9e pour le padel professionnel. Destin\u00e9es aux joueuses avec une bonne technique qui ont besoin du maximum en amorti, stabilit\u00e9 et protection. Test\u00e9es par des joueurs comme l&rsquo;ancienne num\u00e9ro 1 mondiale Carolina Navarro et Juanlu Esbr\u00ed. Tige en mesh respirant et ventil\u00e9 par la technologie VTS. Syst\u00e8me thermoscell\u00e9 JOMA SPORTECH pour un ajustement confortable au pied. Renfort en caoutchouc incorpor\u00e9 formant le syst\u00e8me PROTECTION. Semelle interm\u00e9diaire DUAL REACTIVE avec phylon stable absorbant les chocs et technologie REACTIVE BALL pour maximiser l&rsquo;absorption des chocs et le retour d&rsquo;\u00e9nergie. \u00c9quip\u00e9e d&rsquo;une pi\u00e8ce STABILIS au m\u00e9dio-pied pour \u00e9viter les torsions. Semelle Omni en caoutchouc DURABILITY avec petits crampons circulaires pour une meilleure durabilit\u00e9 sur les surfaces dures et faciliter les glissades pour atteindre plus rapidement la balle.<\/p>\n","protected":false},"excerpt":{"rendered":"<p>Chaussures de padel pour femme. Haut de gamme, performance maximale et technologie dans une seule chaussure d\u00e9velopp\u00e9e pour le padel professionnel. <\/p>\n","protected":false},"featured_media":36274,"template":"","meta":[],"product_brand":[],"product_cat":[57,42,276],"product_tag":[],"class_list":{"0":"post-32681","1":"product","2":"type-product","3":"status-publish","4":"has-post-thumbnail","6":"product_cat-chaussures","7":"product_cat-femme","8":"product_cat-padel-femme","9":"pa_couleur-pink","10":"pa_taille-643","12":"first","13":"instock","14":"purchasable","15":"product-type-simple"},"_links":{"self":[{"href":"https:\/\/accrosport.tn\/index.php\/wp-json\/wp\/v2\/product\/32681","targetHints":{"allow":["GET"]}}],"collection":[{"href":"https:\/\/accrosport.tn\/index.php\/wp-json\/wp\/v2\/product"}],"about":[{"href":"https:\/\/accrosport.tn\/index.php\/wp-json\/wp\/v2\/types\/product"}],"wp:featuredmedia":[{"embeddable":true,"href":"https:\/\/accrosport.tn\/index.php\/wp-json\/wp\/v2\/media\/36274"}],"wp:attachment":[{"href":"https:\/\/accrosport.tn\/index.php\/wp-json\/wp\/v2\/media?parent=32681"}],"wp:term":[{"taxonomy":"product_brand","embeddable":true,"href":"https:\/\/accrosport.tn\/index.php\/wp-json\/wp\/v2\/product_brand?post=32681"},{"taxonomy":"product_cat","embeddable":true,"href":"https:\/\/accrosport.tn\/index.php\/wp-json\/wp\/v2\/product_cat?post=32681"},{"taxonomy":"product_tag","embeddable":true,"href":"https:\/\/accrosport.tn\/index.php\/wp-json\/wp\/v2\/product_tag?post=32681"}],"curies":[{"name":"wp","href":"https:\/\/api.w.org\/{rel}","templated":true}]}}