{"id":32649,"date":"2025-10-03T09:51:23","date_gmt":"2025-10-03T09:51:23","guid":{"rendered":"https:\/\/accrosport.tn\/index.php\/product\/slam-lady-2401-negro\/"},"modified":"2025-10-07T09:59:18","modified_gmt":"2025-10-07T09:59:18","slug":"slam-lady-2401-negro","status":"publish","type":"product","link":"https:\/\/accrosport.tn\/index.php\/product\/slam-lady-2401-negro\/","title":{"rendered":"Chaussures Slam Lady 2401 femme noir"},"content":{"rendered":"<p>La nouvelle Slam arrive, le mod\u00e8le de chaussures de padel destin\u00e9 aux joueuses professionnelles avec une refonte compl\u00e8te du design et de la technologie. Elle conserve toujours son niveau maximal d&rsquo;adh\u00e9rence, de protection, de stabilit\u00e9 et d&rsquo;amorti.<\/p>\n<p>La tige est fabriqu\u00e9e, tout d&rsquo;abord, avec un mesh respirant, qui pr\u00e9sente une finition \u00e9l\u00e9gante en Jacquard avec des perforations VTS. Gr\u00e2ce \u00e0 cette technologie, la ventilation de la transpiration est assur\u00e9e. Deuxi\u00e8mement, elle comporte le syst\u00e8me de r\u00e9glage thermoscell\u00e9 JOMA SPORTECH dans des zones strat\u00e9giques, tandis que la m\u00eame technique a \u00e9t\u00e9 utilis\u00e9e \u00e0 l&rsquo;avant pour cr\u00e9er la technologie PROTECTION. L&rsquo;ensemble est une coupe l\u00e9g\u00e8re, flexible et offrant un haut niveau de maintien.<\/p>\n<p>La semelle interm\u00e9diaire adopte une nouvelle forme, tout en incorporant toujours la technologie DUAL REACTIVE, compos\u00e9e de phylon sup\u00e9rieur et de REACTIVE BALL inf\u00e9rieur. On atteint l&rsquo;\u00e9quilibre parfait entre amorti, r\u00e9activit\u00e9 et stabilit\u00e9, cette derni\u00e8re \u00e9tant renforc\u00e9e par la pi\u00e8ce STABILIS.<\/p>\n<p>La semelle Omni en caoutchouc DURABILITY est compos\u00e9e de petits crampons circulaires pour am\u00e9liorer la durabilit\u00e9 sur les surfaces dures. Elle facilite les glissements pour arriver plus rapidement \u00e0 la balle. Elle int\u00e8gre la structure g\u00e9om\u00e9trique ROTATION pour faciliter les virages.<\/p>\n<ul class=\"featuresul\">\n<li>Coupe en jacquard avec mesh respirant VTS<\/li>\n<li>Semelle en caoutchouc avec les technologies DURABILITY et ROTATION<\/li>\n<\/ul>\n","protected":false},"excerpt":{"rendered":"<p>La nouvelle Slam arrive, le mod\u00e8le de chaussures de padel destin\u00e9 aux joueuses professionnelles avec une refonte compl\u00e8te du design et de la technologie. Elle conserve toujours son niveau maximal d&rsquo;adh\u00e9rence, de protection, de stabilit\u00e9 et d&rsquo;amorti.<\/p>\n","protected":false},"featured_media":33352,"template":"","meta":[],"product_brand":[],"product_cat":[57,42,276],"product_tag":[],"class_list":{"0":"post-32649","1":"product","2":"type-product","3":"status-publish","4":"has-post-thumbnail","6":"product_cat-chaussures","7":"product_cat-femme","8":"product_cat-padel-femme","9":"pa_couleur-noir","10":"pa_taille-643","11":"pa_taille-655","12":"pa_taille-644","13":"pa_taille-645","14":"pa_taille-646","16":"first","17":"outofstock","18":"sale","19":"purchasable","20":"product-type-variable"},"_links":{"self":[{"href":"https:\/\/accrosport.tn\/index.php\/wp-json\/wp\/v2\/product\/32649","targetHints":{"allow":["GET"]}}],"collection":[{"href":"https:\/\/accrosport.tn\/index.php\/wp-json\/wp\/v2\/product"}],"about":[{"href":"https:\/\/accrosport.tn\/index.php\/wp-json\/wp\/v2\/types\/product"}],"wp:featuredmedia":[{"embeddable":true,"href":"https:\/\/accrosport.tn\/index.php\/wp-json\/wp\/v2\/media\/33352"}],"wp:attachment":[{"href":"https:\/\/accrosport.tn\/index.php\/wp-json\/wp\/v2\/media?parent=32649"}],"wp:term":[{"taxonomy":"product_brand","embeddable":true,"href":"https:\/\/accrosport.tn\/index.php\/wp-json\/wp\/v2\/product_brand?post=32649"},{"taxonomy":"product_cat","embeddable":true,"href":"https:\/\/accrosport.tn\/index.php\/wp-json\/wp\/v2\/product_cat?post=32649"},{"taxonomy":"product_tag","embeddable":true,"href":"https:\/\/accrosport.tn\/index.php\/wp-json\/wp\/v2\/product_tag?post=32649"}],"curies":[{"name":"wp","href":"https:\/\/api.w.org\/{rel}","templated":true}]}}